{"id":170,"date":"2020-07-01T18:39:11","date_gmt":"2020-07-01T15:39:11","guid":{"rendered":"https:\/\/ihanpihkassa.fi\/?page_id=170"},"modified":"2025-10-04T16:27:58","modified_gmt":"2025-10-04T13:27:58","slug":"tilaaminen-ja-toimitusehdot","status":"publish","type":"page","link":"https:\/\/ihanpihkassa.fi\/en\/tilaaminen-ja-toimitusehdot\/","title":{"rendered":"Shipping Terms and Ordering"},"content":{"rendered":"<h2 class=\"wp-block-heading\" id=\"tilaaminen\">Ordering<\/h2>\n\n\n\n<p class=\"has-text-align-left wp-block-paragraph\">Ordering from us is easy. Just choose the products you like from the Shop page and add those to your cart. From your cart you can move to the checkout where you fill your information for shipping and choose the shipping method and payment method. After the order is placed, we send you a confirmation where you can see the details of your order. If the confirmation hasn't arrived after a short time, you might want to check your spam folder. With your package, you receive more information about returns and reclamations. If you have anything to ask, you can contact us via a contact form on our website, an email to info@ihanpihkassa.fi or a message on social media, like Facebook or Instagram.<br><br>If you wish to place an order to \u00c5land, please contact us first.<\/p>\n\n\n\n<h2 class=\"wp-block-heading\" id=\"toimitustavat\">Shipping Methods<\/h2>\n\n\n\n<p class=\"wp-block-paragraph\"><strong>Free shipping for order over 40\u20ac<\/strong>. Our average delivery time is 1-5 business days. Please note that during peak seasons, delivery times may be longer than usual. We always notify the customer in case of any delays. If your order is time-sensitive, feel free to contact us, and we'll see what we can do. We will send additional information about the delivery via email. If your order fits in a mailbox or envelope, we will send it directly to the address you provided. In this case, you don't need to pick up the package separately; it will arrive in your mailbox.<br><br>If you have any questions, you can contact us through the contact form on our website, by sending an email to info@ihanpihkassa.fi, or by sending a message through our social media channels on Facebook or Instagram.<\/p>\n\n\n\n<h4 class=\"wp-block-heading\" id=\"posti\">Posti<\/h4>\n\n\n\n<p class=\"wp-block-paragraph\">Toimitus l\u00e4himp\u00e4\u00e4n Postin toimipisteeseen maksaa 5,90\u20ac. Mik\u00e4li ostosten summa ylitt\u00e4\u00e4 50\u20ac, on toimitus ilmainen. Posti s\u00e4ilytt\u00e4\u00e4 pakettia toimipisteess\u00e4\u00e4n\u00a07 p\u00e4iv\u00e4\u00e4, jonka j\u00e4lkeen tilaus palautetaan l\u00e4hett\u00e4j\u00e4lle. Huomaa kuitenkin, ett\u00e4 paketin noutamatta j\u00e4tt\u00e4minen ei ole palautus. Asiakas vastaa noutamatta j\u00e4tetyn paketin palautuskustannuksista.\u00a0Toimitusaika on keskim\u00e4\u00e4rin 1-5 arkip\u00e4iv\u00e4\u00e4.<\/p>\n\n\n\n<h4 class=\"wp-block-heading\" id=\"matkahuolto\">Matkahuolto<\/h4>\n\n\n\n<p class=\"wp-block-paragraph\">Toimitus Matkahuollon toimipisteeseen maksaa 5,90\u20ac. Mik\u00e4li ostosten summa ylitt\u00e4\u00e4 50\u20ac, on toimitus ilmainen. Toimitamme tilaukset l\u00e4ht\u00f6kohtaisesti osoitettasi l\u00e4himp\u00e4n\u00e4 olevaan toimipisteeseen. Huomaa, ett\u00e4 paketin noutamatta j\u00e4tt\u00e4minen ei ole palautus.\u00a0\u00a0Toimitusaika on keskim\u00e4\u00e4rin 1-5 arkip\u00e4iv\u00e4\u00e4.<\/p>\n\n\n\n<h4 class=\"wp-block-heading\" id=\"nouto\">Pick up<\/h4>\n\n\n\n<p class=\"wp-block-paragraph\">You can also pick up your order from our office\/store in Kemi. Our address is Kaivokatu 10 C 1, 94100 Kemi. We don't have regular hours so the pick up time will be set with you. We will contact you to agree on the pick up time. Pick up is always free. Your order will be ready within 1-5 business days.<\/p>\n\n\n\n<h2 class=\"wp-block-heading\" id=\"maksutavat\">Payment Methods<\/h2>\n\n\n\n<p class=\"wp-block-paragraph\">Our online store's payment service provider is Visma Pay (Visma Payments Oy, Business ID 2486559-4), which is registered in the payment institution register maintained by the Finnish Financial Supervisory Authority. Payment is made through the Visma Pay online service, and on the bank statement and invoice, the payment recipient is indicated as Visma Pay or Visma Payments Oy. Visma Pay facilitates payments for the online retailer. Payment is secure, as all payment transaction details are transmitted using encrypted connections, ensuring that no third party can access payment information.<br><br>Through the Visma Pay service, you can make payments using online banking credentials, digital wallets, credit\/debit cards, invoices, or installment payments. The following payment methods are available: <strong>Osuuspankki, Nordea, Danske Bank, Oma S\u00e4\u00e4st\u00f6pankki, S\u00e4\u00e4st\u00f6pankki, Aktia, Paikallisosuuspankit, S-Pankki, Handelsbanken, \u00c5landsbanken, MobilePay, Masterpass, Pivo, Visa-, Visa Debit-, Visa Electron-, MasterCard- ja Debit MasterCard -kortit, sek\u00e4 Jousto, Fellow Lasku ja Fellow Yrityslasku.<\/strong><\/p>\n\n\n\n<p class=\"wp-block-paragraph\">The transaction is established between the online store's customer and the online store itself. The online store is responsible for all obligations related to the transaction. For more information about Visma Pay, please visit: <a href=\"https:\/\/www.visma.fi\/vismapay\/\" rel=\"nofollow\">https:\/\/www.visma.fi\/vismapay\/<\/a><\/p>\n\n\n\n<p class=\"wp-block-paragraph\">Visma Pay payment service contact information: <br>Visma Payments Oy (Business ID 2486559-4)<br>Email: helpdesk@vismapay.com<br>Phone: 09 315 42 037 (On weekdays 8 am to 4 pm)<br>Postal address: Brahenkatu 4, 53100 Lappeenranta<\/p>\n\n\n\n<p class=\"wp-block-paragraph\">You should primarily contact the store shipping your product about reclamations. You can contact us via a contact form on our website, an email to info@ihanpihkassa.fi or a message on social media, like Facebook or Instagram.<\/p>\n\n\n\n<h4 class=\"wp-block-heading\" id=\"pankkimaksut\">Bank Payments<\/h4>\n\n\n\n<p class=\"wp-block-paragraph\">You have access to payment buttons from the following Finnish banks. Osuuspankki, Nordea, Danske Bank, Oma S\u00e4\u00e4st\u00f6pankki, S\u00e4\u00e4st\u00f6pankki, Aktia, Paikallisosuuspankit, S-Pankki, Handelsbanken, \u00c5landsbanken. From the online store, you will be directed straight to your own bank to complete the payment securely.<\/p>\n\n\n\n<h4 class=\"wp-block-heading\" id=\"luottokorttimaksut\">Card payments<\/h4>\n\n\n\n<p class=\"wp-block-paragraph\">You can pay in the online store with Visa, Visa Debit, Visa Electron, MasterCard, and Debit MasterCard cards. <\/p>\n\n\n\n<h4 class=\"wp-block-heading\" id=\"mobiilimaksutavat\">Mobile payment methods<\/h4>\n\n\n\n<p class=\"wp-block-paragraph\">MobilePay: You can make payments with your MobilePay wallet if you have enabled online payments in the application settings. Payments made with the MobilePay wallet will be charged to the linked payment card. If the card payment fails, using MobilePay wallet for online payments is not possible in the online store.<\/p>\n\n\n\n<p class=\"wp-block-paragraph\">Pivo: The terms of use are available on Pivo's website: <a href=\"https:\/\/pivo.fi\/kayttoehdot\/pivon-kayttoehdot\/\" rel=\"nofollow\">https:\/\/pivo.fi\/kayttoehdot\/pivon-kayttoehdot\/<\/a><\/p>\n\n\n\n<h4 class=\"wp-block-heading\" id=\"lasku-ja-osamaksupalvelut\">Payments by bill and installment<\/h4>\n\n\n\n<p class=\"wp-block-paragraph\">Jousto Invoice and Installment is a domestic service that allows you to make your purchases quickly and securely. Jousto is intended for private individuals who have managed their finances impeccably. With Jousto, you get 30 days of interest-free and cost-free payment period. Upon receiving the invoice, you can decide whether to pay it in full or in installments. With the installment option, you can pay for your purchases in up to 36 monthly installments, starting from 9.90 euros per month. The costs for Jousto installment payments are 3.90 euros per month, with a 19.90% credit interest rate. You can use Jousto for purchases ranging from 30 to 3000 euros. The credit is provided by Aurajoki Nordic Oy. Learn more about Jousto at <a href=\"http:\/\/www.jousto.com\" rel=\"nofollow\">http:\/\/www.jousto.com<\/a>.<\/p>\n\n\n\n<p class=\"wp-block-paragraph\">OP Invoice - A flexible way to pay for online purchases. Available to customers of all banks. With OP Invoice, you can make purchases of up to 5,000 euros and pay them off interest-free within 45 days. If you prefer, you can split the invoice into multiple installments. Your purchases are consolidated in one place, making it easy to keep track of your spending. With a credit limit, you can control your consumption within your desired limits. You will receive your invoices conveniently via email. In our online service, you can view information about your use of OP Invoice and the total amount of your purchases. You can use OP Invoice if you are financially capable, over 20 years old, and have Finnish bank credentials. For more information about OP Invoice, please visit <a href=\"https:\/\/www.op.fi\/henkiloasiakkaat\/paivittaiset\/maksaminen\/op-lasku\" rel=\"nofollow\">https:\/\/www.op.fi\/henkiloasiakkaat\/paivittaiset\/maksaminen\/op-lasku<\/a><\/p>\n\n\n\n<h2 class=\"wp-block-heading\" id=\"palautukset-ja-reklamaatiot\">Returns and reclamations<\/h2>\n\n\n\n<p class=\"wp-block-paragraph\">You can cancel your order if it hasn't been shipped yet. If you wish to ask about the possibility to cancel your order, please contact us as soon as possible. According to the Consumer Protection Act, you have a 14-day right of return. Please note that opened cosmetics product can not be returned due to hygiene reasons. Please inform us about your return at info@ihanpihkassa.fi. On the email tell us your order number, contact information and clearly stated the products you wish to return. We will answer your email with return instructions. The customer is responsible for return costs. If you have received a faulty product or a wrong product, please contact our customer service at info@ihanpihkassa.fi. We handle reclamations via email. Reclamation is always free for the customer. You will receive more information about reclamations with your order. Refund of payment will always be done with the original payment method. If you have anything to ask, you can contact us via a contact form on our website, an email to info@ihanpihkassa.fi or a message on social media, like Facebook or Instagram.&nbsp;<\/p>\n\n\n\n<div class=\"wp-block-buttons is-horizontal is-content-justification-center is-layout-flex wp-container-core-buttons-is-layout-cbcdc57d wp-block-buttons-is-layout-flex\">\n<div class=\"wp-block-button\"><a class=\"wp-block-button__link has-foreground-background-color has-background wp-element-button\" href=\"https:\/\/ihanpihkassa.fi\/en\/kauppa\/\">Click here to see our store<\/a><\/div>\n<\/div>\n\n\n\n<hr class=\"wp-block-coblocks-dynamic-separator is-style-fullwidth\" style=\"height:50px\"\/>","protected":false},"excerpt":{"rendered":"<p>Tilaaminen Tilaaminen meilt\u00e4 k\u00e4y helposti. Valitset Kauppa-sivulta mieleisesi&nbsp;tuotteet ja lis\u00e4\u00e4t ne ostoskoriin. Sen j\u00e4lkeen ostoskorista siirryt\u00e4\u00e4n kassalle, jossa t\u00e4ytet\u00e4\u00e4n tilaajan tiedot sek\u00e4 valitaan toimitus- ja maksutapa. L\u00e4het\u00e4mme sinulle tilauksen j\u00e4lkeen tilausvahvistuksen, josta n\u00e4et eriteltyn\u00e4 tilauksesi tiedot.&nbsp;Voit my\u00f6s tarkistaa roskapostikansion, jos vahvistusta ei n\u00e4y. Tilauksen mukana saat lis\u00e4tietoa muun muassa palautuksiin ja reklamaatioihin liittyen. Jos sinulla<a class=\"more-link\" href=\"https:\/\/ihanpihkassa.fi\/en\/tilaaminen-ja-toimitusehdot\/\">Continue reading <span class=\"screen-reader-text\">&#8221;Tilaaminen ja toimitusehdot&#8221;<\/span><\/a><\/p>","protected":false},"author":188242198,"featured_media":0,"parent":0,"menu_order":0,"comment_status":"closed","ping_status":"closed","template":"","meta":{"_coblocks_attr":"","_coblocks_dimensions":"","_coblocks_responsive_height":"","_coblocks_accordion_ie_support":"","_crdt_document":"","footnotes":""},"class_list":["post-170","page","type-page","status-publish","hentry","entry"],"yoast_head":"<!-- This site is optimized with the Yoast SEO plugin v27.4 - https:\/\/yoast.com\/product\/yoast-seo-wordpress\/ -->\n<title>Tilaaminen luonnonkosmetiikan verkkokaupasta - IHAN PIHKASSA<\/title>\n<meta name=\"description\" content=\"Ihan Pihkassa on k\u00e4sintehty\u00e4 suomalaista luonnonkosmetiikkaa valmistava pienyritys. Pihkavoiteet ovat ykk\u00f6stuotteemme. Lue t\u00e4st\u00e4 lis\u00e4\u00e4 tilaamisesta.\" \/>\n<meta name=\"robots\" content=\"index, follow, max-snippet:-1, max-image-preview:large, max-video-preview:-1\" \/>\n<link rel=\"canonical\" href=\"https:\/\/ihanpihkassa.fi\/en\/tilaaminen-ja-toimitusehdot\/\" \/>\n<meta property=\"og:locale\" content=\"en_GB\" \/>\n<meta property=\"og:type\" content=\"article\" \/>\n<meta property=\"og:title\" content=\"Tilaaminen luonnonkosmetiikan verkkokaupasta - IHAN PIHKASSA\" \/>\n<meta property=\"og:description\" content=\"Ihan Pihkassa on k\u00e4sintehty\u00e4 suomalaista luonnonkosmetiikkaa valmistava pienyritys. Pihkavoiteet ovat ykk\u00f6stuotteemme. Lue t\u00e4st\u00e4 lis\u00e4\u00e4 tilaamisesta.\" \/>\n<meta property=\"og:url\" content=\"https:\/\/ihanpihkassa.fi\/en\/tilaaminen-ja-toimitusehdot\/\" \/>\n<meta property=\"og:site_name\" content=\"IHAN PIHKASSA\" \/>\n<meta property=\"article:publisher\" content=\"https:\/\/www.facebook.com\/Ihan-Pihkassa-108668044044119\" \/>\n<meta property=\"article:modified_time\" content=\"2025-10-04T13:27:58+00:00\" \/>\n<meta name=\"twitter:card\" content=\"summary_large_image\" \/>\n<meta name=\"twitter:label1\" content=\"Estimated reading time\" \/>\n\t<meta name=\"twitter:data1\" content=\"6 minutes\" \/>\n<script type=\"application\/ld+json\" class=\"yoast-schema-graph\">{\"@context\":\"https:\\\/\\\/schema.org\",\"@graph\":[{\"@type\":\"WebPage\",\"@id\":\"https:\\\/\\\/ihanpihkassa.fi\\\/tilaaminen-ja-toimitusehdot\\\/\",\"url\":\"https:\\\/\\\/ihanpihkassa.fi\\\/tilaaminen-ja-toimitusehdot\\\/\",\"name\":\"Tilaaminen luonnonkosmetiikan verkkokaupasta - IHAN PIHKASSA\",\"isPartOf\":{\"@id\":\"https:\\\/\\\/ihanpihkassa.fi\\\/en\\\/#website\"},\"datePublished\":\"2020-07-01T15:39:11+00:00\",\"dateModified\":\"2025-10-04T13:27:58+00:00\",\"description\":\"Ihan Pihkassa on k\u00e4sintehty\u00e4 suomalaista luonnonkosmetiikkaa valmistava pienyritys. Pihkavoiteet ovat ykk\u00f6stuotteemme. Lue t\u00e4st\u00e4 lis\u00e4\u00e4 tilaamisesta.\",\"breadcrumb\":{\"@id\":\"https:\\\/\\\/ihanpihkassa.fi\\\/tilaaminen-ja-toimitusehdot\\\/#breadcrumb\"},\"inLanguage\":\"en-GB\",\"potentialAction\":[{\"@type\":\"ReadAction\",\"target\":[\"https:\\\/\\\/ihanpihkassa.fi\\\/tilaaminen-ja-toimitusehdot\\\/\"]}]},{\"@type\":\"BreadcrumbList\",\"@id\":\"https:\\\/\\\/ihanpihkassa.fi\\\/tilaaminen-ja-toimitusehdot\\\/#breadcrumb\",\"itemListElement\":[{\"@type\":\"ListItem\",\"position\":1,\"name\":\"Etusivu\",\"item\":\"https:\\\/\\\/ihanpihkassa.fi\\\/\"},{\"@type\":\"ListItem\",\"position\":2,\"name\":\"Tilaaminen ja toimitusehdot\"}]},{\"@type\":\"WebSite\",\"@id\":\"https:\\\/\\\/ihanpihkassa.fi\\\/en\\\/#website\",\"url\":\"https:\\\/\\\/ihanpihkassa.fi\\\/en\\\/\",\"name\":\"IHAN PIHKASSA\",\"description\":\"Suomalaista luonnonkosmetiikkaa ihon hyvinvointiin\",\"publisher\":{\"@id\":\"https:\\\/\\\/ihanpihkassa.fi\\\/en\\\/#organization\"},\"potentialAction\":[{\"@type\":\"SearchAction\",\"target\":{\"@type\":\"EntryPoint\",\"urlTemplate\":\"https:\\\/\\\/ihanpihkassa.fi\\\/en\\\/?s={search_term_string}\"},\"query-input\":{\"@type\":\"PropertyValueSpecification\",\"valueRequired\":true,\"valueName\":\"search_term_string\"}}],\"inLanguage\":\"en-GB\"},{\"@type\":\"Organization\",\"@id\":\"https:\\\/\\\/ihanpihkassa.fi\\\/en\\\/#organization\",\"name\":\"Ihan Pihkassa\",\"url\":\"https:\\\/\\\/ihanpihkassa.fi\\\/en\\\/\",\"logo\":{\"@type\":\"ImageObject\",\"inLanguage\":\"en-GB\",\"@id\":\"https:\\\/\\\/ihanpihkassa.fi\\\/en\\\/#\\\/schema\\\/logo\\\/image\\\/\",\"url\":\"https:\\\/\\\/ihanpihkassa.fi\\\/wp-content\\\/uploads\\\/2020\\\/10\\\/ihan_pihkassa_logo.jpg\",\"contentUrl\":\"https:\\\/\\\/ihanpihkassa.fi\\\/wp-content\\\/uploads\\\/2020\\\/10\\\/ihan_pihkassa_logo.jpg\",\"width\":1458,\"height\":1077,\"caption\":\"Ihan Pihkassa\"},\"image\":{\"@id\":\"https:\\\/\\\/ihanpihkassa.fi\\\/en\\\/#\\\/schema\\\/logo\\\/image\\\/\"},\"sameAs\":[\"https:\\\/\\\/www.facebook.com\\\/Ihan-Pihkassa-108668044044119\",\"https:\\\/\\\/www.instagram.com\\\/ihan_pihkassa\\\/\",\"https:\\\/\\\/www.linkedin.com\\\/company\\\/68258403\\\/admin\\\/\",\"https:\\\/\\\/fi.pinterest.com\\\/ihanpihkassa\\\/\",\"https:\\\/\\\/www.youtube.com\\\/channel\\\/UC4QPAvQFMnzN-_t_dSjAWcw\"]}]}<\/script>\n<!-- \/ Yoast SEO plugin. -->","yoast_head_json":{"title":"Tilaaminen luonnonkosmetiikan verkkokaupasta - IHAN PIHKASSA","description":"Ihan Pihkassa on k\u00e4sintehty\u00e4 suomalaista luonnonkosmetiikkaa valmistava pienyritys. Pihkavoiteet ovat ykk\u00f6stuotteemme. Lue t\u00e4st\u00e4 lis\u00e4\u00e4 tilaamisesta.","robots":{"index":"index","follow":"follow","max-snippet":"max-snippet:-1","max-image-preview":"max-image-preview:large","max-video-preview":"max-video-preview:-1"},"canonical":"https:\/\/ihanpihkassa.fi\/en\/tilaaminen-ja-toimitusehdot\/","og_locale":"en_GB","og_type":"article","og_title":"Tilaaminen luonnonkosmetiikan verkkokaupasta - IHAN PIHKASSA","og_description":"Ihan Pihkassa on k\u00e4sintehty\u00e4 suomalaista luonnonkosmetiikkaa valmistava pienyritys. Pihkavoiteet ovat ykk\u00f6stuotteemme. Lue t\u00e4st\u00e4 lis\u00e4\u00e4 tilaamisesta.","og_url":"https:\/\/ihanpihkassa.fi\/en\/tilaaminen-ja-toimitusehdot\/","og_site_name":"IHAN PIHKASSA","article_publisher":"https:\/\/www.facebook.com\/Ihan-Pihkassa-108668044044119","article_modified_time":"2025-10-04T13:27:58+00:00","twitter_card":"summary_large_image","twitter_misc":{"Estimated reading time":"6 minutes"},"schema":{"@context":"https:\/\/schema.org","@graph":[{"@type":"WebPage","@id":"https:\/\/ihanpihkassa.fi\/tilaaminen-ja-toimitusehdot\/","url":"https:\/\/ihanpihkassa.fi\/tilaaminen-ja-toimitusehdot\/","name":"Tilaaminen luonnonkosmetiikan verkkokaupasta - IHAN PIHKASSA","isPartOf":{"@id":"https:\/\/ihanpihkassa.fi\/en\/#website"},"datePublished":"2020-07-01T15:39:11+00:00","dateModified":"2025-10-04T13:27:58+00:00","description":"Ihan Pihkassa on k\u00e4sintehty\u00e4 suomalaista luonnonkosmetiikkaa valmistava pienyritys. Pihkavoiteet ovat ykk\u00f6stuotteemme. Lue t\u00e4st\u00e4 lis\u00e4\u00e4 tilaamisesta.","breadcrumb":{"@id":"https:\/\/ihanpihkassa.fi\/tilaaminen-ja-toimitusehdot\/#breadcrumb"},"inLanguage":"en-GB","potentialAction":[{"@type":"ReadAction","target":["https:\/\/ihanpihkassa.fi\/tilaaminen-ja-toimitusehdot\/"]}]},{"@type":"BreadcrumbList","@id":"https:\/\/ihanpihkassa.fi\/tilaaminen-ja-toimitusehdot\/#breadcrumb","itemListElement":[{"@type":"ListItem","position":1,"name":"Etusivu","item":"https:\/\/ihanpihkassa.fi\/"},{"@type":"ListItem","position":2,"name":"Tilaaminen ja toimitusehdot"}]},{"@type":"WebSite","@id":"https:\/\/ihanpihkassa.fi\/en\/#website","url":"https:\/\/ihanpihkassa.fi\/en\/","name":"IHAN PIHKASSA","description":"Finnish natural cosmetics for the wellbeing of your skin","publisher":{"@id":"https:\/\/ihanpihkassa.fi\/en\/#organization"},"potentialAction":[{"@type":"SearchAction","target":{"@type":"EntryPoint","urlTemplate":"https:\/\/ihanpihkassa.fi\/en\/?s={search_term_string}"},"query-input":{"@type":"PropertyValueSpecification","valueRequired":true,"valueName":"search_term_string"}}],"inLanguage":"en-GB"},{"@type":"Organization","@id":"https:\/\/ihanpihkassa.fi\/en\/#organization","name":"Ihan Pihkassa","url":"https:\/\/ihanpihkassa.fi\/en\/","logo":{"@type":"ImageObject","inLanguage":"en-GB","@id":"https:\/\/ihanpihkassa.fi\/en\/#\/schema\/logo\/image\/","url":"https:\/\/ihanpihkassa.fi\/wp-content\/uploads\/2020\/10\/ihan_pihkassa_logo.jpg","contentUrl":"https:\/\/ihanpihkassa.fi\/wp-content\/uploads\/2020\/10\/ihan_pihkassa_logo.jpg","width":1458,"height":1077,"caption":"Ihan Pihkassa"},"image":{"@id":"https:\/\/ihanpihkassa.fi\/en\/#\/schema\/logo\/image\/"},"sameAs":["https:\/\/www.facebook.com\/Ihan-Pihkassa-108668044044119","https:\/\/www.instagram.com\/ihan_pihkassa\/","https:\/\/www.linkedin.com\/company\/68258403\/admin\/","https:\/\/fi.pinterest.com\/ihanpihkassa\/","https:\/\/www.youtube.com\/channel\/UC4QPAvQFMnzN-_t_dSjAWcw"]}]}},"jetpack_likes_enabled":false,"jetpack_sharing_enabled":true,"jetpack_shortlink":"https:\/\/wp.me\/Pc7c8r-2K","_links":{"self":[{"href":"https:\/\/ihanpihkassa.fi\/en\/wp-json\/wp\/v2\/pages\/170","targetHints":{"allow":["GET"]}}],"collection":[{"href":"https:\/\/ihanpihkassa.fi\/en\/wp-json\/wp\/v2\/pages"}],"about":[{"href":"https:\/\/ihanpihkassa.fi\/en\/wp-json\/wp\/v2\/types\/page"}],"author":[{"embeddable":true,"href":"https:\/\/ihanpihkassa.fi\/en\/wp-json\/wp\/v2\/users\/188242198"}],"replies":[{"embeddable":true,"href":"https:\/\/ihanpihkassa.fi\/en\/wp-json\/wp\/v2\/comments?post=170"}],"version-history":[{"count":47,"href":"https:\/\/ihanpihkassa.fi\/en\/wp-json\/wp\/v2\/pages\/170\/revisions"}],"predecessor-version":[{"id":5916,"href":"https:\/\/ihanpihkassa.fi\/en\/wp-json\/wp\/v2\/pages\/170\/revisions\/5916"}],"wp:attachment":[{"href":"https:\/\/ihanpihkassa.fi\/en\/wp-json\/wp\/v2\/media?parent=170"}],"curies":[{"name":"wp","href":"https:\/\/api.w.org\/{rel}","templated":true}]}}