{"id":3199,"date":"2022-05-04T23:09:02","date_gmt":"2022-05-04T20:09:02","guid":{"rendered":"https:\/\/ihanpihkassa.fi\/?post_type=product&#038;p=3199"},"modified":"2025-12-23T16:56:39","modified_gmt":"2025-12-23T14:56:39","slug":"ruusu-kanervakylpypommi","status":"publish","type":"product","link":"https:\/\/ihanpihkassa.fi\/en\/kauppa\/ruusu-kanervakylpypommi\/","title":{"rendered":"Rose &amp; Heather Bath Bomb"},"content":{"rendered":"<p>Anna jalkojesi upota t\u00e4h\u00e4n hemmottelevaan kylpyhetkeen. Ruusu puhdistaa, rauhoittaa ja el\u00e4v\u00f6itt\u00e4\u00e4 ihoasi, kun taas kanerva hellii ja hoivaa ihoasi. Nauti kylpypommeista, jotka ovat t\u00e4ynn\u00e4 luonnon hyvyytt\u00e4 ja herkullista tuoksua \u2013 t\u00e4ydellinen tapa antaa itsellesi huomiota ja hemmottelua.<\/p>\n<p>K\u00e4ytt\u00f6ohje: Pieni\u00e4 kylpypommeja 1-3 kpl jalka- tai k\u00e4sikylpyyn. Isoja kylpypommeja 1 kpl kylpyammeeseen.<\/p>\n<p>Ainesosat: Ruokasooda, sitruunahappo, maissit\u00e4rkkelys, kuivatut kukat (ruusu, kanerva), vesi.<\/p>","protected":false},"excerpt":{"rendered":"<p>Anna jalkojesi upota t\u00e4h\u00e4n hemmottelevaan kylpyhetkeen. Ruusu puhdistaa, rauhoittaa ja el\u00e4v\u00f6itt\u00e4\u00e4 ihoasi, kun taas kanerva hellii ja hoivaa ihoasi. Nauti kylpypommeista, jotka ovat t\u00e4ynn\u00e4 luonnon hyvyytt\u00e4 ja herkullista tuoksua \u2013 t\u00e4ydellinen tapa antaa itsellesi huomiota ja hemmottelua.<\/p>","protected":false},"featured_media":3204,"comment_status":"open","ping_status":"closed","template":"","meta":{"_coblocks_attr":"","_coblocks_dimensions":"","_coblocks_responsive_height":"","_coblocks_accordion_ie_support":"","_crdt_document":"","jetpack_publicize_message":"","jetpack_publicize_feature_enabled":true,"jetpack_social_post_already_shared":true,"jetpack_social_options":{"image_generator_settings":{"template":"highway","default_image_id":0,"font":"","enabled":false},"version":2},"_wpas_customize_per_network":false},"product_brand":[],"product_cat":[126433],"product_tag":[],"class_list":{"0":"post-3199","1":"product","2":"type-product","3":"status-publish","4":"has-post-thumbnail","6":"product_cat-kylpypommit","7":"entry","9":"first","10":"instock","11":"taxable","12":"shipping-taxable","13":"purchasable","14":"product-type-variable"},"yoast_head":"<!-- This site is optimized with the Yoast SEO plugin v27.4 - https:\/\/yoast.com\/product\/yoast-seo-wordpress\/ -->\n<title>Ruusu-kanervakylpypommi - IHAN PIHKASSA<\/title>\n<meta name=\"description\" content=\"Anna jalkojesi upota t\u00e4h\u00e4n hemmottelevaan kylpyhetkeen. Ruusu puhdistaa, rauhoittaa ja el\u00e4v\u00f6itt\u00e4\u00e4 ihoasi, kun taas kanerva hellii ja hoivaa ihoasi.\" \/>\n<meta name=\"robots\" content=\"index, follow, max-snippet:-1, max-image-preview:large, max-video-preview:-1\" \/>\n<link rel=\"canonical\" href=\"https:\/\/ihanpihkassa.fi\/en\/kauppa\/ruusu-kanervakylpypommi\/\" \/>\n<meta property=\"og:locale\" content=\"en_GB\" \/>\n<meta property=\"og:type\" content=\"article\" \/>\n<meta property=\"og:title\" content=\"Ruusu-kanervakylpypommi - IHAN PIHKASSA\" \/>\n<meta property=\"og:description\" content=\"Anna jalkojesi upota t\u00e4h\u00e4n hemmottelevaan kylpyhetkeen. Ruusu puhdistaa, rauhoittaa ja el\u00e4v\u00f6itt\u00e4\u00e4 ihoasi, kun taas kanerva hellii ja hoivaa ihoasi.\" \/>\n<meta property=\"og:url\" content=\"https:\/\/ihanpihkassa.fi\/en\/kauppa\/ruusu-kanervakylpypommi\/\" \/>\n<meta property=\"og:site_name\" content=\"IHAN PIHKASSA\" \/>\n<meta property=\"article:publisher\" content=\"https:\/\/www.facebook.com\/Ihan-Pihkassa-108668044044119\" \/>\n<meta property=\"article:modified_time\" content=\"2025-12-23T14:56:39+00:00\" \/>\n<meta property=\"og:image\" content=\"https:\/\/ihanpihkassa.fi\/wp-content\/uploads\/2022\/05\/Ihan-Pihkassa-Ruusu-kanervakylpypommi.jpg\" \/>\n\t<meta property=\"og:image:width\" content=\"1500\" \/>\n\t<meta property=\"og:image:height\" content=\"1000\" \/>\n\t<meta property=\"og:image:type\" content=\"image\/jpeg\" \/>\n<meta name=\"twitter:card\" content=\"summary_large_image\" \/>\n<meta name=\"twitter:label1\" content=\"Estimated reading time\" \/>\n\t<meta name=\"twitter:data1\" content=\"1 minute\" \/>\n<script type=\"application\/ld+json\" class=\"yoast-schema-graph\">{\"@context\":\"https:\\\/\\\/schema.org\",\"@graph\":[{\"@type\":\"WebPage\",\"@id\":\"https:\\\/\\\/ihanpihkassa.fi\\\/kauppa\\\/ruusu-kanervakylpypommi\\\/\",\"url\":\"https:\\\/\\\/ihanpihkassa.fi\\\/kauppa\\\/ruusu-kanervakylpypommi\\\/\",\"name\":\"Ruusu-kanervakylpypommi - IHAN PIHKASSA\",\"isPartOf\":{\"@id\":\"https:\\\/\\\/ihanpihkassa.fi\\\/en\\\/#website\"},\"primaryImageOfPage\":{\"@id\":\"https:\\\/\\\/ihanpihkassa.fi\\\/kauppa\\\/ruusu-kanervakylpypommi\\\/#primaryimage\"},\"image\":{\"@id\":\"https:\\\/\\\/ihanpihkassa.fi\\\/kauppa\\\/ruusu-kanervakylpypommi\\\/#primaryimage\"},\"thumbnailUrl\":\"https:\\\/\\\/i0.wp.com\\\/ihanpihkassa.fi\\\/wp-content\\\/uploads\\\/2022\\\/05\\\/Ihan-Pihkassa-Ruusu-kanervakylpypommi.jpg?fit=1500%2C1000&ssl=1\",\"datePublished\":\"2022-05-04T20:09:02+00:00\",\"dateModified\":\"2025-12-23T14:56:39+00:00\",\"description\":\"Anna jalkojesi upota t\u00e4h\u00e4n hemmottelevaan kylpyhetkeen. Ruusu puhdistaa, rauhoittaa ja el\u00e4v\u00f6itt\u00e4\u00e4 ihoasi, kun taas kanerva hellii ja hoivaa ihoasi.\",\"breadcrumb\":{\"@id\":\"https:\\\/\\\/ihanpihkassa.fi\\\/kauppa\\\/ruusu-kanervakylpypommi\\\/#breadcrumb\"},\"inLanguage\":\"en-GB\",\"potentialAction\":[{\"@type\":\"ReadAction\",\"target\":[\"https:\\\/\\\/ihanpihkassa.fi\\\/kauppa\\\/ruusu-kanervakylpypommi\\\/\"]}]},{\"@type\":\"ImageObject\",\"inLanguage\":\"en-GB\",\"@id\":\"https:\\\/\\\/ihanpihkassa.fi\\\/kauppa\\\/ruusu-kanervakylpypommi\\\/#primaryimage\",\"url\":\"https:\\\/\\\/i0.wp.com\\\/ihanpihkassa.fi\\\/wp-content\\\/uploads\\\/2022\\\/05\\\/Ihan-Pihkassa-Ruusu-kanervakylpypommi.jpg?fit=1500%2C1000&ssl=1\",\"contentUrl\":\"https:\\\/\\\/i0.wp.com\\\/ihanpihkassa.fi\\\/wp-content\\\/uploads\\\/2022\\\/05\\\/Ihan-Pihkassa-Ruusu-kanervakylpypommi.jpg?fit=1500%2C1000&ssl=1\",\"width\":1500,\"height\":1000,\"caption\":\"Ihan Pihkassa Ruusu-kanervakylpypommi\"},{\"@type\":\"BreadcrumbList\",\"@id\":\"https:\\\/\\\/ihanpihkassa.fi\\\/kauppa\\\/ruusu-kanervakylpypommi\\\/#breadcrumb\",\"itemListElement\":[{\"@type\":\"ListItem\",\"position\":1,\"name\":\"Etusivu\",\"item\":\"https:\\\/\\\/ihanpihkassa.fi\\\/\"},{\"@type\":\"ListItem\",\"position\":2,\"name\":\"Kauppa\",\"item\":\"https:\\\/\\\/ihanpihkassa.fi\\\/kauppa\\\/\"},{\"@type\":\"ListItem\",\"position\":3,\"name\":\"Ruusu-kanervakylpypommi\"}]},{\"@type\":\"WebSite\",\"@id\":\"https:\\\/\\\/ihanpihkassa.fi\\\/en\\\/#website\",\"url\":\"https:\\\/\\\/ihanpihkassa.fi\\\/en\\\/\",\"name\":\"IHAN PIHKASSA\",\"description\":\"Suomalaista luonnonkosmetiikkaa ihon hyvinvointiin\",\"publisher\":{\"@id\":\"https:\\\/\\\/ihanpihkassa.fi\\\/en\\\/#organization\"},\"potentialAction\":[{\"@type\":\"SearchAction\",\"target\":{\"@type\":\"EntryPoint\",\"urlTemplate\":\"https:\\\/\\\/ihanpihkassa.fi\\\/en\\\/?s={search_term_string}\"},\"query-input\":{\"@type\":\"PropertyValueSpecification\",\"valueRequired\":true,\"valueName\":\"search_term_string\"}}],\"inLanguage\":\"en-GB\"},{\"@type\":\"Organization\",\"@id\":\"https:\\\/\\\/ihanpihkassa.fi\\\/en\\\/#organization\",\"name\":\"Ihan Pihkassa\",\"url\":\"https:\\\/\\\/ihanpihkassa.fi\\\/en\\\/\",\"logo\":{\"@type\":\"ImageObject\",\"inLanguage\":\"en-GB\",\"@id\":\"https:\\\/\\\/ihanpihkassa.fi\\\/en\\\/#\\\/schema\\\/logo\\\/image\\\/\",\"url\":\"https:\\\/\\\/ihanpihkassa.fi\\\/wp-content\\\/uploads\\\/2020\\\/10\\\/ihan_pihkassa_logo.jpg\",\"contentUrl\":\"https:\\\/\\\/ihanpihkassa.fi\\\/wp-content\\\/uploads\\\/2020\\\/10\\\/ihan_pihkassa_logo.jpg\",\"width\":1458,\"height\":1077,\"caption\":\"Ihan Pihkassa\"},\"image\":{\"@id\":\"https:\\\/\\\/ihanpihkassa.fi\\\/en\\\/#\\\/schema\\\/logo\\\/image\\\/\"},\"sameAs\":[\"https:\\\/\\\/www.facebook.com\\\/Ihan-Pihkassa-108668044044119\",\"https:\\\/\\\/www.instagram.com\\\/ihan_pihkassa\\\/\",\"https:\\\/\\\/www.linkedin.com\\\/company\\\/68258403\\\/admin\\\/\",\"https:\\\/\\\/fi.pinterest.com\\\/ihanpihkassa\\\/\",\"https:\\\/\\\/www.youtube.com\\\/channel\\\/UC4QPAvQFMnzN-_t_dSjAWcw\"]}]}<\/script>\n<!-- \/ Yoast SEO plugin. -->","yoast_head_json":{"title":"Ruusu-kanervakylpypommi - IHAN PIHKASSA","description":"Anna jalkojesi upota t\u00e4h\u00e4n hemmottelevaan kylpyhetkeen. Ruusu puhdistaa, rauhoittaa ja el\u00e4v\u00f6itt\u00e4\u00e4 ihoasi, kun taas kanerva hellii ja hoivaa ihoasi.","robots":{"index":"index","follow":"follow","max-snippet":"max-snippet:-1","max-image-preview":"max-image-preview:large","max-video-preview":"max-video-preview:-1"},"canonical":"https:\/\/ihanpihkassa.fi\/en\/kauppa\/ruusu-kanervakylpypommi\/","og_locale":"en_GB","og_type":"article","og_title":"Ruusu-kanervakylpypommi - IHAN PIHKASSA","og_description":"Anna jalkojesi upota t\u00e4h\u00e4n hemmottelevaan kylpyhetkeen. Ruusu puhdistaa, rauhoittaa ja el\u00e4v\u00f6itt\u00e4\u00e4 ihoasi, kun taas kanerva hellii ja hoivaa ihoasi.","og_url":"https:\/\/ihanpihkassa.fi\/en\/kauppa\/ruusu-kanervakylpypommi\/","og_site_name":"IHAN PIHKASSA","article_publisher":"https:\/\/www.facebook.com\/Ihan-Pihkassa-108668044044119","article_modified_time":"2025-12-23T14:56:39+00:00","og_image":[{"width":1500,"height":1000,"url":"https:\/\/ihanpihkassa.fi\/wp-content\/uploads\/2022\/05\/Ihan-Pihkassa-Ruusu-kanervakylpypommi.jpg","type":"image\/jpeg"}],"twitter_card":"summary_large_image","twitter_misc":{"Estimated reading time":"1 minute"},"schema":{"@context":"https:\/\/schema.org","@graph":[{"@type":"WebPage","@id":"https:\/\/ihanpihkassa.fi\/kauppa\/ruusu-kanervakylpypommi\/","url":"https:\/\/ihanpihkassa.fi\/kauppa\/ruusu-kanervakylpypommi\/","name":"Ruusu-kanervakylpypommi - IHAN PIHKASSA","isPartOf":{"@id":"https:\/\/ihanpihkassa.fi\/en\/#website"},"primaryImageOfPage":{"@id":"https:\/\/ihanpihkassa.fi\/kauppa\/ruusu-kanervakylpypommi\/#primaryimage"},"image":{"@id":"https:\/\/ihanpihkassa.fi\/kauppa\/ruusu-kanervakylpypommi\/#primaryimage"},"thumbnailUrl":"https:\/\/i0.wp.com\/ihanpihkassa.fi\/wp-content\/uploads\/2022\/05\/Ihan-Pihkassa-Ruusu-kanervakylpypommi.jpg?fit=1500%2C1000&ssl=1","datePublished":"2022-05-04T20:09:02+00:00","dateModified":"2025-12-23T14:56:39+00:00","description":"Anna jalkojesi upota t\u00e4h\u00e4n hemmottelevaan kylpyhetkeen. Ruusu puhdistaa, rauhoittaa ja el\u00e4v\u00f6itt\u00e4\u00e4 ihoasi, kun taas kanerva hellii ja hoivaa ihoasi.","breadcrumb":{"@id":"https:\/\/ihanpihkassa.fi\/kauppa\/ruusu-kanervakylpypommi\/#breadcrumb"},"inLanguage":"en-GB","potentialAction":[{"@type":"ReadAction","target":["https:\/\/ihanpihkassa.fi\/kauppa\/ruusu-kanervakylpypommi\/"]}]},{"@type":"ImageObject","inLanguage":"en-GB","@id":"https:\/\/ihanpihkassa.fi\/kauppa\/ruusu-kanervakylpypommi\/#primaryimage","url":"https:\/\/i0.wp.com\/ihanpihkassa.fi\/wp-content\/uploads\/2022\/05\/Ihan-Pihkassa-Ruusu-kanervakylpypommi.jpg?fit=1500%2C1000&ssl=1","contentUrl":"https:\/\/i0.wp.com\/ihanpihkassa.fi\/wp-content\/uploads\/2022\/05\/Ihan-Pihkassa-Ruusu-kanervakylpypommi.jpg?fit=1500%2C1000&ssl=1","width":1500,"height":1000,"caption":"Ihan Pihkassa Ruusu-kanervakylpypommi"},{"@type":"BreadcrumbList","@id":"https:\/\/ihanpihkassa.fi\/kauppa\/ruusu-kanervakylpypommi\/#breadcrumb","itemListElement":[{"@type":"ListItem","position":1,"name":"Etusivu","item":"https:\/\/ihanpihkassa.fi\/"},{"@type":"ListItem","position":2,"name":"Kauppa","item":"https:\/\/ihanpihkassa.fi\/kauppa\/"},{"@type":"ListItem","position":3,"name":"Ruusu-kanervakylpypommi"}]},{"@type":"WebSite","@id":"https:\/\/ihanpihkassa.fi\/en\/#website","url":"https:\/\/ihanpihkassa.fi\/en\/","name":"IHAN PIHKASSA","description":"Finnish natural cosmetics for the wellbeing of your skin","publisher":{"@id":"https:\/\/ihanpihkassa.fi\/en\/#organization"},"potentialAction":[{"@type":"SearchAction","target":{"@type":"EntryPoint","urlTemplate":"https:\/\/ihanpihkassa.fi\/en\/?s={search_term_string}"},"query-input":{"@type":"PropertyValueSpecification","valueRequired":true,"valueName":"search_term_string"}}],"inLanguage":"en-GB"},{"@type":"Organization","@id":"https:\/\/ihanpihkassa.fi\/en\/#organization","name":"Ihan Pihkassa","url":"https:\/\/ihanpihkassa.fi\/en\/","logo":{"@type":"ImageObject","inLanguage":"en-GB","@id":"https:\/\/ihanpihkassa.fi\/en\/#\/schema\/logo\/image\/","url":"https:\/\/ihanpihkassa.fi\/wp-content\/uploads\/2020\/10\/ihan_pihkassa_logo.jpg","contentUrl":"https:\/\/ihanpihkassa.fi\/wp-content\/uploads\/2020\/10\/ihan_pihkassa_logo.jpg","width":1458,"height":1077,"caption":"Ihan Pihkassa"},"image":{"@id":"https:\/\/ihanpihkassa.fi\/en\/#\/schema\/logo\/image\/"},"sameAs":["https:\/\/www.facebook.com\/Ihan-Pihkassa-108668044044119","https:\/\/www.instagram.com\/ihan_pihkassa\/","https:\/\/www.linkedin.com\/company\/68258403\/admin\/","https:\/\/fi.pinterest.com\/ihanpihkassa\/","https:\/\/www.youtube.com\/channel\/UC4QPAvQFMnzN-_t_dSjAWcw"]}]}},"jetpack_publicize_connections":[],"jetpack_likes_enabled":false,"jetpack_sharing_enabled":true,"_links":{"self":[{"href":"https:\/\/ihanpihkassa.fi\/en\/wp-json\/wp\/v2\/product\/3199","targetHints":{"allow":["GET"]}}],"collection":[{"href":"https:\/\/ihanpihkassa.fi\/en\/wp-json\/wp\/v2\/product"}],"about":[{"href":"https:\/\/ihanpihkassa.fi\/en\/wp-json\/wp\/v2\/types\/product"}],"replies":[{"embeddable":true,"href":"https:\/\/ihanpihkassa.fi\/en\/wp-json\/wp\/v2\/comments?post=3199"}],"wp:featuredmedia":[{"embeddable":true,"href":"https:\/\/ihanpihkassa.fi\/en\/wp-json\/wp\/v2\/media\/3204"}],"wp:attachment":[{"href":"https:\/\/ihanpihkassa.fi\/en\/wp-json\/wp\/v2\/media?parent=3199"}],"wp:term":[{"taxonomy":"product_brand","embeddable":true,"href":"https:\/\/ihanpihkassa.fi\/en\/wp-json\/wp\/v2\/product_brand?post=3199"},{"taxonomy":"product_cat","embeddable":true,"href":"https:\/\/ihanpihkassa.fi\/en\/wp-json\/wp\/v2\/product_cat?post=3199"},{"taxonomy":"product_tag","embeddable":true,"href":"https:\/\/ihanpihkassa.fi\/en\/wp-json\/wp\/v2\/product_tag?post=3199"}],"curies":[{"name":"wp","href":"https:\/\/api.w.org\/{rel}","templated":true}]}}