{"id":3297,"date":"2022-08-16T23:10:41","date_gmt":"2022-08-16T20:10:41","guid":{"rendered":"https:\/\/ihanpihkassa.fi\/?post_type=product&#038;p=3297"},"modified":"2025-04-14T09:13:57","modified_gmt":"2025-04-14T06:13:57","slug":"purkka-saippua","status":"publish","type":"product","link":"https:\/\/ihanpihkassa.fi\/en\/kauppa\/purkka-saippua\/","title":{"rendered":"Bubblegum Soap"},"content":{"rendered":"<p>Anna itsesi uppoutua satumaiseen saippuamaailmaan t\u00e4m\u00e4n runsaasti vaahtoavan ja kosteuttavan palasaippuan kera. Kaunis yksisarviskoristelu tekee jokaisesta pesuhetkest\u00e4 taianomaisen ja ilahduttaa silm\u00e4\u00e4si. Kokeile t\u00e4t\u00e4 saippuaa ja anna itsellesi lahja, joka tekee pesuhetkist\u00e4si erityisi\u00e4 ja unohtumattomia.<\/p>\n<p>Ainesosat: Sodium Olivate, Sodium Cocoate, Glycerin, Sodium Shea Butterate, Sodium Cocoa Butterate, Sodium Apricot Kernelate, Sodium Ricinoleate, Bentonite, <strong>Parfum,<\/strong>\u00a0Sodium Chloride, Mica<\/p>\n<p>Valmistaja: Arctic Soapery, Kittil\u00e4<\/p>","protected":false},"excerpt":{"rendered":"<p>Anna itsesi uppoutua satumaiseen saippuamaailmaan t\u00e4m\u00e4n runsaasti vaahtoavan ja kosteuttavan palasaippuan kera. Kaunis yksisarviskoristelu tekee jokaisesta pesuhetkest\u00e4 taianomaisen ja ilahduttaa silm\u00e4\u00e4si. Kokeile t\u00e4t\u00e4 saippuaa ja anna itsellesi lahja, joka tekee pesuhetkist\u00e4si erityisi\u00e4 ja unohtumattomia.<\/p>","protected":false},"featured_media":3311,"comment_status":"open","ping_status":"closed","template":"","meta":{"_coblocks_attr":"","_coblocks_dimensions":"","_coblocks_responsive_height":"","_coblocks_accordion_ie_support":"","_crdt_document":"","jetpack_publicize_message":"","jetpack_publicize_feature_enabled":true,"jetpack_social_post_already_shared":true,"jetpack_social_options":{"image_generator_settings":{"template":"highway","default_image_id":0,"font":"","enabled":false},"version":2},"_wpas_customize_per_network":false},"product_brand":[],"product_cat":[126524],"product_tag":[],"class_list":{"0":"post-3297","1":"product","2":"type-product","3":"status-publish","4":"has-post-thumbnail","6":"product_cat-saippuat","7":"entry","9":"first","10":"outofstock","11":"taxable","12":"shipping-taxable","13":"purchasable","14":"product-type-simple"},"yoast_head":"<!-- This site is optimized with the Yoast SEO plugin v27.4 - https:\/\/yoast.com\/product\/yoast-seo-wordpress\/ -->\n<title>Purkka-saippua - IHAN PIHKASSA<\/title>\n<meta name=\"description\" content=\"Anna itsesi uppoutua satumaiseen saippuamaailmaan t\u00e4m\u00e4n runsaasti vaahtoavan ja kosteuttavan saippuan kera. Kaunis yksisarviskoristelu kruunaa pesuhetken!\" \/>\n<meta name=\"robots\" content=\"index, follow, max-snippet:-1, max-image-preview:large, max-video-preview:-1\" \/>\n<link rel=\"canonical\" href=\"https:\/\/ihanpihkassa.fi\/en\/kauppa\/purkka-saippua\/\" \/>\n<meta property=\"og:locale\" content=\"en_GB\" \/>\n<meta property=\"og:type\" content=\"article\" \/>\n<meta property=\"og:title\" content=\"Purkka-saippua - IHAN PIHKASSA\" \/>\n<meta property=\"og:description\" content=\"Anna itsesi uppoutua satumaiseen saippuamaailmaan t\u00e4m\u00e4n runsaasti vaahtoavan ja kosteuttavan saippuan kera. Kaunis yksisarviskoristelu kruunaa pesuhetken!\" \/>\n<meta property=\"og:url\" content=\"https:\/\/ihanpihkassa.fi\/en\/kauppa\/purkka-saippua\/\" \/>\n<meta property=\"og:site_name\" content=\"IHAN PIHKASSA\" \/>\n<meta property=\"article:publisher\" content=\"https:\/\/www.facebook.com\/Ihan-Pihkassa-108668044044119\" \/>\n<meta property=\"article:modified_time\" content=\"2025-04-14T06:13:57+00:00\" \/>\n<meta property=\"og:image\" content=\"https:\/\/ihanpihkassa.fi\/wp-content\/uploads\/2022\/08\/Ihan-Pihkassa-Arctic-Soapery-Purkka-saippua_yksisarvinen.jpeg\" \/>\n\t<meta property=\"og:image:width\" content=\"1500\" \/>\n\t<meta property=\"og:image:height\" content=\"1000\" \/>\n\t<meta property=\"og:image:type\" content=\"image\/jpeg\" \/>\n<meta name=\"twitter:card\" content=\"summary_large_image\" \/>\n<meta name=\"twitter:label1\" content=\"Estimated reading time\" \/>\n\t<meta name=\"twitter:data1\" content=\"1 minute\" \/>\n<script type=\"application\/ld+json\" class=\"yoast-schema-graph\">{\"@context\":\"https:\\\/\\\/schema.org\",\"@graph\":[{\"@type\":\"WebPage\",\"@id\":\"https:\\\/\\\/ihanpihkassa.fi\\\/kauppa\\\/purkka-saippua\\\/\",\"url\":\"https:\\\/\\\/ihanpihkassa.fi\\\/kauppa\\\/purkka-saippua\\\/\",\"name\":\"Purkka-saippua - IHAN PIHKASSA\",\"isPartOf\":{\"@id\":\"https:\\\/\\\/ihanpihkassa.fi\\\/en\\\/#website\"},\"primaryImageOfPage\":{\"@id\":\"https:\\\/\\\/ihanpihkassa.fi\\\/kauppa\\\/purkka-saippua\\\/#primaryimage\"},\"image\":{\"@id\":\"https:\\\/\\\/ihanpihkassa.fi\\\/kauppa\\\/purkka-saippua\\\/#primaryimage\"},\"thumbnailUrl\":\"https:\\\/\\\/i0.wp.com\\\/ihanpihkassa.fi\\\/wp-content\\\/uploads\\\/2022\\\/08\\\/Ihan-Pihkassa-Arctic-Soapery-Purkka-saippua_yksisarvinen.jpeg?fit=1500%2C1000&ssl=1\",\"datePublished\":\"2022-08-16T20:10:41+00:00\",\"dateModified\":\"2025-04-14T06:13:57+00:00\",\"description\":\"Anna itsesi uppoutua satumaiseen saippuamaailmaan t\u00e4m\u00e4n runsaasti vaahtoavan ja kosteuttavan saippuan kera. Kaunis yksisarviskoristelu kruunaa pesuhetken!\",\"breadcrumb\":{\"@id\":\"https:\\\/\\\/ihanpihkassa.fi\\\/kauppa\\\/purkka-saippua\\\/#breadcrumb\"},\"inLanguage\":\"en-GB\",\"potentialAction\":[{\"@type\":\"ReadAction\",\"target\":[\"https:\\\/\\\/ihanpihkassa.fi\\\/kauppa\\\/purkka-saippua\\\/\"]}]},{\"@type\":\"ImageObject\",\"inLanguage\":\"en-GB\",\"@id\":\"https:\\\/\\\/ihanpihkassa.fi\\\/kauppa\\\/purkka-saippua\\\/#primaryimage\",\"url\":\"https:\\\/\\\/i0.wp.com\\\/ihanpihkassa.fi\\\/wp-content\\\/uploads\\\/2022\\\/08\\\/Ihan-Pihkassa-Arctic-Soapery-Purkka-saippua_yksisarvinen.jpeg?fit=1500%2C1000&ssl=1\",\"contentUrl\":\"https:\\\/\\\/i0.wp.com\\\/ihanpihkassa.fi\\\/wp-content\\\/uploads\\\/2022\\\/08\\\/Ihan-Pihkassa-Arctic-Soapery-Purkka-saippua_yksisarvinen.jpeg?fit=1500%2C1000&ssl=1\",\"width\":1500,\"height\":1000,\"caption\":\"Ihan Pihkassa Arctic Soapery Purkka-saippua\"},{\"@type\":\"BreadcrumbList\",\"@id\":\"https:\\\/\\\/ihanpihkassa.fi\\\/kauppa\\\/purkka-saippua\\\/#breadcrumb\",\"itemListElement\":[{\"@type\":\"ListItem\",\"position\":1,\"name\":\"Etusivu\",\"item\":\"https:\\\/\\\/ihanpihkassa.fi\\\/\"},{\"@type\":\"ListItem\",\"position\":2,\"name\":\"Kauppa\",\"item\":\"https:\\\/\\\/ihanpihkassa.fi\\\/kauppa\\\/\"},{\"@type\":\"ListItem\",\"position\":3,\"name\":\"Purkka-saippua\"}]},{\"@type\":\"WebSite\",\"@id\":\"https:\\\/\\\/ihanpihkassa.fi\\\/en\\\/#website\",\"url\":\"https:\\\/\\\/ihanpihkassa.fi\\\/en\\\/\",\"name\":\"IHAN PIHKASSA\",\"description\":\"Suomalaista luonnonkosmetiikkaa ihon hyvinvointiin\",\"publisher\":{\"@id\":\"https:\\\/\\\/ihanpihkassa.fi\\\/en\\\/#organization\"},\"potentialAction\":[{\"@type\":\"SearchAction\",\"target\":{\"@type\":\"EntryPoint\",\"urlTemplate\":\"https:\\\/\\\/ihanpihkassa.fi\\\/en\\\/?s={search_term_string}\"},\"query-input\":{\"@type\":\"PropertyValueSpecification\",\"valueRequired\":true,\"valueName\":\"search_term_string\"}}],\"inLanguage\":\"en-GB\"},{\"@type\":\"Organization\",\"@id\":\"https:\\\/\\\/ihanpihkassa.fi\\\/en\\\/#organization\",\"name\":\"Ihan Pihkassa\",\"url\":\"https:\\\/\\\/ihanpihkassa.fi\\\/en\\\/\",\"logo\":{\"@type\":\"ImageObject\",\"inLanguage\":\"en-GB\",\"@id\":\"https:\\\/\\\/ihanpihkassa.fi\\\/en\\\/#\\\/schema\\\/logo\\\/image\\\/\",\"url\":\"https:\\\/\\\/ihanpihkassa.fi\\\/wp-content\\\/uploads\\\/2020\\\/10\\\/ihan_pihkassa_logo.jpg\",\"contentUrl\":\"https:\\\/\\\/ihanpihkassa.fi\\\/wp-content\\\/uploads\\\/2020\\\/10\\\/ihan_pihkassa_logo.jpg\",\"width\":1458,\"height\":1077,\"caption\":\"Ihan Pihkassa\"},\"image\":{\"@id\":\"https:\\\/\\\/ihanpihkassa.fi\\\/en\\\/#\\\/schema\\\/logo\\\/image\\\/\"},\"sameAs\":[\"https:\\\/\\\/www.facebook.com\\\/Ihan-Pihkassa-108668044044119\",\"https:\\\/\\\/www.instagram.com\\\/ihan_pihkassa\\\/\",\"https:\\\/\\\/www.linkedin.com\\\/company\\\/68258403\\\/admin\\\/\",\"https:\\\/\\\/fi.pinterest.com\\\/ihanpihkassa\\\/\",\"https:\\\/\\\/www.youtube.com\\\/channel\\\/UC4QPAvQFMnzN-_t_dSjAWcw\"]}]}<\/script>\n<!-- \/ Yoast SEO plugin. -->","yoast_head_json":{"title":"Purkka-saippua - IHAN PIHKASSA","description":"Anna itsesi uppoutua satumaiseen saippuamaailmaan t\u00e4m\u00e4n runsaasti vaahtoavan ja kosteuttavan saippuan kera. Kaunis yksisarviskoristelu kruunaa pesuhetken!","robots":{"index":"index","follow":"follow","max-snippet":"max-snippet:-1","max-image-preview":"max-image-preview:large","max-video-preview":"max-video-preview:-1"},"canonical":"https:\/\/ihanpihkassa.fi\/en\/kauppa\/purkka-saippua\/","og_locale":"en_GB","og_type":"article","og_title":"Purkka-saippua - IHAN PIHKASSA","og_description":"Anna itsesi uppoutua satumaiseen saippuamaailmaan t\u00e4m\u00e4n runsaasti vaahtoavan ja kosteuttavan saippuan kera. Kaunis yksisarviskoristelu kruunaa pesuhetken!","og_url":"https:\/\/ihanpihkassa.fi\/en\/kauppa\/purkka-saippua\/","og_site_name":"IHAN PIHKASSA","article_publisher":"https:\/\/www.facebook.com\/Ihan-Pihkassa-108668044044119","article_modified_time":"2025-04-14T06:13:57+00:00","og_image":[{"width":1500,"height":1000,"url":"https:\/\/ihanpihkassa.fi\/wp-content\/uploads\/2022\/08\/Ihan-Pihkassa-Arctic-Soapery-Purkka-saippua_yksisarvinen.jpeg","type":"image\/jpeg"}],"twitter_card":"summary_large_image","twitter_misc":{"Estimated reading time":"1 minute"},"schema":{"@context":"https:\/\/schema.org","@graph":[{"@type":"WebPage","@id":"https:\/\/ihanpihkassa.fi\/kauppa\/purkka-saippua\/","url":"https:\/\/ihanpihkassa.fi\/kauppa\/purkka-saippua\/","name":"Purkka-saippua - IHAN PIHKASSA","isPartOf":{"@id":"https:\/\/ihanpihkassa.fi\/en\/#website"},"primaryImageOfPage":{"@id":"https:\/\/ihanpihkassa.fi\/kauppa\/purkka-saippua\/#primaryimage"},"image":{"@id":"https:\/\/ihanpihkassa.fi\/kauppa\/purkka-saippua\/#primaryimage"},"thumbnailUrl":"https:\/\/i0.wp.com\/ihanpihkassa.fi\/wp-content\/uploads\/2022\/08\/Ihan-Pihkassa-Arctic-Soapery-Purkka-saippua_yksisarvinen.jpeg?fit=1500%2C1000&ssl=1","datePublished":"2022-08-16T20:10:41+00:00","dateModified":"2025-04-14T06:13:57+00:00","description":"Anna itsesi uppoutua satumaiseen saippuamaailmaan t\u00e4m\u00e4n runsaasti vaahtoavan ja kosteuttavan saippuan kera. Kaunis yksisarviskoristelu kruunaa pesuhetken!","breadcrumb":{"@id":"https:\/\/ihanpihkassa.fi\/kauppa\/purkka-saippua\/#breadcrumb"},"inLanguage":"en-GB","potentialAction":[{"@type":"ReadAction","target":["https:\/\/ihanpihkassa.fi\/kauppa\/purkka-saippua\/"]}]},{"@type":"ImageObject","inLanguage":"en-GB","@id":"https:\/\/ihanpihkassa.fi\/kauppa\/purkka-saippua\/#primaryimage","url":"https:\/\/i0.wp.com\/ihanpihkassa.fi\/wp-content\/uploads\/2022\/08\/Ihan-Pihkassa-Arctic-Soapery-Purkka-saippua_yksisarvinen.jpeg?fit=1500%2C1000&ssl=1","contentUrl":"https:\/\/i0.wp.com\/ihanpihkassa.fi\/wp-content\/uploads\/2022\/08\/Ihan-Pihkassa-Arctic-Soapery-Purkka-saippua_yksisarvinen.jpeg?fit=1500%2C1000&ssl=1","width":1500,"height":1000,"caption":"Ihan Pihkassa Arctic Soapery Purkka-saippua"},{"@type":"BreadcrumbList","@id":"https:\/\/ihanpihkassa.fi\/kauppa\/purkka-saippua\/#breadcrumb","itemListElement":[{"@type":"ListItem","position":1,"name":"Etusivu","item":"https:\/\/ihanpihkassa.fi\/"},{"@type":"ListItem","position":2,"name":"Kauppa","item":"https:\/\/ihanpihkassa.fi\/kauppa\/"},{"@type":"ListItem","position":3,"name":"Purkka-saippua"}]},{"@type":"WebSite","@id":"https:\/\/ihanpihkassa.fi\/en\/#website","url":"https:\/\/ihanpihkassa.fi\/en\/","name":"IHAN PIHKASSA","description":"Finnish natural cosmetics for the wellbeing of your skin","publisher":{"@id":"https:\/\/ihanpihkassa.fi\/en\/#organization"},"potentialAction":[{"@type":"SearchAction","target":{"@type":"EntryPoint","urlTemplate":"https:\/\/ihanpihkassa.fi\/en\/?s={search_term_string}"},"query-input":{"@type":"PropertyValueSpecification","valueRequired":true,"valueName":"search_term_string"}}],"inLanguage":"en-GB"},{"@type":"Organization","@id":"https:\/\/ihanpihkassa.fi\/en\/#organization","name":"Ihan Pihkassa","url":"https:\/\/ihanpihkassa.fi\/en\/","logo":{"@type":"ImageObject","inLanguage":"en-GB","@id":"https:\/\/ihanpihkassa.fi\/en\/#\/schema\/logo\/image\/","url":"https:\/\/ihanpihkassa.fi\/wp-content\/uploads\/2020\/10\/ihan_pihkassa_logo.jpg","contentUrl":"https:\/\/ihanpihkassa.fi\/wp-content\/uploads\/2020\/10\/ihan_pihkassa_logo.jpg","width":1458,"height":1077,"caption":"Ihan Pihkassa"},"image":{"@id":"https:\/\/ihanpihkassa.fi\/en\/#\/schema\/logo\/image\/"},"sameAs":["https:\/\/www.facebook.com\/Ihan-Pihkassa-108668044044119","https:\/\/www.instagram.com\/ihan_pihkassa\/","https:\/\/www.linkedin.com\/company\/68258403\/admin\/","https:\/\/fi.pinterest.com\/ihanpihkassa\/","https:\/\/www.youtube.com\/channel\/UC4QPAvQFMnzN-_t_dSjAWcw"]}]}},"jetpack_publicize_connections":[],"jetpack_likes_enabled":false,"jetpack_sharing_enabled":true,"_links":{"self":[{"href":"https:\/\/ihanpihkassa.fi\/en\/wp-json\/wp\/v2\/product\/3297","targetHints":{"allow":["GET"]}}],"collection":[{"href":"https:\/\/ihanpihkassa.fi\/en\/wp-json\/wp\/v2\/product"}],"about":[{"href":"https:\/\/ihanpihkassa.fi\/en\/wp-json\/wp\/v2\/types\/product"}],"replies":[{"embeddable":true,"href":"https:\/\/ihanpihkassa.fi\/en\/wp-json\/wp\/v2\/comments?post=3297"}],"wp:featuredmedia":[{"embeddable":true,"href":"https:\/\/ihanpihkassa.fi\/en\/wp-json\/wp\/v2\/media\/3311"}],"wp:attachment":[{"href":"https:\/\/ihanpihkassa.fi\/en\/wp-json\/wp\/v2\/media?parent=3297"}],"wp:term":[{"taxonomy":"product_brand","embeddable":true,"href":"https:\/\/ihanpihkassa.fi\/en\/wp-json\/wp\/v2\/product_brand?post=3297"},{"taxonomy":"product_cat","embeddable":true,"href":"https:\/\/ihanpihkassa.fi\/en\/wp-json\/wp\/v2\/product_cat?post=3297"},{"taxonomy":"product_tag","embeddable":true,"href":"https:\/\/ihanpihkassa.fi\/en\/wp-json\/wp\/v2\/product_tag?post=3297"}],"curies":[{"name":"wp","href":"https:\/\/api.w.org\/{rel}","templated":true}]}}