{"id":3310,"date":"2022-08-24T18:41:28","date_gmt":"2022-08-24T15:41:28","guid":{"rendered":"https:\/\/ihanpihkassa.fi\/?post_type=product&#038;p=3310"},"modified":"2025-12-22T13:07:05","modified_gmt":"2025-12-22T11:07:05","slug":"hani-saippua","status":"publish","type":"product","link":"https:\/\/ihanpihkassa.fi\/en\/kauppa\/hani-saippua\/","title":{"rendered":"Honey &amp; Coconut Soap"},"content":{"rendered":"<p>Suloinen kuin kes\u00e4p\u00e4iv\u00e4, hunajan ja kookoksen tuoksuinen k\u00e4sintehty ja kosteuttava saippua. K\u00e4sity\u00f6n\u00e4 valmistettu ja viimeistelty kauniilla saippuasta tehdyll\u00e4 ampiaiskoristeilla, se on kuin pieni taideteos kylpyhuoneessasi. Kokeile t\u00e4t\u00e4 saippuaa ja anna itsellesi hetki hemmottelua.<\/p>\n<p>Ingredients: Sodium Olivate,Sodium Cocoate, Glycerin, Sodium Shea Butterate, Sodium Cocoa Butterate, Sodium Apricot Kernelate, Sodium Ricinoleate, Bentonite,Parfum, Sodium Chloride, mica, Carbon Black, Spirulina Platensis powder<\/p>\n<p>Manufacturer: Arctic Soapery, Kittil\u00e4.<\/p>","protected":false},"excerpt":{"rendered":"<p>Suloinen kuin kes\u00e4p\u00e4iv\u00e4, hunajan ja kookoksen tuoksuinen k\u00e4sintehty ja kosteuttava saippua. K\u00e4sity\u00f6n\u00e4 valmistettu ja viimeistelty kauniilla saippuasta tehdyll\u00e4 ampiaiskoristeilla, se on kuin pieni taideteos kylpyhuoneessasi.<\/p>","protected":false},"featured_media":3312,"comment_status":"open","ping_status":"closed","template":"","meta":{"_coblocks_attr":"","_coblocks_dimensions":"","_coblocks_responsive_height":"","_coblocks_accordion_ie_support":"","_crdt_document":"","jetpack_publicize_message":"","jetpack_publicize_feature_enabled":true,"jetpack_social_post_already_shared":true,"jetpack_social_options":{"image_generator_settings":{"template":"highway","default_image_id":0,"font":"","enabled":false},"version":2},"_wpas_customize_per_network":false},"product_brand":[],"product_cat":[126524],"product_tag":[],"class_list":{"0":"post-3310","1":"product","2":"type-product","3":"status-publish","4":"has-post-thumbnail","6":"product_cat-saippuat","7":"entry","9":"first","10":"instock","11":"taxable","12":"shipping-taxable","13":"purchasable","14":"product-type-simple"},"yoast_head":"<!-- This site is optimized with the Yoast SEO plugin v27.4 - https:\/\/yoast.com\/product\/yoast-seo-wordpress\/ -->\n<title>Hani-saippua - IHAN PIHKASSA<\/title>\n<meta name=\"description\" content=\"Suloinen kuin kes\u00e4p\u00e4iv\u00e4, hunajan ja kookoksen tuoksuinen k\u00e4sintehty ja kosteuttava saippua. K\u00e4sity\u00f6n\u00e4 valmistettu ja viimeistelty kauniilla ampiaiskoristeilla.\" \/>\n<meta name=\"robots\" content=\"index, follow, max-snippet:-1, max-image-preview:large, max-video-preview:-1\" \/>\n<link rel=\"canonical\" href=\"https:\/\/ihanpihkassa.fi\/en\/kauppa\/hani-saippua\/\" \/>\n<meta property=\"og:locale\" content=\"en_GB\" \/>\n<meta property=\"og:type\" content=\"article\" \/>\n<meta property=\"og:title\" content=\"Hani-saippua - IHAN PIHKASSA\" \/>\n<meta property=\"og:description\" content=\"Suloinen kuin kes\u00e4p\u00e4iv\u00e4, hunajan ja kookoksen tuoksuinen k\u00e4sintehty ja kosteuttava saippua. K\u00e4sity\u00f6n\u00e4 valmistettu ja viimeistelty kauniilla ampiaiskoristeilla.\" \/>\n<meta property=\"og:url\" content=\"https:\/\/ihanpihkassa.fi\/en\/kauppa\/hani-saippua\/\" \/>\n<meta property=\"og:site_name\" content=\"IHAN PIHKASSA\" \/>\n<meta property=\"article:publisher\" content=\"https:\/\/www.facebook.com\/Ihan-Pihkassa-108668044044119\" \/>\n<meta property=\"article:modified_time\" content=\"2025-12-22T11:07:05+00:00\" \/>\n<meta property=\"og:image\" content=\"https:\/\/ihanpihkassa.fi\/wp-content\/uploads\/2022\/08\/Ihan-Pihkassa-Arctic-Soapery-Hani-saippua_hunaja-ja-kookos.jpeg\" \/>\n\t<meta property=\"og:image:width\" content=\"1500\" \/>\n\t<meta property=\"og:image:height\" content=\"1000\" \/>\n\t<meta property=\"og:image:type\" content=\"image\/jpeg\" \/>\n<meta name=\"twitter:card\" content=\"summary_large_image\" \/>\n<meta name=\"twitter:label1\" content=\"Estimated reading time\" \/>\n\t<meta name=\"twitter:data1\" content=\"1 minute\" \/>\n<script type=\"application\/ld+json\" class=\"yoast-schema-graph\">{\"@context\":\"https:\\\/\\\/schema.org\",\"@graph\":[{\"@type\":\"WebPage\",\"@id\":\"https:\\\/\\\/ihanpihkassa.fi\\\/kauppa\\\/hani-saippua\\\/\",\"url\":\"https:\\\/\\\/ihanpihkassa.fi\\\/kauppa\\\/hani-saippua\\\/\",\"name\":\"Hani-saippua - IHAN PIHKASSA\",\"isPartOf\":{\"@id\":\"https:\\\/\\\/ihanpihkassa.fi\\\/en\\\/#website\"},\"primaryImageOfPage\":{\"@id\":\"https:\\\/\\\/ihanpihkassa.fi\\\/kauppa\\\/hani-saippua\\\/#primaryimage\"},\"image\":{\"@id\":\"https:\\\/\\\/ihanpihkassa.fi\\\/kauppa\\\/hani-saippua\\\/#primaryimage\"},\"thumbnailUrl\":\"https:\\\/\\\/i0.wp.com\\\/ihanpihkassa.fi\\\/wp-content\\\/uploads\\\/2022\\\/08\\\/Ihan-Pihkassa-Arctic-Soapery-Hani-saippua_hunaja-ja-kookos.jpeg?fit=1500%2C1000&ssl=1\",\"datePublished\":\"2022-08-24T15:41:28+00:00\",\"dateModified\":\"2025-12-22T11:07:05+00:00\",\"description\":\"Suloinen kuin kes\u00e4p\u00e4iv\u00e4, hunajan ja kookoksen tuoksuinen k\u00e4sintehty ja kosteuttava saippua. K\u00e4sity\u00f6n\u00e4 valmistettu ja viimeistelty kauniilla ampiaiskoristeilla.\",\"breadcrumb\":{\"@id\":\"https:\\\/\\\/ihanpihkassa.fi\\\/kauppa\\\/hani-saippua\\\/#breadcrumb\"},\"inLanguage\":\"en-GB\",\"potentialAction\":[{\"@type\":\"ReadAction\",\"target\":[\"https:\\\/\\\/ihanpihkassa.fi\\\/kauppa\\\/hani-saippua\\\/\"]}]},{\"@type\":\"ImageObject\",\"inLanguage\":\"en-GB\",\"@id\":\"https:\\\/\\\/ihanpihkassa.fi\\\/kauppa\\\/hani-saippua\\\/#primaryimage\",\"url\":\"https:\\\/\\\/i0.wp.com\\\/ihanpihkassa.fi\\\/wp-content\\\/uploads\\\/2022\\\/08\\\/Ihan-Pihkassa-Arctic-Soapery-Hani-saippua_hunaja-ja-kookos.jpeg?fit=1500%2C1000&ssl=1\",\"contentUrl\":\"https:\\\/\\\/i0.wp.com\\\/ihanpihkassa.fi\\\/wp-content\\\/uploads\\\/2022\\\/08\\\/Ihan-Pihkassa-Arctic-Soapery-Hani-saippua_hunaja-ja-kookos.jpeg?fit=1500%2C1000&ssl=1\",\"width\":1500,\"height\":1000,\"caption\":\"Ihan Pihkassa Arctic Soapery Hani-saippua\"},{\"@type\":\"BreadcrumbList\",\"@id\":\"https:\\\/\\\/ihanpihkassa.fi\\\/kauppa\\\/hani-saippua\\\/#breadcrumb\",\"itemListElement\":[{\"@type\":\"ListItem\",\"position\":1,\"name\":\"Etusivu\",\"item\":\"https:\\\/\\\/ihanpihkassa.fi\\\/\"},{\"@type\":\"ListItem\",\"position\":2,\"name\":\"Kauppa\",\"item\":\"https:\\\/\\\/ihanpihkassa.fi\\\/kauppa\\\/\"},{\"@type\":\"ListItem\",\"position\":3,\"name\":\"Hani-saippua\"}]},{\"@type\":\"WebSite\",\"@id\":\"https:\\\/\\\/ihanpihkassa.fi\\\/en\\\/#website\",\"url\":\"https:\\\/\\\/ihanpihkassa.fi\\\/en\\\/\",\"name\":\"IHAN PIHKASSA\",\"description\":\"Suomalaista luonnonkosmetiikkaa ihon hyvinvointiin\",\"publisher\":{\"@id\":\"https:\\\/\\\/ihanpihkassa.fi\\\/en\\\/#organization\"},\"potentialAction\":[{\"@type\":\"SearchAction\",\"target\":{\"@type\":\"EntryPoint\",\"urlTemplate\":\"https:\\\/\\\/ihanpihkassa.fi\\\/en\\\/?s={search_term_string}\"},\"query-input\":{\"@type\":\"PropertyValueSpecification\",\"valueRequired\":true,\"valueName\":\"search_term_string\"}}],\"inLanguage\":\"en-GB\"},{\"@type\":\"Organization\",\"@id\":\"https:\\\/\\\/ihanpihkassa.fi\\\/en\\\/#organization\",\"name\":\"Ihan Pihkassa\",\"url\":\"https:\\\/\\\/ihanpihkassa.fi\\\/en\\\/\",\"logo\":{\"@type\":\"ImageObject\",\"inLanguage\":\"en-GB\",\"@id\":\"https:\\\/\\\/ihanpihkassa.fi\\\/en\\\/#\\\/schema\\\/logo\\\/image\\\/\",\"url\":\"https:\\\/\\\/ihanpihkassa.fi\\\/wp-content\\\/uploads\\\/2020\\\/10\\\/ihan_pihkassa_logo.jpg\",\"contentUrl\":\"https:\\\/\\\/ihanpihkassa.fi\\\/wp-content\\\/uploads\\\/2020\\\/10\\\/ihan_pihkassa_logo.jpg\",\"width\":1458,\"height\":1077,\"caption\":\"Ihan Pihkassa\"},\"image\":{\"@id\":\"https:\\\/\\\/ihanpihkassa.fi\\\/en\\\/#\\\/schema\\\/logo\\\/image\\\/\"},\"sameAs\":[\"https:\\\/\\\/www.facebook.com\\\/Ihan-Pihkassa-108668044044119\",\"https:\\\/\\\/www.instagram.com\\\/ihan_pihkassa\\\/\",\"https:\\\/\\\/www.linkedin.com\\\/company\\\/68258403\\\/admin\\\/\",\"https:\\\/\\\/fi.pinterest.com\\\/ihanpihkassa\\\/\",\"https:\\\/\\\/www.youtube.com\\\/channel\\\/UC4QPAvQFMnzN-_t_dSjAWcw\"]}]}<\/script>\n<!-- \/ Yoast SEO plugin. -->","yoast_head_json":{"title":"Hani-saippua - IHAN PIHKASSA","description":"Suloinen kuin kes\u00e4p\u00e4iv\u00e4, hunajan ja kookoksen tuoksuinen k\u00e4sintehty ja kosteuttava saippua. K\u00e4sity\u00f6n\u00e4 valmistettu ja viimeistelty kauniilla ampiaiskoristeilla.","robots":{"index":"index","follow":"follow","max-snippet":"max-snippet:-1","max-image-preview":"max-image-preview:large","max-video-preview":"max-video-preview:-1"},"canonical":"https:\/\/ihanpihkassa.fi\/en\/kauppa\/hani-saippua\/","og_locale":"en_GB","og_type":"article","og_title":"Hani-saippua - IHAN PIHKASSA","og_description":"Suloinen kuin kes\u00e4p\u00e4iv\u00e4, hunajan ja kookoksen tuoksuinen k\u00e4sintehty ja kosteuttava saippua. K\u00e4sity\u00f6n\u00e4 valmistettu ja viimeistelty kauniilla ampiaiskoristeilla.","og_url":"https:\/\/ihanpihkassa.fi\/en\/kauppa\/hani-saippua\/","og_site_name":"IHAN PIHKASSA","article_publisher":"https:\/\/www.facebook.com\/Ihan-Pihkassa-108668044044119","article_modified_time":"2025-12-22T11:07:05+00:00","og_image":[{"width":1500,"height":1000,"url":"https:\/\/ihanpihkassa.fi\/wp-content\/uploads\/2022\/08\/Ihan-Pihkassa-Arctic-Soapery-Hani-saippua_hunaja-ja-kookos.jpeg","type":"image\/jpeg"}],"twitter_card":"summary_large_image","twitter_misc":{"Estimated reading time":"1 minute"},"schema":{"@context":"https:\/\/schema.org","@graph":[{"@type":"WebPage","@id":"https:\/\/ihanpihkassa.fi\/kauppa\/hani-saippua\/","url":"https:\/\/ihanpihkassa.fi\/kauppa\/hani-saippua\/","name":"Hani-saippua - IHAN PIHKASSA","isPartOf":{"@id":"https:\/\/ihanpihkassa.fi\/en\/#website"},"primaryImageOfPage":{"@id":"https:\/\/ihanpihkassa.fi\/kauppa\/hani-saippua\/#primaryimage"},"image":{"@id":"https:\/\/ihanpihkassa.fi\/kauppa\/hani-saippua\/#primaryimage"},"thumbnailUrl":"https:\/\/i0.wp.com\/ihanpihkassa.fi\/wp-content\/uploads\/2022\/08\/Ihan-Pihkassa-Arctic-Soapery-Hani-saippua_hunaja-ja-kookos.jpeg?fit=1500%2C1000&ssl=1","datePublished":"2022-08-24T15:41:28+00:00","dateModified":"2025-12-22T11:07:05+00:00","description":"Suloinen kuin kes\u00e4p\u00e4iv\u00e4, hunajan ja kookoksen tuoksuinen k\u00e4sintehty ja kosteuttava saippua. K\u00e4sity\u00f6n\u00e4 valmistettu ja viimeistelty kauniilla ampiaiskoristeilla.","breadcrumb":{"@id":"https:\/\/ihanpihkassa.fi\/kauppa\/hani-saippua\/#breadcrumb"},"inLanguage":"en-GB","potentialAction":[{"@type":"ReadAction","target":["https:\/\/ihanpihkassa.fi\/kauppa\/hani-saippua\/"]}]},{"@type":"ImageObject","inLanguage":"en-GB","@id":"https:\/\/ihanpihkassa.fi\/kauppa\/hani-saippua\/#primaryimage","url":"https:\/\/i0.wp.com\/ihanpihkassa.fi\/wp-content\/uploads\/2022\/08\/Ihan-Pihkassa-Arctic-Soapery-Hani-saippua_hunaja-ja-kookos.jpeg?fit=1500%2C1000&ssl=1","contentUrl":"https:\/\/i0.wp.com\/ihanpihkassa.fi\/wp-content\/uploads\/2022\/08\/Ihan-Pihkassa-Arctic-Soapery-Hani-saippua_hunaja-ja-kookos.jpeg?fit=1500%2C1000&ssl=1","width":1500,"height":1000,"caption":"Ihan Pihkassa Arctic Soapery Hani-saippua"},{"@type":"BreadcrumbList","@id":"https:\/\/ihanpihkassa.fi\/kauppa\/hani-saippua\/#breadcrumb","itemListElement":[{"@type":"ListItem","position":1,"name":"Etusivu","item":"https:\/\/ihanpihkassa.fi\/"},{"@type":"ListItem","position":2,"name":"Kauppa","item":"https:\/\/ihanpihkassa.fi\/kauppa\/"},{"@type":"ListItem","position":3,"name":"Hani-saippua"}]},{"@type":"WebSite","@id":"https:\/\/ihanpihkassa.fi\/en\/#website","url":"https:\/\/ihanpihkassa.fi\/en\/","name":"IHAN PIHKASSA","description":"Finnish natural cosmetics for the wellbeing of your skin","publisher":{"@id":"https:\/\/ihanpihkassa.fi\/en\/#organization"},"potentialAction":[{"@type":"SearchAction","target":{"@type":"EntryPoint","urlTemplate":"https:\/\/ihanpihkassa.fi\/en\/?s={search_term_string}"},"query-input":{"@type":"PropertyValueSpecification","valueRequired":true,"valueName":"search_term_string"}}],"inLanguage":"en-GB"},{"@type":"Organization","@id":"https:\/\/ihanpihkassa.fi\/en\/#organization","name":"Ihan Pihkassa","url":"https:\/\/ihanpihkassa.fi\/en\/","logo":{"@type":"ImageObject","inLanguage":"en-GB","@id":"https:\/\/ihanpihkassa.fi\/en\/#\/schema\/logo\/image\/","url":"https:\/\/ihanpihkassa.fi\/wp-content\/uploads\/2020\/10\/ihan_pihkassa_logo.jpg","contentUrl":"https:\/\/ihanpihkassa.fi\/wp-content\/uploads\/2020\/10\/ihan_pihkassa_logo.jpg","width":1458,"height":1077,"caption":"Ihan Pihkassa"},"image":{"@id":"https:\/\/ihanpihkassa.fi\/en\/#\/schema\/logo\/image\/"},"sameAs":["https:\/\/www.facebook.com\/Ihan-Pihkassa-108668044044119","https:\/\/www.instagram.com\/ihan_pihkassa\/","https:\/\/www.linkedin.com\/company\/68258403\/admin\/","https:\/\/fi.pinterest.com\/ihanpihkassa\/","https:\/\/www.youtube.com\/channel\/UC4QPAvQFMnzN-_t_dSjAWcw"]}]}},"jetpack_publicize_connections":[],"jetpack_likes_enabled":false,"jetpack_sharing_enabled":true,"_links":{"self":[{"href":"https:\/\/ihanpihkassa.fi\/en\/wp-json\/wp\/v2\/product\/3310","targetHints":{"allow":["GET"]}}],"collection":[{"href":"https:\/\/ihanpihkassa.fi\/en\/wp-json\/wp\/v2\/product"}],"about":[{"href":"https:\/\/ihanpihkassa.fi\/en\/wp-json\/wp\/v2\/types\/product"}],"replies":[{"embeddable":true,"href":"https:\/\/ihanpihkassa.fi\/en\/wp-json\/wp\/v2\/comments?post=3310"}],"wp:featuredmedia":[{"embeddable":true,"href":"https:\/\/ihanpihkassa.fi\/en\/wp-json\/wp\/v2\/media\/3312"}],"wp:attachment":[{"href":"https:\/\/ihanpihkassa.fi\/en\/wp-json\/wp\/v2\/media?parent=3310"}],"wp:term":[{"taxonomy":"product_brand","embeddable":true,"href":"https:\/\/ihanpihkassa.fi\/en\/wp-json\/wp\/v2\/product_brand?post=3310"},{"taxonomy":"product_cat","embeddable":true,"href":"https:\/\/ihanpihkassa.fi\/en\/wp-json\/wp\/v2\/product_cat?post=3310"},{"taxonomy":"product_tag","embeddable":true,"href":"https:\/\/ihanpihkassa.fi\/en\/wp-json\/wp\/v2\/product_tag?post=3310"}],"curies":[{"name":"wp","href":"https:\/\/api.w.org\/{rel}","templated":true}]}}