{"id":465,"date":"2020-08-25T13:39:30","date_gmt":"2020-08-25T10:39:30","guid":{"rendered":"https:\/\/ihanpihkassa.fi\/?post_type=product&#038;p=465"},"modified":"2025-12-19T22:48:24","modified_gmt":"2025-12-19T20:48:24","slug":"kamomilla-laventelikylpypommi","status":"publish","type":"product","link":"https:\/\/ihanpihkassa.fi\/en\/kauppa\/kamomilla-laventelikylpypommi\/","title":{"rendered":"Camomile and Lavender Bath Bomb"},"content":{"rendered":"<p>The herbs of Ihan Pihkassa Chamomile and Lavender Bath Bombs nurtures and soothens the skin. Chamomile soothens sensitive skin, eases restlessness and helps with sleep. Lavender soothens and eases insomnia. Heather pampers your skin.<\/p>\n<p>K\u00e4ytt\u00f6ohje: Pieni\u00e4 kylpypommeja 1-3 kpl jalka- tai k\u00e4sikylpyyn. Isoja kylpypommeja 1 kpl kylpyammeeseen.<\/p>\n<p>Ingredients: baking soda, citric acid, cornstarch, dried flowers (chamomile, heather, lavender), water.<\/p>","protected":false},"excerpt":{"rendered":"<p>Ihan Pihkassa -kamomilla-laventelikylpypommin yrtit hoitavat ja rauhoittavat ihoa. Kamomilla rauhoittaa herkk\u00e4\u00e4 ihoa, lievitt\u00e4\u00e4 rauhatonta oloa ja edist\u00e4\u00e4 unentuloa. Laventeli rentouttaa ja helpottaa unettomuutta. Kanerva on rauhoittava kasvi, joka hellii ihoa.<\/p>","protected":false},"featured_media":1193,"comment_status":"open","ping_status":"closed","template":"","meta":{"_coblocks_attr":"","_coblocks_dimensions":"","_coblocks_responsive_height":"","_coblocks_accordion_ie_support":"","_crdt_document":"","jetpack_publicize_message":"","jetpack_publicize_feature_enabled":true,"jetpack_social_post_already_shared":false,"jetpack_social_options":{"image_generator_settings":{"template":"highway","default_image_id":0,"font":"","enabled":false},"version":2},"_wpas_customize_per_network":false},"product_brand":[],"product_cat":[126433],"product_tag":[126453,126445,126452,126442,126441],"class_list":{"0":"post-465","1":"product","2":"type-product","3":"status-publish","4":"has-post-thumbnail","6":"product_cat-kylpypommit","7":"product_tag-kamomilla","8":"product_tag-kylpypommi","9":"product_tag-laventeli","10":"product_tag-yrtit","11":"product_tag-yrtti","12":"entry","14":"first","15":"outofstock","16":"taxable","17":"shipping-taxable","18":"purchasable","19":"product-type-variable"},"yoast_head":"<!-- This site is optimized with the Yoast SEO plugin v27.4 - https:\/\/yoast.com\/product\/yoast-seo-wordpress\/ -->\n<title>Kamomilla-laventelikylpypommi - IHAN PIHKASSA<\/title>\n<meta name=\"description\" content=\"Ihan Pihkassa -kylpypommit ovat suomalaista k\u00e4sintehty\u00e4 luonnonkosmetiikkaa. Kylpypommien yrtit hoitavat ja el\u00e4v\u00f6itt\u00e4v\u00e4t ihoa.\" \/>\n<meta name=\"robots\" content=\"index, follow, max-snippet:-1, max-image-preview:large, max-video-preview:-1\" \/>\n<link rel=\"canonical\" href=\"https:\/\/ihanpihkassa.fi\/en\/kauppa\/kamomilla-laventelikylpypommi\/\" \/>\n<meta property=\"og:locale\" content=\"en_GB\" \/>\n<meta property=\"og:type\" content=\"article\" \/>\n<meta property=\"og:title\" content=\"Kamomilla-laventelikylpypommi - IHAN PIHKASSA\" \/>\n<meta property=\"og:description\" content=\"Ihan Pihkassa -kylpypommit ovat suomalaista k\u00e4sintehty\u00e4 luonnonkosmetiikkaa. Kylpypommien yrtit hoitavat ja el\u00e4v\u00f6itt\u00e4v\u00e4t ihoa.\" \/>\n<meta property=\"og:url\" content=\"https:\/\/ihanpihkassa.fi\/en\/kauppa\/kamomilla-laventelikylpypommi\/\" \/>\n<meta property=\"og:site_name\" content=\"IHAN PIHKASSA\" \/>\n<meta property=\"article:publisher\" content=\"https:\/\/www.facebook.com\/Ihan-Pihkassa-108668044044119\" \/>\n<meta property=\"article:modified_time\" content=\"2025-12-19T20:48:24+00:00\" \/>\n<meta property=\"og:image\" content=\"https:\/\/ihanpihkassa.fi\/wp-content\/uploads\/2020\/08\/Ihan-Pihkassa_kamomilla-laventeli-1024x683.jpg\" \/>\n\t<meta property=\"og:image:width\" content=\"1024\" \/>\n\t<meta property=\"og:image:height\" content=\"683\" \/>\n\t<meta property=\"og:image:type\" content=\"image\/jpeg\" \/>\n<meta name=\"twitter:card\" content=\"summary_large_image\" \/>\n<meta name=\"twitter:label1\" content=\"Estimated reading time\" \/>\n\t<meta name=\"twitter:data1\" content=\"1 minute\" \/>\n<script type=\"application\/ld+json\" class=\"yoast-schema-graph\">{\"@context\":\"https:\\\/\\\/schema.org\",\"@graph\":[{\"@type\":\"WebPage\",\"@id\":\"https:\\\/\\\/ihanpihkassa.fi\\\/kauppa\\\/kamomilla-laventelikylpypommi\\\/\",\"url\":\"https:\\\/\\\/ihanpihkassa.fi\\\/kauppa\\\/kamomilla-laventelikylpypommi\\\/\",\"name\":\"Kamomilla-laventelikylpypommi - IHAN PIHKASSA\",\"isPartOf\":{\"@id\":\"https:\\\/\\\/ihanpihkassa.fi\\\/en\\\/#website\"},\"primaryImageOfPage\":{\"@id\":\"https:\\\/\\\/ihanpihkassa.fi\\\/kauppa\\\/kamomilla-laventelikylpypommi\\\/#primaryimage\"},\"image\":{\"@id\":\"https:\\\/\\\/ihanpihkassa.fi\\\/kauppa\\\/kamomilla-laventelikylpypommi\\\/#primaryimage\"},\"thumbnailUrl\":\"https:\\\/\\\/i0.wp.com\\\/ihanpihkassa.fi\\\/wp-content\\\/uploads\\\/2020\\\/08\\\/Ihan-Pihkassa_kamomilla-laventeli.jpg?fit=3888%2C2592&ssl=1\",\"datePublished\":\"2020-08-25T10:39:30+00:00\",\"dateModified\":\"2025-12-19T20:48:24+00:00\",\"description\":\"Ihan Pihkassa -kylpypommit ovat suomalaista k\u00e4sintehty\u00e4 luonnonkosmetiikkaa. Kylpypommien yrtit hoitavat ja el\u00e4v\u00f6itt\u00e4v\u00e4t ihoa.\",\"breadcrumb\":{\"@id\":\"https:\\\/\\\/ihanpihkassa.fi\\\/kauppa\\\/kamomilla-laventelikylpypommi\\\/#breadcrumb\"},\"inLanguage\":\"en-GB\",\"potentialAction\":[{\"@type\":\"ReadAction\",\"target\":[\"https:\\\/\\\/ihanpihkassa.fi\\\/kauppa\\\/kamomilla-laventelikylpypommi\\\/\"]}]},{\"@type\":\"ImageObject\",\"inLanguage\":\"en-GB\",\"@id\":\"https:\\\/\\\/ihanpihkassa.fi\\\/kauppa\\\/kamomilla-laventelikylpypommi\\\/#primaryimage\",\"url\":\"https:\\\/\\\/i0.wp.com\\\/ihanpihkassa.fi\\\/wp-content\\\/uploads\\\/2020\\\/08\\\/Ihan-Pihkassa_kamomilla-laventeli.jpg?fit=3888%2C2592&ssl=1\",\"contentUrl\":\"https:\\\/\\\/i0.wp.com\\\/ihanpihkassa.fi\\\/wp-content\\\/uploads\\\/2020\\\/08\\\/Ihan-Pihkassa_kamomilla-laventeli.jpg?fit=3888%2C2592&ssl=1\",\"width\":3888,\"height\":2592,\"caption\":\"Ihan Pihkassa kamomilla-laventelikylpypommi\"},{\"@type\":\"BreadcrumbList\",\"@id\":\"https:\\\/\\\/ihanpihkassa.fi\\\/kauppa\\\/kamomilla-laventelikylpypommi\\\/#breadcrumb\",\"itemListElement\":[{\"@type\":\"ListItem\",\"position\":1,\"name\":\"Etusivu\",\"item\":\"https:\\\/\\\/ihanpihkassa.fi\\\/\"},{\"@type\":\"ListItem\",\"position\":2,\"name\":\"Kauppa\",\"item\":\"https:\\\/\\\/ihanpihkassa.fi\\\/kauppa\\\/\"},{\"@type\":\"ListItem\",\"position\":3,\"name\":\"Kamomilla-laventelikylpypommi\"}]},{\"@type\":\"WebSite\",\"@id\":\"https:\\\/\\\/ihanpihkassa.fi\\\/en\\\/#website\",\"url\":\"https:\\\/\\\/ihanpihkassa.fi\\\/en\\\/\",\"name\":\"IHAN PIHKASSA\",\"description\":\"Suomalaista luonnonkosmetiikkaa ihon hyvinvointiin\",\"publisher\":{\"@id\":\"https:\\\/\\\/ihanpihkassa.fi\\\/en\\\/#organization\"},\"potentialAction\":[{\"@type\":\"SearchAction\",\"target\":{\"@type\":\"EntryPoint\",\"urlTemplate\":\"https:\\\/\\\/ihanpihkassa.fi\\\/en\\\/?s={search_term_string}\"},\"query-input\":{\"@type\":\"PropertyValueSpecification\",\"valueRequired\":true,\"valueName\":\"search_term_string\"}}],\"inLanguage\":\"en-GB\"},{\"@type\":\"Organization\",\"@id\":\"https:\\\/\\\/ihanpihkassa.fi\\\/en\\\/#organization\",\"name\":\"Ihan Pihkassa\",\"url\":\"https:\\\/\\\/ihanpihkassa.fi\\\/en\\\/\",\"logo\":{\"@type\":\"ImageObject\",\"inLanguage\":\"en-GB\",\"@id\":\"https:\\\/\\\/ihanpihkassa.fi\\\/en\\\/#\\\/schema\\\/logo\\\/image\\\/\",\"url\":\"https:\\\/\\\/ihanpihkassa.fi\\\/wp-content\\\/uploads\\\/2020\\\/10\\\/ihan_pihkassa_logo.jpg\",\"contentUrl\":\"https:\\\/\\\/ihanpihkassa.fi\\\/wp-content\\\/uploads\\\/2020\\\/10\\\/ihan_pihkassa_logo.jpg\",\"width\":1458,\"height\":1077,\"caption\":\"Ihan Pihkassa\"},\"image\":{\"@id\":\"https:\\\/\\\/ihanpihkassa.fi\\\/en\\\/#\\\/schema\\\/logo\\\/image\\\/\"},\"sameAs\":[\"https:\\\/\\\/www.facebook.com\\\/Ihan-Pihkassa-108668044044119\",\"https:\\\/\\\/www.instagram.com\\\/ihan_pihkassa\\\/\",\"https:\\\/\\\/www.linkedin.com\\\/company\\\/68258403\\\/admin\\\/\",\"https:\\\/\\\/fi.pinterest.com\\\/ihanpihkassa\\\/\",\"https:\\\/\\\/www.youtube.com\\\/channel\\\/UC4QPAvQFMnzN-_t_dSjAWcw\"]}]}<\/script>\n<!-- \/ Yoast SEO plugin. -->","yoast_head_json":{"title":"Kamomilla-laventelikylpypommi - IHAN PIHKASSA","description":"Ihan Pihkassa -kylpypommit ovat suomalaista k\u00e4sintehty\u00e4 luonnonkosmetiikkaa. Kylpypommien yrtit hoitavat ja el\u00e4v\u00f6itt\u00e4v\u00e4t ihoa.","robots":{"index":"index","follow":"follow","max-snippet":"max-snippet:-1","max-image-preview":"max-image-preview:large","max-video-preview":"max-video-preview:-1"},"canonical":"https:\/\/ihanpihkassa.fi\/en\/kauppa\/kamomilla-laventelikylpypommi\/","og_locale":"en_GB","og_type":"article","og_title":"Kamomilla-laventelikylpypommi - IHAN PIHKASSA","og_description":"Ihan Pihkassa -kylpypommit ovat suomalaista k\u00e4sintehty\u00e4 luonnonkosmetiikkaa. Kylpypommien yrtit hoitavat ja el\u00e4v\u00f6itt\u00e4v\u00e4t ihoa.","og_url":"https:\/\/ihanpihkassa.fi\/en\/kauppa\/kamomilla-laventelikylpypommi\/","og_site_name":"IHAN PIHKASSA","article_publisher":"https:\/\/www.facebook.com\/Ihan-Pihkassa-108668044044119","article_modified_time":"2025-12-19T20:48:24+00:00","og_image":[{"width":1024,"height":683,"url":"https:\/\/ihanpihkassa.fi\/wp-content\/uploads\/2020\/08\/Ihan-Pihkassa_kamomilla-laventeli-1024x683.jpg","type":"image\/jpeg"}],"twitter_card":"summary_large_image","twitter_misc":{"Estimated reading time":"1 minute"},"schema":{"@context":"https:\/\/schema.org","@graph":[{"@type":"WebPage","@id":"https:\/\/ihanpihkassa.fi\/kauppa\/kamomilla-laventelikylpypommi\/","url":"https:\/\/ihanpihkassa.fi\/kauppa\/kamomilla-laventelikylpypommi\/","name":"Kamomilla-laventelikylpypommi - IHAN PIHKASSA","isPartOf":{"@id":"https:\/\/ihanpihkassa.fi\/en\/#website"},"primaryImageOfPage":{"@id":"https:\/\/ihanpihkassa.fi\/kauppa\/kamomilla-laventelikylpypommi\/#primaryimage"},"image":{"@id":"https:\/\/ihanpihkassa.fi\/kauppa\/kamomilla-laventelikylpypommi\/#primaryimage"},"thumbnailUrl":"https:\/\/i0.wp.com\/ihanpihkassa.fi\/wp-content\/uploads\/2020\/08\/Ihan-Pihkassa_kamomilla-laventeli.jpg?fit=3888%2C2592&ssl=1","datePublished":"2020-08-25T10:39:30+00:00","dateModified":"2025-12-19T20:48:24+00:00","description":"Ihan Pihkassa -kylpypommit ovat suomalaista k\u00e4sintehty\u00e4 luonnonkosmetiikkaa. Kylpypommien yrtit hoitavat ja el\u00e4v\u00f6itt\u00e4v\u00e4t ihoa.","breadcrumb":{"@id":"https:\/\/ihanpihkassa.fi\/kauppa\/kamomilla-laventelikylpypommi\/#breadcrumb"},"inLanguage":"en-GB","potentialAction":[{"@type":"ReadAction","target":["https:\/\/ihanpihkassa.fi\/kauppa\/kamomilla-laventelikylpypommi\/"]}]},{"@type":"ImageObject","inLanguage":"en-GB","@id":"https:\/\/ihanpihkassa.fi\/kauppa\/kamomilla-laventelikylpypommi\/#primaryimage","url":"https:\/\/i0.wp.com\/ihanpihkassa.fi\/wp-content\/uploads\/2020\/08\/Ihan-Pihkassa_kamomilla-laventeli.jpg?fit=3888%2C2592&ssl=1","contentUrl":"https:\/\/i0.wp.com\/ihanpihkassa.fi\/wp-content\/uploads\/2020\/08\/Ihan-Pihkassa_kamomilla-laventeli.jpg?fit=3888%2C2592&ssl=1","width":3888,"height":2592,"caption":"Ihan Pihkassa kamomilla-laventelikylpypommi"},{"@type":"BreadcrumbList","@id":"https:\/\/ihanpihkassa.fi\/kauppa\/kamomilla-laventelikylpypommi\/#breadcrumb","itemListElement":[{"@type":"ListItem","position":1,"name":"Etusivu","item":"https:\/\/ihanpihkassa.fi\/"},{"@type":"ListItem","position":2,"name":"Kauppa","item":"https:\/\/ihanpihkassa.fi\/kauppa\/"},{"@type":"ListItem","position":3,"name":"Kamomilla-laventelikylpypommi"}]},{"@type":"WebSite","@id":"https:\/\/ihanpihkassa.fi\/en\/#website","url":"https:\/\/ihanpihkassa.fi\/en\/","name":"IHAN PIHKASSA","description":"Finnish natural cosmetics for the wellbeing of your skin","publisher":{"@id":"https:\/\/ihanpihkassa.fi\/en\/#organization"},"potentialAction":[{"@type":"SearchAction","target":{"@type":"EntryPoint","urlTemplate":"https:\/\/ihanpihkassa.fi\/en\/?s={search_term_string}"},"query-input":{"@type":"PropertyValueSpecification","valueRequired":true,"valueName":"search_term_string"}}],"inLanguage":"en-GB"},{"@type":"Organization","@id":"https:\/\/ihanpihkassa.fi\/en\/#organization","name":"Ihan Pihkassa","url":"https:\/\/ihanpihkassa.fi\/en\/","logo":{"@type":"ImageObject","inLanguage":"en-GB","@id":"https:\/\/ihanpihkassa.fi\/en\/#\/schema\/logo\/image\/","url":"https:\/\/ihanpihkassa.fi\/wp-content\/uploads\/2020\/10\/ihan_pihkassa_logo.jpg","contentUrl":"https:\/\/ihanpihkassa.fi\/wp-content\/uploads\/2020\/10\/ihan_pihkassa_logo.jpg","width":1458,"height":1077,"caption":"Ihan Pihkassa"},"image":{"@id":"https:\/\/ihanpihkassa.fi\/en\/#\/schema\/logo\/image\/"},"sameAs":["https:\/\/www.facebook.com\/Ihan-Pihkassa-108668044044119","https:\/\/www.instagram.com\/ihan_pihkassa\/","https:\/\/www.linkedin.com\/company\/68258403\/admin\/","https:\/\/fi.pinterest.com\/ihanpihkassa\/","https:\/\/www.youtube.com\/channel\/UC4QPAvQFMnzN-_t_dSjAWcw"]}]}},"jetpack_publicize_connections":[],"jetpack_likes_enabled":false,"jetpack_sharing_enabled":true,"_links":{"self":[{"href":"https:\/\/ihanpihkassa.fi\/en\/wp-json\/wp\/v2\/product\/465","targetHints":{"allow":["GET"]}}],"collection":[{"href":"https:\/\/ihanpihkassa.fi\/en\/wp-json\/wp\/v2\/product"}],"about":[{"href":"https:\/\/ihanpihkassa.fi\/en\/wp-json\/wp\/v2\/types\/product"}],"replies":[{"embeddable":true,"href":"https:\/\/ihanpihkassa.fi\/en\/wp-json\/wp\/v2\/comments?post=465"}],"wp:featuredmedia":[{"embeddable":true,"href":"https:\/\/ihanpihkassa.fi\/en\/wp-json\/wp\/v2\/media\/1193"}],"wp:attachment":[{"href":"https:\/\/ihanpihkassa.fi\/en\/wp-json\/wp\/v2\/media?parent=465"}],"wp:term":[{"taxonomy":"product_brand","embeddable":true,"href":"https:\/\/ihanpihkassa.fi\/en\/wp-json\/wp\/v2\/product_brand?post=465"},{"taxonomy":"product_cat","embeddable":true,"href":"https:\/\/ihanpihkassa.fi\/en\/wp-json\/wp\/v2\/product_cat?post=465"},{"taxonomy":"product_tag","embeddable":true,"href":"https:\/\/ihanpihkassa.fi\/en\/wp-json\/wp\/v2\/product_tag?post=465"}],"curies":[{"name":"wp","href":"https:\/\/api.w.org\/{rel}","templated":true}]}}