{"id":467,"date":"2020-08-25T13:40:29","date_gmt":"2020-08-25T10:40:29","guid":{"rendered":"https:\/\/ihanpihkassa.fi\/?post_type=product&#038;p=467"},"modified":"2026-03-17T00:32:45","modified_gmt":"2026-03-16T22:32:45","slug":"yrttivoide","status":"publish","type":"product","link":"https:\/\/ihanpihkassa.fi\/en\/kauppa\/yrttivoide\/","title":{"rendered":"Herbal Salve"},"content":{"rendered":"<p>Herbal Salve<\/p>\n<p>The herbs in Ihan Pihkassa Herbal Salve, such as common yarrow and nettle, refresh, brighten and nurture your skin. Herbal Salve is designed to bring relief in the challenges our skin faces. Ihan Pihkassa Herbal Salve, for example, helps your skin with itchy mosquito bites.<\/p>\n<p>Ingredients: canola oil, jojoba oil, beeswax, dried herbs (meadowsweet, nettle, white clover, common yarrow), essential oils of lavender and rosemary, vitamin E oil.<\/p>\n<p>Do not use together with blood thinning medication.<\/p>\n<p>Storing: In room temperature, protected from sunlight.<\/p>\n<p>Koko: 10 ml \/ 30ml<\/p>","protected":false},"excerpt":{"rendered":"<p>The herbs in Ihan Pihkassa Herbal Salve, such as common yarrow and nettle, refresh, brighten and nurture your skin. Herbal Salve is designed to bring relief in the challenges our skin faces. Ihan Pihkassa Herbal Salve, for example, helps your skin with itchy mosquito bites.<\/p>","protected":false},"featured_media":386,"comment_status":"open","ping_status":"closed","template":"","meta":{"_coblocks_attr":"","_coblocks_dimensions":"","_coblocks_responsive_height":"","_coblocks_accordion_ie_support":"","_crdt_document":"","jetpack_publicize_message":"","jetpack_publicize_feature_enabled":true,"jetpack_social_post_already_shared":false,"jetpack_social_options":{"image_generator_settings":{"template":"highway","default_image_id":0,"font":"","enabled":false},"version":2},"_wpas_customize_per_network":false},"product_brand":[],"product_cat":[126541],"product_tag":[126430,126444,126428,126441,126443],"class_list":{"0":"post-467","1":"product","2":"type-product","3":"status-publish","4":"has-post-thumbnail","6":"product_cat-voiteet","7":"product_tag-mehilaisvaha","8":"product_tag-mesiangervo","9":"product_tag-voide","10":"product_tag-yrtti","11":"product_tag-yrttivoide","12":"entry","14":"first","15":"outofstock","16":"taxable","17":"shipping-taxable","18":"purchasable","19":"product-type-variable"},"yoast_head":"<!-- This site is optimized with the Yoast SEO plugin v27.5 - https:\/\/yoast.com\/product\/yoast-seo-wordpress\/ -->\n<title>Yrttivoide - IHAN PIHKASSA - Suomalaista luonnonkosmetiikkaa<\/title>\n<meta name=\"description\" content=\"K\u00e4sintehty, suomalainen Ihan Pihkassa -yrttivoide. Voiteen sis\u00e4lt\u00e4m\u00e4t yrtit, kuten siank\u00e4rs\u00e4m\u00f6 ja nokkonen, siloittavat ja hoitavat ihoa.\" \/>\n<meta name=\"robots\" content=\"index, follow, max-snippet:-1, max-image-preview:large, max-video-preview:-1\" \/>\n<link rel=\"canonical\" href=\"https:\/\/ihanpihkassa.fi\/en\/kauppa\/yrttivoide\/\" \/>\n<meta property=\"og:locale\" content=\"en_GB\" \/>\n<meta property=\"og:type\" content=\"article\" \/>\n<meta property=\"og:title\" content=\"Yrttivoide - IHAN PIHKASSA - Suomalaista luonnonkosmetiikkaa\" \/>\n<meta property=\"og:description\" content=\"K\u00e4sintehty, suomalainen Ihan Pihkassa -yrttivoide. Voiteen sis\u00e4lt\u00e4m\u00e4t yrtit, kuten siank\u00e4rs\u00e4m\u00f6 ja nokkonen, siloittavat ja hoitavat ihoa.\" \/>\n<meta property=\"og:url\" content=\"https:\/\/ihanpihkassa.fi\/en\/kauppa\/yrttivoide\/\" \/>\n<meta property=\"og:site_name\" content=\"IHAN PIHKASSA\" \/>\n<meta property=\"article:publisher\" content=\"https:\/\/www.facebook.com\/Ihan-Pihkassa-108668044044119\" \/>\n<meta property=\"article:modified_time\" content=\"2026-03-16T22:32:45+00:00\" \/>\n<meta property=\"og:image\" content=\"https:\/\/ihanpihkassa.fi\/wp-content\/uploads\/2020\/08\/IMG_7479-1024x683.jpg\" \/>\n\t<meta property=\"og:image:width\" content=\"1024\" \/>\n\t<meta property=\"og:image:height\" content=\"683\" \/>\n\t<meta property=\"og:image:type\" content=\"image\/jpeg\" \/>\n<meta name=\"twitter:card\" content=\"summary_large_image\" \/>\n<meta name=\"twitter:label1\" content=\"Estimated reading time\" \/>\n\t<meta name=\"twitter:data1\" content=\"1 minute\" \/>\n<script type=\"application\/ld+json\" class=\"yoast-schema-graph\">{\"@context\":\"https:\\\/\\\/schema.org\",\"@graph\":[{\"@type\":\"WebPage\",\"@id\":\"https:\\\/\\\/ihanpihkassa.fi\\\/kauppa\\\/yrttivoide\\\/\",\"url\":\"https:\\\/\\\/ihanpihkassa.fi\\\/kauppa\\\/yrttivoide\\\/\",\"name\":\"Yrttivoide - IHAN PIHKASSA - Suomalaista luonnonkosmetiikkaa\",\"isPartOf\":{\"@id\":\"https:\\\/\\\/ihanpihkassa.fi\\\/en\\\/#website\"},\"primaryImageOfPage\":{\"@id\":\"https:\\\/\\\/ihanpihkassa.fi\\\/kauppa\\\/yrttivoide\\\/#primaryimage\"},\"image\":{\"@id\":\"https:\\\/\\\/ihanpihkassa.fi\\\/kauppa\\\/yrttivoide\\\/#primaryimage\"},\"thumbnailUrl\":\"https:\\\/\\\/i0.wp.com\\\/ihanpihkassa.fi\\\/wp-content\\\/uploads\\\/2020\\\/08\\\/IMG_7479.jpg?fit=3888%2C2592&ssl=1\",\"datePublished\":\"2020-08-25T10:40:29+00:00\",\"dateModified\":\"2026-03-16T22:32:45+00:00\",\"description\":\"K\u00e4sintehty, suomalainen Ihan Pihkassa -yrttivoide. Voiteen sis\u00e4lt\u00e4m\u00e4t yrtit, kuten siank\u00e4rs\u00e4m\u00f6 ja nokkonen, siloittavat ja hoitavat ihoa.\",\"breadcrumb\":{\"@id\":\"https:\\\/\\\/ihanpihkassa.fi\\\/kauppa\\\/yrttivoide\\\/#breadcrumb\"},\"inLanguage\":\"en-GB\",\"potentialAction\":[{\"@type\":\"ReadAction\",\"target\":[\"https:\\\/\\\/ihanpihkassa.fi\\\/kauppa\\\/yrttivoide\\\/\"]}]},{\"@type\":\"ImageObject\",\"inLanguage\":\"en-GB\",\"@id\":\"https:\\\/\\\/ihanpihkassa.fi\\\/kauppa\\\/yrttivoide\\\/#primaryimage\",\"url\":\"https:\\\/\\\/i0.wp.com\\\/ihanpihkassa.fi\\\/wp-content\\\/uploads\\\/2020\\\/08\\\/IMG_7479.jpg?fit=3888%2C2592&ssl=1\",\"contentUrl\":\"https:\\\/\\\/i0.wp.com\\\/ihanpihkassa.fi\\\/wp-content\\\/uploads\\\/2020\\\/08\\\/IMG_7479.jpg?fit=3888%2C2592&ssl=1\",\"width\":3888,\"height\":2592,\"caption\":\"K\u00e4sintehty suomalainen Ihan Pihkassa -yrttivoide\"},{\"@type\":\"BreadcrumbList\",\"@id\":\"https:\\\/\\\/ihanpihkassa.fi\\\/kauppa\\\/yrttivoide\\\/#breadcrumb\",\"itemListElement\":[{\"@type\":\"ListItem\",\"position\":1,\"name\":\"Etusivu\",\"item\":\"https:\\\/\\\/ihanpihkassa.fi\\\/\"},{\"@type\":\"ListItem\",\"position\":2,\"name\":\"Kauppa\",\"item\":\"https:\\\/\\\/ihanpihkassa.fi\\\/kauppa\\\/\"},{\"@type\":\"ListItem\",\"position\":3,\"name\":\"Yrttivoide\"}]},{\"@type\":\"WebSite\",\"@id\":\"https:\\\/\\\/ihanpihkassa.fi\\\/en\\\/#website\",\"url\":\"https:\\\/\\\/ihanpihkassa.fi\\\/en\\\/\",\"name\":\"IHAN PIHKASSA\",\"description\":\"Suomalaista luonnonkosmetiikkaa ihon hyvinvointiin\",\"publisher\":{\"@id\":\"https:\\\/\\\/ihanpihkassa.fi\\\/en\\\/#organization\"},\"potentialAction\":[{\"@type\":\"SearchAction\",\"target\":{\"@type\":\"EntryPoint\",\"urlTemplate\":\"https:\\\/\\\/ihanpihkassa.fi\\\/en\\\/?s={search_term_string}\"},\"query-input\":{\"@type\":\"PropertyValueSpecification\",\"valueRequired\":true,\"valueName\":\"search_term_string\"}}],\"inLanguage\":\"en-GB\"},{\"@type\":\"Organization\",\"@id\":\"https:\\\/\\\/ihanpihkassa.fi\\\/en\\\/#organization\",\"name\":\"Ihan Pihkassa\",\"url\":\"https:\\\/\\\/ihanpihkassa.fi\\\/en\\\/\",\"logo\":{\"@type\":\"ImageObject\",\"inLanguage\":\"en-GB\",\"@id\":\"https:\\\/\\\/ihanpihkassa.fi\\\/en\\\/#\\\/schema\\\/logo\\\/image\\\/\",\"url\":\"https:\\\/\\\/ihanpihkassa.fi\\\/wp-content\\\/uploads\\\/2020\\\/10\\\/ihan_pihkassa_logo.jpg\",\"contentUrl\":\"https:\\\/\\\/ihanpihkassa.fi\\\/wp-content\\\/uploads\\\/2020\\\/10\\\/ihan_pihkassa_logo.jpg\",\"width\":1458,\"height\":1077,\"caption\":\"Ihan Pihkassa\"},\"image\":{\"@id\":\"https:\\\/\\\/ihanpihkassa.fi\\\/en\\\/#\\\/schema\\\/logo\\\/image\\\/\"},\"sameAs\":[\"https:\\\/\\\/www.facebook.com\\\/Ihan-Pihkassa-108668044044119\",\"https:\\\/\\\/www.instagram.com\\\/ihan_pihkassa\\\/\",\"https:\\\/\\\/www.linkedin.com\\\/company\\\/68258403\\\/admin\\\/\",\"https:\\\/\\\/fi.pinterest.com\\\/ihanpihkassa\\\/\",\"https:\\\/\\\/www.youtube.com\\\/channel\\\/UC4QPAvQFMnzN-_t_dSjAWcw\"]}]}<\/script>\n<!-- \/ Yoast SEO plugin. -->","yoast_head_json":{"title":"Yrttivoide - IHAN PIHKASSA - Suomalaista luonnonkosmetiikkaa","description":"K\u00e4sintehty, suomalainen Ihan Pihkassa -yrttivoide. Voiteen sis\u00e4lt\u00e4m\u00e4t yrtit, kuten siank\u00e4rs\u00e4m\u00f6 ja nokkonen, siloittavat ja hoitavat ihoa.","robots":{"index":"index","follow":"follow","max-snippet":"max-snippet:-1","max-image-preview":"max-image-preview:large","max-video-preview":"max-video-preview:-1"},"canonical":"https:\/\/ihanpihkassa.fi\/en\/kauppa\/yrttivoide\/","og_locale":"en_GB","og_type":"article","og_title":"Yrttivoide - IHAN PIHKASSA - Suomalaista luonnonkosmetiikkaa","og_description":"K\u00e4sintehty, suomalainen Ihan Pihkassa -yrttivoide. Voiteen sis\u00e4lt\u00e4m\u00e4t yrtit, kuten siank\u00e4rs\u00e4m\u00f6 ja nokkonen, siloittavat ja hoitavat ihoa.","og_url":"https:\/\/ihanpihkassa.fi\/en\/kauppa\/yrttivoide\/","og_site_name":"IHAN PIHKASSA","article_publisher":"https:\/\/www.facebook.com\/Ihan-Pihkassa-108668044044119","article_modified_time":"2026-03-16T22:32:45+00:00","og_image":[{"width":1024,"height":683,"url":"https:\/\/ihanpihkassa.fi\/wp-content\/uploads\/2020\/08\/IMG_7479-1024x683.jpg","type":"image\/jpeg"}],"twitter_card":"summary_large_image","twitter_misc":{"Estimated reading time":"1 minute"},"schema":{"@context":"https:\/\/schema.org","@graph":[{"@type":"WebPage","@id":"https:\/\/ihanpihkassa.fi\/kauppa\/yrttivoide\/","url":"https:\/\/ihanpihkassa.fi\/kauppa\/yrttivoide\/","name":"Yrttivoide - IHAN PIHKASSA - Suomalaista luonnonkosmetiikkaa","isPartOf":{"@id":"https:\/\/ihanpihkassa.fi\/en\/#website"},"primaryImageOfPage":{"@id":"https:\/\/ihanpihkassa.fi\/kauppa\/yrttivoide\/#primaryimage"},"image":{"@id":"https:\/\/ihanpihkassa.fi\/kauppa\/yrttivoide\/#primaryimage"},"thumbnailUrl":"https:\/\/i0.wp.com\/ihanpihkassa.fi\/wp-content\/uploads\/2020\/08\/IMG_7479.jpg?fit=3888%2C2592&ssl=1","datePublished":"2020-08-25T10:40:29+00:00","dateModified":"2026-03-16T22:32:45+00:00","description":"K\u00e4sintehty, suomalainen Ihan Pihkassa -yrttivoide. Voiteen sis\u00e4lt\u00e4m\u00e4t yrtit, kuten siank\u00e4rs\u00e4m\u00f6 ja nokkonen, siloittavat ja hoitavat ihoa.","breadcrumb":{"@id":"https:\/\/ihanpihkassa.fi\/kauppa\/yrttivoide\/#breadcrumb"},"inLanguage":"en-GB","potentialAction":[{"@type":"ReadAction","target":["https:\/\/ihanpihkassa.fi\/kauppa\/yrttivoide\/"]}]},{"@type":"ImageObject","inLanguage":"en-GB","@id":"https:\/\/ihanpihkassa.fi\/kauppa\/yrttivoide\/#primaryimage","url":"https:\/\/i0.wp.com\/ihanpihkassa.fi\/wp-content\/uploads\/2020\/08\/IMG_7479.jpg?fit=3888%2C2592&ssl=1","contentUrl":"https:\/\/i0.wp.com\/ihanpihkassa.fi\/wp-content\/uploads\/2020\/08\/IMG_7479.jpg?fit=3888%2C2592&ssl=1","width":3888,"height":2592,"caption":"K\u00e4sintehty suomalainen Ihan Pihkassa -yrttivoide"},{"@type":"BreadcrumbList","@id":"https:\/\/ihanpihkassa.fi\/kauppa\/yrttivoide\/#breadcrumb","itemListElement":[{"@type":"ListItem","position":1,"name":"Etusivu","item":"https:\/\/ihanpihkassa.fi\/"},{"@type":"ListItem","position":2,"name":"Kauppa","item":"https:\/\/ihanpihkassa.fi\/kauppa\/"},{"@type":"ListItem","position":3,"name":"Yrttivoide"}]},{"@type":"WebSite","@id":"https:\/\/ihanpihkassa.fi\/en\/#website","url":"https:\/\/ihanpihkassa.fi\/en\/","name":"IHAN PIHKASSA","description":"Finnish natural cosmetics for the wellbeing of your skin","publisher":{"@id":"https:\/\/ihanpihkassa.fi\/en\/#organization"},"potentialAction":[{"@type":"SearchAction","target":{"@type":"EntryPoint","urlTemplate":"https:\/\/ihanpihkassa.fi\/en\/?s={search_term_string}"},"query-input":{"@type":"PropertyValueSpecification","valueRequired":true,"valueName":"search_term_string"}}],"inLanguage":"en-GB"},{"@type":"Organization","@id":"https:\/\/ihanpihkassa.fi\/en\/#organization","name":"Ihan Pihkassa","url":"https:\/\/ihanpihkassa.fi\/en\/","logo":{"@type":"ImageObject","inLanguage":"en-GB","@id":"https:\/\/ihanpihkassa.fi\/en\/#\/schema\/logo\/image\/","url":"https:\/\/ihanpihkassa.fi\/wp-content\/uploads\/2020\/10\/ihan_pihkassa_logo.jpg","contentUrl":"https:\/\/ihanpihkassa.fi\/wp-content\/uploads\/2020\/10\/ihan_pihkassa_logo.jpg","width":1458,"height":1077,"caption":"Ihan Pihkassa"},"image":{"@id":"https:\/\/ihanpihkassa.fi\/en\/#\/schema\/logo\/image\/"},"sameAs":["https:\/\/www.facebook.com\/Ihan-Pihkassa-108668044044119","https:\/\/www.instagram.com\/ihan_pihkassa\/","https:\/\/www.linkedin.com\/company\/68258403\/admin\/","https:\/\/fi.pinterest.com\/ihanpihkassa\/","https:\/\/www.youtube.com\/channel\/UC4QPAvQFMnzN-_t_dSjAWcw"]}]}},"jetpack_publicize_connections":[],"jetpack_likes_enabled":false,"jetpack_sharing_enabled":false,"_links":{"self":[{"href":"https:\/\/ihanpihkassa.fi\/en\/wp-json\/wp\/v2\/product\/467","targetHints":{"allow":["GET"]}}],"collection":[{"href":"https:\/\/ihanpihkassa.fi\/en\/wp-json\/wp\/v2\/product"}],"about":[{"href":"https:\/\/ihanpihkassa.fi\/en\/wp-json\/wp\/v2\/types\/product"}],"replies":[{"embeddable":true,"href":"https:\/\/ihanpihkassa.fi\/en\/wp-json\/wp\/v2\/comments?post=467"}],"wp:featuredmedia":[{"embeddable":true,"href":"https:\/\/ihanpihkassa.fi\/en\/wp-json\/wp\/v2\/media\/386"}],"wp:attachment":[{"href":"https:\/\/ihanpihkassa.fi\/en\/wp-json\/wp\/v2\/media?parent=467"}],"wp:term":[{"taxonomy":"product_brand","embeddable":true,"href":"https:\/\/ihanpihkassa.fi\/en\/wp-json\/wp\/v2\/product_brand?post=467"},{"taxonomy":"product_cat","embeddable":true,"href":"https:\/\/ihanpihkassa.fi\/en\/wp-json\/wp\/v2\/product_cat?post=467"},{"taxonomy":"product_tag","embeddable":true,"href":"https:\/\/ihanpihkassa.fi\/en\/wp-json\/wp\/v2\/product_tag?post=467"}],"curies":[{"name":"wp","href":"https:\/\/api.w.org\/{rel}","templated":true}]}}