{"id":468,"date":"2020-08-25T13:40:41","date_gmt":"2020-08-25T10:40:41","guid":{"rendered":"https:\/\/ihanpihkassa.fi\/?post_type=product&#038;p=468"},"modified":"2026-04-10T07:01:09","modified_gmt":"2026-04-10T04:01:09","slug":"vegaaninen-pihkavoide-20","status":"publish","type":"product","link":"https:\/\/ihanpihkassa.fi\/en\/kauppa\/vegaaninen-pihkavoide-20\/","title":{"rendered":"Vegan Resin Balm 20%"},"content":{"rendered":"<p>Ihan Pihkassa -vegaaninen pihkavoide 20%<\/p>\n<p>Your skin faces many kinds of challenges throughout your lifetime and Ihan Pihkassa Resin Balm is designed to help in as many ways as possible. Ihan Pihkassa Resin Balm moisturizes, heals and renews skin.<\/p>\n<p>Resin Balm can be used from time to time for milder skin problems or as a course for more persistent challenges.<\/p>\n<p>Vegan Resin Balm contains only plant based ingredients.<\/p>\n<p>Ihan Pihkassa -pihkavoiteille on my\u00f6nnetty avainlippu.<\/p>\n<p>Ainesosat: Rypsi\u00f6ljy, kuusenpihka, kaakaovoi, kandelillavaha<\/p>\n<p>Warnings: Not for resin allergics. Not for constant use.<\/p>\n<p>Storing: In room temperature, protected from sunlight.<\/p>\n<p>Amount of resin: 20%<\/p>","protected":false},"excerpt":{"rendered":"<p>Your skin faces many kinds of challenges throughout your lifetime and Ihan Pihkassa Resin Balm is designed to help in as many ways as possible. Ihan Pihkassa Resin Balm moisturizes, heals and renews skin. Resin Balm can be used from time to time for milder skin problems or as a course for more persistent challenges.<\/p>","protected":false},"featured_media":2484,"comment_status":"open","ping_status":"closed","template":"","meta":{"_coblocks_attr":"","_coblocks_dimensions":"","_coblocks_responsive_height":"","_coblocks_accordion_ie_support":"","_crdt_document":"","jetpack_publicize_message":"","jetpack_publicize_feature_enabled":true,"jetpack_social_post_already_shared":false,"jetpack_social_options":{"image_generator_settings":{"template":"highway","default_image_id":0,"font":"","enabled":false},"version":2},"_wpas_customize_per_network":false},"product_brand":[],"product_cat":[126541],"product_tag":[126450,126543,126451,126427,126542,126429,126459,126457,126460,126428],"class_list":{"0":"post-468","1":"product","2":"type-product","3":"status-publish","4":"has-post-thumbnail","6":"product_cat-voiteet","7":"product_tag-kuusen-pihka","8":"product_tag-kuusenpihkavoide","9":"product_tag-kuusi","10":"product_tag-pihka","11":"product_tag-pihkasalva","12":"product_tag-pihkavoide","13":"product_tag-vegaani","14":"product_tag-vegaaninen","15":"product_tag-vegan","16":"product_tag-voide","17":"entry","19":"first","20":"outofstock","21":"taxable","22":"shipping-taxable","23":"purchasable","24":"product-type-variable"},"yoast_head":"<!-- This site is optimized with the Yoast SEO plugin v27.4 - https:\/\/yoast.com\/product\/yoast-seo-wordpress\/ -->\n<title>Ihan Pihkassa -vegaaninen pihkavoide 20% - IHAN PIHKASSA<\/title>\n<meta name=\"description\" content=\"Vegaaninen Ihan Pihkassa -pihkavoide on luonnollinen ratkaisu iho-ongelmiin. Vegaaninen pihkavoide sis\u00e4lt\u00e4\u00e4 runsaasti ihoa suojaavia ja hoitavia tekij\u00f6it\u00e4.\" \/>\n<meta name=\"robots\" content=\"index, follow, max-snippet:-1, max-image-preview:large, max-video-preview:-1\" \/>\n<link rel=\"canonical\" href=\"https:\/\/ihanpihkassa.fi\/en\/kauppa\/vegaaninen-pihkavoide-20\/\" \/>\n<meta property=\"og:locale\" content=\"en_GB\" \/>\n<meta property=\"og:type\" content=\"article\" \/>\n<meta property=\"og:title\" content=\"Ihan Pihkassa -vegaaninen pihkavoide 20% - IHAN PIHKASSA\" \/>\n<meta property=\"og:description\" content=\"Vegaaninen Ihan Pihkassa -pihkavoide on luonnollinen ratkaisu iho-ongelmiin. Vegaaninen pihkavoide sis\u00e4lt\u00e4\u00e4 runsaasti ihoa suojaavia ja hoitavia tekij\u00f6it\u00e4.\" \/>\n<meta property=\"og:url\" content=\"https:\/\/ihanpihkassa.fi\/en\/kauppa\/vegaaninen-pihkavoide-20\/\" \/>\n<meta property=\"og:site_name\" content=\"IHAN PIHKASSA\" \/>\n<meta property=\"article:publisher\" content=\"https:\/\/www.facebook.com\/Ihan-Pihkassa-108668044044119\" \/>\n<meta property=\"article:modified_time\" content=\"2026-04-10T04:01:09+00:00\" \/>\n<meta property=\"og:image\" content=\"https:\/\/ihanpihkassa.fi\/wp-content\/uploads\/2020\/08\/Ihan-Pihkassa-vegaaninen-pihkavoide_20.jpg\" \/>\n\t<meta property=\"og:image:width\" content=\"1500\" \/>\n\t<meta property=\"og:image:height\" content=\"1000\" \/>\n\t<meta property=\"og:image:type\" content=\"image\/jpeg\" \/>\n<meta name=\"twitter:card\" content=\"summary_large_image\" \/>\n<meta name=\"twitter:label1\" content=\"Estimated reading time\" \/>\n\t<meta name=\"twitter:data1\" content=\"1 minute\" \/>\n<script type=\"application\/ld+json\" class=\"yoast-schema-graph\">{\"@context\":\"https:\\\/\\\/schema.org\",\"@graph\":[{\"@type\":\"WebPage\",\"@id\":\"https:\\\/\\\/ihanpihkassa.fi\\\/kauppa\\\/vegaaninen-pihkavoide-20\\\/\",\"url\":\"https:\\\/\\\/ihanpihkassa.fi\\\/kauppa\\\/vegaaninen-pihkavoide-20\\\/\",\"name\":\"Ihan Pihkassa -vegaaninen pihkavoide 20% - IHAN PIHKASSA\",\"isPartOf\":{\"@id\":\"https:\\\/\\\/ihanpihkassa.fi\\\/en\\\/#website\"},\"primaryImageOfPage\":{\"@id\":\"https:\\\/\\\/ihanpihkassa.fi\\\/kauppa\\\/vegaaninen-pihkavoide-20\\\/#primaryimage\"},\"image\":{\"@id\":\"https:\\\/\\\/ihanpihkassa.fi\\\/kauppa\\\/vegaaninen-pihkavoide-20\\\/#primaryimage\"},\"thumbnailUrl\":\"https:\\\/\\\/i0.wp.com\\\/ihanpihkassa.fi\\\/wp-content\\\/uploads\\\/2020\\\/08\\\/Ihan-Pihkassa-vegaaninen-pihkavoide_20.jpg?fit=1500%2C1000&ssl=1\",\"datePublished\":\"2020-08-25T10:40:41+00:00\",\"dateModified\":\"2026-04-10T04:01:09+00:00\",\"description\":\"Vegaaninen Ihan Pihkassa -pihkavoide on luonnollinen ratkaisu iho-ongelmiin. Vegaaninen pihkavoide sis\u00e4lt\u00e4\u00e4 runsaasti ihoa suojaavia ja hoitavia tekij\u00f6it\u00e4.\",\"breadcrumb\":{\"@id\":\"https:\\\/\\\/ihanpihkassa.fi\\\/kauppa\\\/vegaaninen-pihkavoide-20\\\/#breadcrumb\"},\"inLanguage\":\"en-GB\",\"potentialAction\":[{\"@type\":\"ReadAction\",\"target\":[\"https:\\\/\\\/ihanpihkassa.fi\\\/kauppa\\\/vegaaninen-pihkavoide-20\\\/\"]}]},{\"@type\":\"ImageObject\",\"inLanguage\":\"en-GB\",\"@id\":\"https:\\\/\\\/ihanpihkassa.fi\\\/kauppa\\\/vegaaninen-pihkavoide-20\\\/#primaryimage\",\"url\":\"https:\\\/\\\/i0.wp.com\\\/ihanpihkassa.fi\\\/wp-content\\\/uploads\\\/2020\\\/08\\\/Ihan-Pihkassa-vegaaninen-pihkavoide_20.jpg?fit=1500%2C1000&ssl=1\",\"contentUrl\":\"https:\\\/\\\/i0.wp.com\\\/ihanpihkassa.fi\\\/wp-content\\\/uploads\\\/2020\\\/08\\\/Ihan-Pihkassa-vegaaninen-pihkavoide_20.jpg?fit=1500%2C1000&ssl=1\",\"width\":1500,\"height\":1000,\"caption\":\"Ihan Pihkassa -vegaaninen pihkavoide 20%\"},{\"@type\":\"BreadcrumbList\",\"@id\":\"https:\\\/\\\/ihanpihkassa.fi\\\/kauppa\\\/vegaaninen-pihkavoide-20\\\/#breadcrumb\",\"itemListElement\":[{\"@type\":\"ListItem\",\"position\":1,\"name\":\"Etusivu\",\"item\":\"https:\\\/\\\/ihanpihkassa.fi\\\/\"},{\"@type\":\"ListItem\",\"position\":2,\"name\":\"Kauppa\",\"item\":\"https:\\\/\\\/ihanpihkassa.fi\\\/kauppa\\\/\"},{\"@type\":\"ListItem\",\"position\":3,\"name\":\"Vegaaninen pihkavoide 20%\"}]},{\"@type\":\"WebSite\",\"@id\":\"https:\\\/\\\/ihanpihkassa.fi\\\/en\\\/#website\",\"url\":\"https:\\\/\\\/ihanpihkassa.fi\\\/en\\\/\",\"name\":\"IHAN PIHKASSA\",\"description\":\"Suomalaista luonnonkosmetiikkaa ihon hyvinvointiin\",\"publisher\":{\"@id\":\"https:\\\/\\\/ihanpihkassa.fi\\\/en\\\/#organization\"},\"potentialAction\":[{\"@type\":\"SearchAction\",\"target\":{\"@type\":\"EntryPoint\",\"urlTemplate\":\"https:\\\/\\\/ihanpihkassa.fi\\\/en\\\/?s={search_term_string}\"},\"query-input\":{\"@type\":\"PropertyValueSpecification\",\"valueRequired\":true,\"valueName\":\"search_term_string\"}}],\"inLanguage\":\"en-GB\"},{\"@type\":\"Organization\",\"@id\":\"https:\\\/\\\/ihanpihkassa.fi\\\/en\\\/#organization\",\"name\":\"Ihan Pihkassa\",\"url\":\"https:\\\/\\\/ihanpihkassa.fi\\\/en\\\/\",\"logo\":{\"@type\":\"ImageObject\",\"inLanguage\":\"en-GB\",\"@id\":\"https:\\\/\\\/ihanpihkassa.fi\\\/en\\\/#\\\/schema\\\/logo\\\/image\\\/\",\"url\":\"https:\\\/\\\/ihanpihkassa.fi\\\/wp-content\\\/uploads\\\/2020\\\/10\\\/ihan_pihkassa_logo.jpg\",\"contentUrl\":\"https:\\\/\\\/ihanpihkassa.fi\\\/wp-content\\\/uploads\\\/2020\\\/10\\\/ihan_pihkassa_logo.jpg\",\"width\":1458,\"height\":1077,\"caption\":\"Ihan Pihkassa\"},\"image\":{\"@id\":\"https:\\\/\\\/ihanpihkassa.fi\\\/en\\\/#\\\/schema\\\/logo\\\/image\\\/\"},\"sameAs\":[\"https:\\\/\\\/www.facebook.com\\\/Ihan-Pihkassa-108668044044119\",\"https:\\\/\\\/www.instagram.com\\\/ihan_pihkassa\\\/\",\"https:\\\/\\\/www.linkedin.com\\\/company\\\/68258403\\\/admin\\\/\",\"https:\\\/\\\/fi.pinterest.com\\\/ihanpihkassa\\\/\",\"https:\\\/\\\/www.youtube.com\\\/channel\\\/UC4QPAvQFMnzN-_t_dSjAWcw\"]}]}<\/script>\n<!-- \/ Yoast SEO plugin. -->","yoast_head_json":{"title":"Ihan Pihkassa -vegaaninen pihkavoide 20% - IHAN PIHKASSA","description":"Vegaaninen Ihan Pihkassa -pihkavoide on luonnollinen ratkaisu iho-ongelmiin. Vegaaninen pihkavoide sis\u00e4lt\u00e4\u00e4 runsaasti ihoa suojaavia ja hoitavia tekij\u00f6it\u00e4.","robots":{"index":"index","follow":"follow","max-snippet":"max-snippet:-1","max-image-preview":"max-image-preview:large","max-video-preview":"max-video-preview:-1"},"canonical":"https:\/\/ihanpihkassa.fi\/en\/kauppa\/vegaaninen-pihkavoide-20\/","og_locale":"en_GB","og_type":"article","og_title":"Ihan Pihkassa -vegaaninen pihkavoide 20% - IHAN PIHKASSA","og_description":"Vegaaninen Ihan Pihkassa -pihkavoide on luonnollinen ratkaisu iho-ongelmiin. Vegaaninen pihkavoide sis\u00e4lt\u00e4\u00e4 runsaasti ihoa suojaavia ja hoitavia tekij\u00f6it\u00e4.","og_url":"https:\/\/ihanpihkassa.fi\/en\/kauppa\/vegaaninen-pihkavoide-20\/","og_site_name":"IHAN PIHKASSA","article_publisher":"https:\/\/www.facebook.com\/Ihan-Pihkassa-108668044044119","article_modified_time":"2026-04-10T04:01:09+00:00","og_image":[{"width":1500,"height":1000,"url":"https:\/\/ihanpihkassa.fi\/wp-content\/uploads\/2020\/08\/Ihan-Pihkassa-vegaaninen-pihkavoide_20.jpg","type":"image\/jpeg"}],"twitter_card":"summary_large_image","twitter_misc":{"Estimated reading time":"1 minute"},"schema":{"@context":"https:\/\/schema.org","@graph":[{"@type":"WebPage","@id":"https:\/\/ihanpihkassa.fi\/kauppa\/vegaaninen-pihkavoide-20\/","url":"https:\/\/ihanpihkassa.fi\/kauppa\/vegaaninen-pihkavoide-20\/","name":"Ihan Pihkassa -vegaaninen pihkavoide 20% - IHAN PIHKASSA","isPartOf":{"@id":"https:\/\/ihanpihkassa.fi\/en\/#website"},"primaryImageOfPage":{"@id":"https:\/\/ihanpihkassa.fi\/kauppa\/vegaaninen-pihkavoide-20\/#primaryimage"},"image":{"@id":"https:\/\/ihanpihkassa.fi\/kauppa\/vegaaninen-pihkavoide-20\/#primaryimage"},"thumbnailUrl":"https:\/\/i0.wp.com\/ihanpihkassa.fi\/wp-content\/uploads\/2020\/08\/Ihan-Pihkassa-vegaaninen-pihkavoide_20.jpg?fit=1500%2C1000&ssl=1","datePublished":"2020-08-25T10:40:41+00:00","dateModified":"2026-04-10T04:01:09+00:00","description":"Vegaaninen Ihan Pihkassa -pihkavoide on luonnollinen ratkaisu iho-ongelmiin. Vegaaninen pihkavoide sis\u00e4lt\u00e4\u00e4 runsaasti ihoa suojaavia ja hoitavia tekij\u00f6it\u00e4.","breadcrumb":{"@id":"https:\/\/ihanpihkassa.fi\/kauppa\/vegaaninen-pihkavoide-20\/#breadcrumb"},"inLanguage":"en-GB","potentialAction":[{"@type":"ReadAction","target":["https:\/\/ihanpihkassa.fi\/kauppa\/vegaaninen-pihkavoide-20\/"]}]},{"@type":"ImageObject","inLanguage":"en-GB","@id":"https:\/\/ihanpihkassa.fi\/kauppa\/vegaaninen-pihkavoide-20\/#primaryimage","url":"https:\/\/i0.wp.com\/ihanpihkassa.fi\/wp-content\/uploads\/2020\/08\/Ihan-Pihkassa-vegaaninen-pihkavoide_20.jpg?fit=1500%2C1000&ssl=1","contentUrl":"https:\/\/i0.wp.com\/ihanpihkassa.fi\/wp-content\/uploads\/2020\/08\/Ihan-Pihkassa-vegaaninen-pihkavoide_20.jpg?fit=1500%2C1000&ssl=1","width":1500,"height":1000,"caption":"Ihan Pihkassa -vegaaninen pihkavoide 20%"},{"@type":"BreadcrumbList","@id":"https:\/\/ihanpihkassa.fi\/kauppa\/vegaaninen-pihkavoide-20\/#breadcrumb","itemListElement":[{"@type":"ListItem","position":1,"name":"Etusivu","item":"https:\/\/ihanpihkassa.fi\/"},{"@type":"ListItem","position":2,"name":"Kauppa","item":"https:\/\/ihanpihkassa.fi\/kauppa\/"},{"@type":"ListItem","position":3,"name":"Vegaaninen pihkavoide 20%"}]},{"@type":"WebSite","@id":"https:\/\/ihanpihkassa.fi\/en\/#website","url":"https:\/\/ihanpihkassa.fi\/en\/","name":"IHAN PIHKASSA","description":"Finnish natural cosmetics for the wellbeing of your skin","publisher":{"@id":"https:\/\/ihanpihkassa.fi\/en\/#organization"},"potentialAction":[{"@type":"SearchAction","target":{"@type":"EntryPoint","urlTemplate":"https:\/\/ihanpihkassa.fi\/en\/?s={search_term_string}"},"query-input":{"@type":"PropertyValueSpecification","valueRequired":true,"valueName":"search_term_string"}}],"inLanguage":"en-GB"},{"@type":"Organization","@id":"https:\/\/ihanpihkassa.fi\/en\/#organization","name":"Ihan Pihkassa","url":"https:\/\/ihanpihkassa.fi\/en\/","logo":{"@type":"ImageObject","inLanguage":"en-GB","@id":"https:\/\/ihanpihkassa.fi\/en\/#\/schema\/logo\/image\/","url":"https:\/\/ihanpihkassa.fi\/wp-content\/uploads\/2020\/10\/ihan_pihkassa_logo.jpg","contentUrl":"https:\/\/ihanpihkassa.fi\/wp-content\/uploads\/2020\/10\/ihan_pihkassa_logo.jpg","width":1458,"height":1077,"caption":"Ihan Pihkassa"},"image":{"@id":"https:\/\/ihanpihkassa.fi\/en\/#\/schema\/logo\/image\/"},"sameAs":["https:\/\/www.facebook.com\/Ihan-Pihkassa-108668044044119","https:\/\/www.instagram.com\/ihan_pihkassa\/","https:\/\/www.linkedin.com\/company\/68258403\/admin\/","https:\/\/fi.pinterest.com\/ihanpihkassa\/","https:\/\/www.youtube.com\/channel\/UC4QPAvQFMnzN-_t_dSjAWcw"]}]}},"jetpack_publicize_connections":[],"jetpack_likes_enabled":false,"jetpack_sharing_enabled":true,"_links":{"self":[{"href":"https:\/\/ihanpihkassa.fi\/en\/wp-json\/wp\/v2\/product\/468","targetHints":{"allow":["GET"]}}],"collection":[{"href":"https:\/\/ihanpihkassa.fi\/en\/wp-json\/wp\/v2\/product"}],"about":[{"href":"https:\/\/ihanpihkassa.fi\/en\/wp-json\/wp\/v2\/types\/product"}],"replies":[{"embeddable":true,"href":"https:\/\/ihanpihkassa.fi\/en\/wp-json\/wp\/v2\/comments?post=468"}],"wp:featuredmedia":[{"embeddable":true,"href":"https:\/\/ihanpihkassa.fi\/en\/wp-json\/wp\/v2\/media\/2484"}],"wp:attachment":[{"href":"https:\/\/ihanpihkassa.fi\/en\/wp-json\/wp\/v2\/media?parent=468"}],"wp:term":[{"taxonomy":"product_brand","embeddable":true,"href":"https:\/\/ihanpihkassa.fi\/en\/wp-json\/wp\/v2\/product_brand?post=468"},{"taxonomy":"product_cat","embeddable":true,"href":"https:\/\/ihanpihkassa.fi\/en\/wp-json\/wp\/v2\/product_cat?post=468"},{"taxonomy":"product_tag","embeddable":true,"href":"https:\/\/ihanpihkassa.fi\/en\/wp-json\/wp\/v2\/product_tag?post=468"}],"curies":[{"name":"wp","href":"https:\/\/api.w.org\/{rel}","templated":true}]}}