{"id":5339,"date":"2025-06-05T22:42:19","date_gmt":"2025-06-05T19:42:19","guid":{"rendered":"https:\/\/ihanpihkassa.fi\/?post_type=product&#038;p=5339"},"modified":"2025-11-02T19:48:37","modified_gmt":"2025-11-02T17:48:37","slug":"hus-hyttyskarkotinkynttila","status":"publish","type":"product","link":"https:\/\/ihanpihkassa.fi\/en\/kauppa\/hus-hyttyskarkotinkynttila\/","title":{"rendered":"Mosquito Repellent Candle"},"content":{"rendered":"<p>T\u00e4t\u00e4 kynttil\u00e4\u00e4 polttamalla karkotat hyttyset, polttiaiset ja muut inisij\u00e4t. Huom! Ei v\u00e4ltt\u00e4m\u00e4tt\u00e4 karkota naapureita.<\/p>\n<p>Kynttil\u00e4n eteeristen \u00f6ljyjen (sitruunaruoho, basilika, eukalyptus, m\u00e4nty) sekoitus tuoksuu ihmisnen\u00e4\u00e4n miellytt\u00e4v\u00e4lt\u00e4 ja raikkaalta, mutta \u00f6t\u00f6k\u00e4t siit\u00e4 eiv\u00e4t perusta.<\/p>\n<p>Kynttil\u00e4 on reilun kokoinen eli t\u00e4st\u00e4 riitt\u00e4\u00e4 karkotusvoimaa pitk\u00e4ksi aikaa. Kannellisena purkki kulkee n\u00e4pp\u00e4r\u00e4sti mukana my\u00f6s m\u00f6kkireissuilla.<\/p>\n<p>Kynttil\u00e4n koko: 250 ml.<\/p>\n<p>Manufacturer: Arctic Soapery, Kittil\u00e4.<\/p>","protected":false},"excerpt":{"rendered":"<p>T\u00e4t\u00e4 kynttil\u00e4\u00e4 polttamalla karkotat hyttyset, polttiaiset ja muut inisij\u00e4t. Huom! Ei v\u00e4ltt\u00e4m\u00e4tt\u00e4 karkota naapureita.<\/p>\n<p>Kynttil\u00e4n eteeristen \u00f6ljyjen (sitruunaruoho, basilika, eukalyptus, m\u00e4nty) sekoitus tuoksuu ihmisnen\u00e4\u00e4n miellytt\u00e4v\u00e4lt\u00e4 ja raikkaalta, mutta \u00f6t\u00f6k\u00e4t siit\u00e4 eiv\u00e4t perusta.<\/p>","protected":false},"featured_media":5340,"comment_status":"open","ping_status":"closed","template":"","meta":{"_coblocks_attr":"","_coblocks_dimensions":"","_coblocks_responsive_height":"","_coblocks_accordion_ie_support":"","_crdt_document":"","jetpack_publicize_message":"","jetpack_publicize_feature_enabled":true,"jetpack_social_post_already_shared":true,"jetpack_social_options":{"image_generator_settings":{"template":"highway","default_image_id":0,"font":"","enabled":false},"version":2},"_wpas_customize_per_network":false},"product_brand":[],"product_cat":[126551],"product_tag":[],"class_list":{"0":"post-5339","1":"product","2":"type-product","3":"status-publish","4":"has-post-thumbnail","6":"product_cat-muut-tuotteet","7":"entry","9":"first","10":"outofstock","11":"taxable","12":"shipping-taxable","13":"purchasable","14":"product-type-simple"},"yoast_head":"<!-- This site is optimized with the Yoast SEO plugin v27.5 - https:\/\/yoast.com\/product\/yoast-seo-wordpress\/ -->\n<title>Hus -hyttyskarkotinkynttil\u00e4 - IHAN PIHKASSA<\/title>\n<meta name=\"description\" content=\"T\u00e4t\u00e4 kynttil\u00e4\u00e4 polttamalla karkotat hyttyset, polttiaiset ja muut inisij\u00e4t. Tuoksuu ihmiselle miellytt\u00e4v\u00e4lt\u00e4 ja raikkaalta, \u00f6t\u00f6k\u00e4t vain eiv\u00e4t perusta t\u00e4st\u00e4.\" \/>\n<meta name=\"robots\" content=\"index, follow, max-snippet:-1, max-image-preview:large, max-video-preview:-1\" \/>\n<link rel=\"canonical\" href=\"https:\/\/ihanpihkassa.fi\/en\/kauppa\/hus-hyttyskarkotinkynttila\/\" \/>\n<meta property=\"og:locale\" content=\"en_GB\" \/>\n<meta property=\"og:type\" content=\"article\" \/>\n<meta property=\"og:title\" content=\"Hus -hyttyskarkotinkynttil\u00e4 - IHAN PIHKASSA\" \/>\n<meta property=\"og:description\" content=\"T\u00e4t\u00e4 kynttil\u00e4\u00e4 polttamalla karkotat hyttyset, polttiaiset ja muut inisij\u00e4t. Tuoksuu ihmiselle miellytt\u00e4v\u00e4lt\u00e4 ja raikkaalta, \u00f6t\u00f6k\u00e4t vain eiv\u00e4t perusta t\u00e4st\u00e4.\" \/>\n<meta property=\"og:url\" content=\"https:\/\/ihanpihkassa.fi\/en\/kauppa\/hus-hyttyskarkotinkynttila\/\" \/>\n<meta property=\"og:site_name\" content=\"IHAN PIHKASSA\" \/>\n<meta property=\"article:publisher\" content=\"https:\/\/www.facebook.com\/Ihan-Pihkassa-108668044044119\" \/>\n<meta property=\"article:modified_time\" content=\"2025-11-02T17:48:37+00:00\" \/>\n<meta property=\"og:image\" content=\"https:\/\/ihanpihkassa.fi\/wp-content\/uploads\/2025\/06\/Ihan-Pihkassa-Arctic-Soapery-Hus-hyttysenkarkotinkynttila-1024x827.jpg\" \/>\n\t<meta property=\"og:image:width\" content=\"1024\" \/>\n\t<meta property=\"og:image:height\" content=\"827\" \/>\n\t<meta property=\"og:image:type\" content=\"image\/jpeg\" \/>\n<meta name=\"twitter:card\" content=\"summary_large_image\" \/>\n<meta name=\"twitter:label1\" content=\"Estimated reading time\" \/>\n\t<meta name=\"twitter:data1\" content=\"1 minute\" \/>\n<script type=\"application\/ld+json\" class=\"yoast-schema-graph\">{\"@context\":\"https:\\\/\\\/schema.org\",\"@graph\":[{\"@type\":\"WebPage\",\"@id\":\"https:\\\/\\\/ihanpihkassa.fi\\\/kauppa\\\/hus-hyttyskarkotinkynttila\\\/\",\"url\":\"https:\\\/\\\/ihanpihkassa.fi\\\/kauppa\\\/hus-hyttyskarkotinkynttila\\\/\",\"name\":\"Hus -hyttyskarkotinkynttil\u00e4 - IHAN PIHKASSA\",\"isPartOf\":{\"@id\":\"https:\\\/\\\/ihanpihkassa.fi\\\/en\\\/#website\"},\"primaryImageOfPage\":{\"@id\":\"https:\\\/\\\/ihanpihkassa.fi\\\/kauppa\\\/hus-hyttyskarkotinkynttila\\\/#primaryimage\"},\"image\":{\"@id\":\"https:\\\/\\\/ihanpihkassa.fi\\\/kauppa\\\/hus-hyttyskarkotinkynttila\\\/#primaryimage\"},\"thumbnailUrl\":\"https:\\\/\\\/i0.wp.com\\\/ihanpihkassa.fi\\\/wp-content\\\/uploads\\\/2025\\\/06\\\/Ihan-Pihkassa-Arctic-Soapery-Hus-hyttysenkarkotinkynttila.jpg?fit=3661%2C2955&ssl=1\",\"datePublished\":\"2025-06-05T19:42:19+00:00\",\"dateModified\":\"2025-11-02T17:48:37+00:00\",\"description\":\"T\u00e4t\u00e4 kynttil\u00e4\u00e4 polttamalla karkotat hyttyset, polttiaiset ja muut inisij\u00e4t. Tuoksuu ihmiselle miellytt\u00e4v\u00e4lt\u00e4 ja raikkaalta, \u00f6t\u00f6k\u00e4t vain eiv\u00e4t perusta t\u00e4st\u00e4.\",\"breadcrumb\":{\"@id\":\"https:\\\/\\\/ihanpihkassa.fi\\\/kauppa\\\/hus-hyttyskarkotinkynttila\\\/#breadcrumb\"},\"inLanguage\":\"en-GB\",\"potentialAction\":[{\"@type\":\"ReadAction\",\"target\":[\"https:\\\/\\\/ihanpihkassa.fi\\\/kauppa\\\/hus-hyttyskarkotinkynttila\\\/\"]}]},{\"@type\":\"ImageObject\",\"inLanguage\":\"en-GB\",\"@id\":\"https:\\\/\\\/ihanpihkassa.fi\\\/kauppa\\\/hus-hyttyskarkotinkynttila\\\/#primaryimage\",\"url\":\"https:\\\/\\\/i0.wp.com\\\/ihanpihkassa.fi\\\/wp-content\\\/uploads\\\/2025\\\/06\\\/Ihan-Pihkassa-Arctic-Soapery-Hus-hyttysenkarkotinkynttila.jpg?fit=3661%2C2955&ssl=1\",\"contentUrl\":\"https:\\\/\\\/i0.wp.com\\\/ihanpihkassa.fi\\\/wp-content\\\/uploads\\\/2025\\\/06\\\/Ihan-Pihkassa-Arctic-Soapery-Hus-hyttysenkarkotinkynttila.jpg?fit=3661%2C2955&ssl=1\",\"width\":3661,\"height\":2955,\"caption\":\"Ihan-Pihkassa-Arctic-Soapery-Hus-hyttysenkarkotinkynttila\"},{\"@type\":\"BreadcrumbList\",\"@id\":\"https:\\\/\\\/ihanpihkassa.fi\\\/kauppa\\\/hus-hyttyskarkotinkynttila\\\/#breadcrumb\",\"itemListElement\":[{\"@type\":\"ListItem\",\"position\":1,\"name\":\"Etusivu\",\"item\":\"https:\\\/\\\/ihanpihkassa.fi\\\/\"},{\"@type\":\"ListItem\",\"position\":2,\"name\":\"Kauppa\",\"item\":\"https:\\\/\\\/ihanpihkassa.fi\\\/kauppa\\\/\"},{\"@type\":\"ListItem\",\"position\":3,\"name\":\"Hus -hyttyskarkotinkynttil\u00e4\"}]},{\"@type\":\"WebSite\",\"@id\":\"https:\\\/\\\/ihanpihkassa.fi\\\/en\\\/#website\",\"url\":\"https:\\\/\\\/ihanpihkassa.fi\\\/en\\\/\",\"name\":\"IHAN PIHKASSA\",\"description\":\"Suomalaista luonnonkosmetiikkaa ihon hyvinvointiin\",\"publisher\":{\"@id\":\"https:\\\/\\\/ihanpihkassa.fi\\\/en\\\/#organization\"},\"potentialAction\":[{\"@type\":\"SearchAction\",\"target\":{\"@type\":\"EntryPoint\",\"urlTemplate\":\"https:\\\/\\\/ihanpihkassa.fi\\\/en\\\/?s={search_term_string}\"},\"query-input\":{\"@type\":\"PropertyValueSpecification\",\"valueRequired\":true,\"valueName\":\"search_term_string\"}}],\"inLanguage\":\"en-GB\"},{\"@type\":\"Organization\",\"@id\":\"https:\\\/\\\/ihanpihkassa.fi\\\/en\\\/#organization\",\"name\":\"Ihan Pihkassa\",\"url\":\"https:\\\/\\\/ihanpihkassa.fi\\\/en\\\/\",\"logo\":{\"@type\":\"ImageObject\",\"inLanguage\":\"en-GB\",\"@id\":\"https:\\\/\\\/ihanpihkassa.fi\\\/en\\\/#\\\/schema\\\/logo\\\/image\\\/\",\"url\":\"https:\\\/\\\/ihanpihkassa.fi\\\/wp-content\\\/uploads\\\/2020\\\/10\\\/ihan_pihkassa_logo.jpg\",\"contentUrl\":\"https:\\\/\\\/ihanpihkassa.fi\\\/wp-content\\\/uploads\\\/2020\\\/10\\\/ihan_pihkassa_logo.jpg\",\"width\":1458,\"height\":1077,\"caption\":\"Ihan Pihkassa\"},\"image\":{\"@id\":\"https:\\\/\\\/ihanpihkassa.fi\\\/en\\\/#\\\/schema\\\/logo\\\/image\\\/\"},\"sameAs\":[\"https:\\\/\\\/www.facebook.com\\\/Ihan-Pihkassa-108668044044119\",\"https:\\\/\\\/www.instagram.com\\\/ihan_pihkassa\\\/\",\"https:\\\/\\\/www.linkedin.com\\\/company\\\/68258403\\\/admin\\\/\",\"https:\\\/\\\/fi.pinterest.com\\\/ihanpihkassa\\\/\",\"https:\\\/\\\/www.youtube.com\\\/channel\\\/UC4QPAvQFMnzN-_t_dSjAWcw\"]}]}<\/script>\n<!-- \/ Yoast SEO plugin. -->","yoast_head_json":{"title":"Hus -hyttyskarkotinkynttil\u00e4 - IHAN PIHKASSA","description":"T\u00e4t\u00e4 kynttil\u00e4\u00e4 polttamalla karkotat hyttyset, polttiaiset ja muut inisij\u00e4t. Tuoksuu ihmiselle miellytt\u00e4v\u00e4lt\u00e4 ja raikkaalta, \u00f6t\u00f6k\u00e4t vain eiv\u00e4t perusta t\u00e4st\u00e4.","robots":{"index":"index","follow":"follow","max-snippet":"max-snippet:-1","max-image-preview":"max-image-preview:large","max-video-preview":"max-video-preview:-1"},"canonical":"https:\/\/ihanpihkassa.fi\/en\/kauppa\/hus-hyttyskarkotinkynttila\/","og_locale":"en_GB","og_type":"article","og_title":"Hus -hyttyskarkotinkynttil\u00e4 - IHAN PIHKASSA","og_description":"T\u00e4t\u00e4 kynttil\u00e4\u00e4 polttamalla karkotat hyttyset, polttiaiset ja muut inisij\u00e4t. Tuoksuu ihmiselle miellytt\u00e4v\u00e4lt\u00e4 ja raikkaalta, \u00f6t\u00f6k\u00e4t vain eiv\u00e4t perusta t\u00e4st\u00e4.","og_url":"https:\/\/ihanpihkassa.fi\/en\/kauppa\/hus-hyttyskarkotinkynttila\/","og_site_name":"IHAN PIHKASSA","article_publisher":"https:\/\/www.facebook.com\/Ihan-Pihkassa-108668044044119","article_modified_time":"2025-11-02T17:48:37+00:00","og_image":[{"width":1024,"height":827,"url":"https:\/\/ihanpihkassa.fi\/wp-content\/uploads\/2025\/06\/Ihan-Pihkassa-Arctic-Soapery-Hus-hyttysenkarkotinkynttila-1024x827.jpg","type":"image\/jpeg"}],"twitter_card":"summary_large_image","twitter_misc":{"Estimated reading time":"1 minute"},"schema":{"@context":"https:\/\/schema.org","@graph":[{"@type":"WebPage","@id":"https:\/\/ihanpihkassa.fi\/kauppa\/hus-hyttyskarkotinkynttila\/","url":"https:\/\/ihanpihkassa.fi\/kauppa\/hus-hyttyskarkotinkynttila\/","name":"Hus -hyttyskarkotinkynttil\u00e4 - IHAN PIHKASSA","isPartOf":{"@id":"https:\/\/ihanpihkassa.fi\/en\/#website"},"primaryImageOfPage":{"@id":"https:\/\/ihanpihkassa.fi\/kauppa\/hus-hyttyskarkotinkynttila\/#primaryimage"},"image":{"@id":"https:\/\/ihanpihkassa.fi\/kauppa\/hus-hyttyskarkotinkynttila\/#primaryimage"},"thumbnailUrl":"https:\/\/i0.wp.com\/ihanpihkassa.fi\/wp-content\/uploads\/2025\/06\/Ihan-Pihkassa-Arctic-Soapery-Hus-hyttysenkarkotinkynttila.jpg?fit=3661%2C2955&ssl=1","datePublished":"2025-06-05T19:42:19+00:00","dateModified":"2025-11-02T17:48:37+00:00","description":"T\u00e4t\u00e4 kynttil\u00e4\u00e4 polttamalla karkotat hyttyset, polttiaiset ja muut inisij\u00e4t. Tuoksuu ihmiselle miellytt\u00e4v\u00e4lt\u00e4 ja raikkaalta, \u00f6t\u00f6k\u00e4t vain eiv\u00e4t perusta t\u00e4st\u00e4.","breadcrumb":{"@id":"https:\/\/ihanpihkassa.fi\/kauppa\/hus-hyttyskarkotinkynttila\/#breadcrumb"},"inLanguage":"en-GB","potentialAction":[{"@type":"ReadAction","target":["https:\/\/ihanpihkassa.fi\/kauppa\/hus-hyttyskarkotinkynttila\/"]}]},{"@type":"ImageObject","inLanguage":"en-GB","@id":"https:\/\/ihanpihkassa.fi\/kauppa\/hus-hyttyskarkotinkynttila\/#primaryimage","url":"https:\/\/i0.wp.com\/ihanpihkassa.fi\/wp-content\/uploads\/2025\/06\/Ihan-Pihkassa-Arctic-Soapery-Hus-hyttysenkarkotinkynttila.jpg?fit=3661%2C2955&ssl=1","contentUrl":"https:\/\/i0.wp.com\/ihanpihkassa.fi\/wp-content\/uploads\/2025\/06\/Ihan-Pihkassa-Arctic-Soapery-Hus-hyttysenkarkotinkynttila.jpg?fit=3661%2C2955&ssl=1","width":3661,"height":2955,"caption":"Ihan-Pihkassa-Arctic-Soapery-Hus-hyttysenkarkotinkynttila"},{"@type":"BreadcrumbList","@id":"https:\/\/ihanpihkassa.fi\/kauppa\/hus-hyttyskarkotinkynttila\/#breadcrumb","itemListElement":[{"@type":"ListItem","position":1,"name":"Etusivu","item":"https:\/\/ihanpihkassa.fi\/"},{"@type":"ListItem","position":2,"name":"Kauppa","item":"https:\/\/ihanpihkassa.fi\/kauppa\/"},{"@type":"ListItem","position":3,"name":"Hus -hyttyskarkotinkynttil\u00e4"}]},{"@type":"WebSite","@id":"https:\/\/ihanpihkassa.fi\/en\/#website","url":"https:\/\/ihanpihkassa.fi\/en\/","name":"IHAN PIHKASSA","description":"Finnish natural cosmetics for the wellbeing of your skin","publisher":{"@id":"https:\/\/ihanpihkassa.fi\/en\/#organization"},"potentialAction":[{"@type":"SearchAction","target":{"@type":"EntryPoint","urlTemplate":"https:\/\/ihanpihkassa.fi\/en\/?s={search_term_string}"},"query-input":{"@type":"PropertyValueSpecification","valueRequired":true,"valueName":"search_term_string"}}],"inLanguage":"en-GB"},{"@type":"Organization","@id":"https:\/\/ihanpihkassa.fi\/en\/#organization","name":"Ihan Pihkassa","url":"https:\/\/ihanpihkassa.fi\/en\/","logo":{"@type":"ImageObject","inLanguage":"en-GB","@id":"https:\/\/ihanpihkassa.fi\/en\/#\/schema\/logo\/image\/","url":"https:\/\/ihanpihkassa.fi\/wp-content\/uploads\/2020\/10\/ihan_pihkassa_logo.jpg","contentUrl":"https:\/\/ihanpihkassa.fi\/wp-content\/uploads\/2020\/10\/ihan_pihkassa_logo.jpg","width":1458,"height":1077,"caption":"Ihan Pihkassa"},"image":{"@id":"https:\/\/ihanpihkassa.fi\/en\/#\/schema\/logo\/image\/"},"sameAs":["https:\/\/www.facebook.com\/Ihan-Pihkassa-108668044044119","https:\/\/www.instagram.com\/ihan_pihkassa\/","https:\/\/www.linkedin.com\/company\/68258403\/admin\/","https:\/\/fi.pinterest.com\/ihanpihkassa\/","https:\/\/www.youtube.com\/channel\/UC4QPAvQFMnzN-_t_dSjAWcw"]}]}},"jetpack_publicize_connections":[],"jetpack_likes_enabled":false,"jetpack_sharing_enabled":true,"_links":{"self":[{"href":"https:\/\/ihanpihkassa.fi\/en\/wp-json\/wp\/v2\/product\/5339","targetHints":{"allow":["GET"]}}],"collection":[{"href":"https:\/\/ihanpihkassa.fi\/en\/wp-json\/wp\/v2\/product"}],"about":[{"href":"https:\/\/ihanpihkassa.fi\/en\/wp-json\/wp\/v2\/types\/product"}],"replies":[{"embeddable":true,"href":"https:\/\/ihanpihkassa.fi\/en\/wp-json\/wp\/v2\/comments?post=5339"}],"wp:featuredmedia":[{"embeddable":true,"href":"https:\/\/ihanpihkassa.fi\/en\/wp-json\/wp\/v2\/media\/5340"}],"wp:attachment":[{"href":"https:\/\/ihanpihkassa.fi\/en\/wp-json\/wp\/v2\/media?parent=5339"}],"wp:term":[{"taxonomy":"product_brand","embeddable":true,"href":"https:\/\/ihanpihkassa.fi\/en\/wp-json\/wp\/v2\/product_brand?post=5339"},{"taxonomy":"product_cat","embeddable":true,"href":"https:\/\/ihanpihkassa.fi\/en\/wp-json\/wp\/v2\/product_cat?post=5339"},{"taxonomy":"product_tag","embeddable":true,"href":"https:\/\/ihanpihkassa.fi\/en\/wp-json\/wp\/v2\/product_tag?post=5339"}],"curies":[{"name":"wp","href":"https:\/\/api.w.org\/{rel}","templated":true}]}}