{"id":6043,"date":"2025-10-25T19:10:15","date_gmt":"2025-10-25T16:10:15","guid":{"rendered":"https:\/\/ihanpihkassa.fi\/?post_type=product&#038;p=6043"},"modified":"2026-01-22T16:19:32","modified_gmt":"2026-01-22T14:19:32","slug":"tehokosteuttava-palavoide-appelsiini","status":"publish","type":"product","link":"https:\/\/ihanpihkassa.fi\/en\/kauppa\/tehokosteuttava-palavoide-appelsiini\/","title":{"rendered":"Solid Body Butter \u2013 Orange"},"content":{"rendered":"<p>Palavoide on kuivien k\u00e4sien ja jalkojen pelastus. Onko k\u00e4det ihottumasta karheat ja halkeilevat? Tai muuten vaan tehokkaan kosteutuksen tarpeessa?<\/p>\n<p>Palavoiteesta l\u00e4htee irti vain sen verran mit\u00e4 ihosi tarvitsee, mink\u00e4 vuoksi yksikin pala kest\u00e4\u00e4 hyvin pitk\u00e4\u00e4n. Voide my\u00f6s imeytyy olomuotonsa puolesta hyvin, joten voit jatkaa puuhiasi hyvin pian levityksen j\u00e4lkeen ilman ett\u00e4 j\u00e4t\u00e4t rasvatahroja kaikkialle mihin kosket.<\/p>\n<p>T\u00e4m\u00e4n voiteen voi my\u00f6s ottaa lentokoneeseen n\u00e4pp\u00e4r\u00e4sti mukaan. Kiinte\u00e4ss\u00e4 muodossa olevan voiteen osalta ei tarvitse huolehtia nesterajoituksista.<\/p>\n<p>K\u00e4ytt\u00f6ohje: Ota pala ulos purkista k\u00e4siesi v\u00e4liin. Hiero palaa 1-2 sekunnin ajan k\u00e4mmeniisi, jolloin pala l\u00e4mpenee ja voidetta j\u00e4\u00e4 ihollesi. Ohut kerros riitt\u00e4\u00e4! Laita pala takaisin purkkiin ja levit\u00e4 voide k\u00e4siisi\/jalkoihisi\/muualle iholle.<\/p>\n<p>Ainesosat: Kookos\u00f6ljy*, mehil\u00e4isvaha*, kaakaovoi*, karitevoi*, appelsiinin eteerinen \u00f6ljy, E-vitamiini.<\/p>\n<p>* = Luomu<\/p>\n<p>INCI: Cocos Nucifera Oil*, Cera Alba*, Theobroma Cacao Butter*, Butyrosperum Parkii Butter*, Citrus Sinensis, Vitamin E.<\/p>\n<p>Koko: 40 g<\/p>\n<p>Manufacturer: Arctic Soapery, Kittil\u00e4.<\/p>","protected":false},"excerpt":{"rendered":"<p>Palavoide on kuivien k\u00e4sien ja jalkojen pelastus. Onko k\u00e4det ihottumasta karheat ja halkeilevat? Tai muuten vaan tehokkaan kosteutuksen tarpeessa?<\/p>\n<p>Riittoisa ja helposti imeytyv\u00e4 palavoide pit\u00e4\u00e4 ihosi pehme\u00e4n\u00e4 ja kulkee n\u00e4pp\u00e4r\u00e4sti jopa lentokoneessa!<\/p>","protected":false},"featured_media":6048,"comment_status":"open","ping_status":"closed","template":"","meta":{"_coblocks_attr":"","_coblocks_dimensions":"","_coblocks_responsive_height":"","_coblocks_accordion_ie_support":"","_crdt_document":"","jetpack_publicize_message":"","jetpack_publicize_feature_enabled":true,"jetpack_social_post_already_shared":true,"jetpack_social_options":{"image_generator_settings":{"template":"highway","default_image_id":0,"font":"","enabled":false},"version":2},"_wpas_customize_per_network":false},"product_brand":[],"product_cat":[126541],"product_tag":[],"class_list":{"0":"post-6043","1":"product","2":"type-product","3":"status-publish","4":"has-post-thumbnail","6":"product_cat-voiteet","7":"entry","9":"first","10":"instock","11":"taxable","12":"shipping-taxable","13":"purchasable","14":"product-type-simple"},"yoast_head":"<!-- This site is optimized with the Yoast SEO plugin v27.4 - https:\/\/yoast.com\/product\/yoast-seo-wordpress\/ -->\n<title>Tehokosteuttava palavoide - Appelsiini - IHAN PIHKASSA<\/title>\n<meta name=\"description\" content=\"Kuivat, karheat, halkeilevat k\u00e4det tai jalat? Riittoisa ja helposti imeytyv\u00e4 palavoide pit\u00e4\u00e4 ihosi pehme\u00e4n\u00e4 ja kulkee n\u00e4pp\u00e4r\u00e4sti jopa lentokoneessa!\" \/>\n<meta name=\"robots\" content=\"index, follow, max-snippet:-1, max-image-preview:large, max-video-preview:-1\" \/>\n<link rel=\"canonical\" href=\"https:\/\/ihanpihkassa.fi\/en\/kauppa\/tehokosteuttava-palavoide-appelsiini\/\" \/>\n<meta property=\"og:locale\" content=\"en_GB\" \/>\n<meta property=\"og:type\" content=\"article\" \/>\n<meta property=\"og:title\" content=\"Tehokosteuttava palavoide - Appelsiini - IHAN PIHKASSA\" \/>\n<meta property=\"og:description\" content=\"Kuivat, karheat, halkeilevat k\u00e4det tai jalat? Riittoisa ja helposti imeytyv\u00e4 palavoide pit\u00e4\u00e4 ihosi pehme\u00e4n\u00e4 ja kulkee n\u00e4pp\u00e4r\u00e4sti jopa lentokoneessa!\" \/>\n<meta property=\"og:url\" content=\"https:\/\/ihanpihkassa.fi\/en\/kauppa\/tehokosteuttava-palavoide-appelsiini\/\" \/>\n<meta property=\"og:site_name\" content=\"IHAN PIHKASSA\" \/>\n<meta property=\"article:publisher\" content=\"https:\/\/www.facebook.com\/Ihan-Pihkassa-108668044044119\" \/>\n<meta property=\"article:modified_time\" content=\"2026-01-22T14:19:32+00:00\" \/>\n<meta property=\"og:image\" content=\"https:\/\/ihanpihkassa.fi\/wp-content\/uploads\/2025\/10\/Ihan-Pihkassa-Arctic-Soapery-palavoide-appelsiini.jpg\" \/>\n\t<meta property=\"og:image:width\" content=\"3454\" \/>\n\t<meta property=\"og:image:height\" content=\"2366\" \/>\n\t<meta property=\"og:image:type\" content=\"image\/jpeg\" \/>\n<meta name=\"twitter:card\" content=\"summary_large_image\" \/>\n<meta name=\"twitter:label1\" content=\"Estimated reading time\" \/>\n\t<meta name=\"twitter:data1\" content=\"2 minutes\" \/>\n<script type=\"application\/ld+json\" class=\"yoast-schema-graph\">{\"@context\":\"https:\\\/\\\/schema.org\",\"@graph\":[{\"@type\":\"WebPage\",\"@id\":\"https:\\\/\\\/ihanpihkassa.fi\\\/kauppa\\\/tehokosteuttava-palavoide-appelsiini\\\/\",\"url\":\"https:\\\/\\\/ihanpihkassa.fi\\\/kauppa\\\/tehokosteuttava-palavoide-appelsiini\\\/\",\"name\":\"Tehokosteuttava palavoide - Appelsiini - IHAN PIHKASSA\",\"isPartOf\":{\"@id\":\"https:\\\/\\\/ihanpihkassa.fi\\\/en\\\/#website\"},\"primaryImageOfPage\":{\"@id\":\"https:\\\/\\\/ihanpihkassa.fi\\\/kauppa\\\/tehokosteuttava-palavoide-appelsiini\\\/#primaryimage\"},\"image\":{\"@id\":\"https:\\\/\\\/ihanpihkassa.fi\\\/kauppa\\\/tehokosteuttava-palavoide-appelsiini\\\/#primaryimage\"},\"thumbnailUrl\":\"https:\\\/\\\/i0.wp.com\\\/ihanpihkassa.fi\\\/wp-content\\\/uploads\\\/2025\\\/10\\\/Ihan-Pihkassa-Arctic-Soapery-palavoide-appelsiini.jpg?fit=3454%2C2366&ssl=1\",\"datePublished\":\"2025-10-25T16:10:15+00:00\",\"dateModified\":\"2026-01-22T14:19:32+00:00\",\"description\":\"Kuivat, karheat, halkeilevat k\u00e4det tai jalat? Riittoisa ja helposti imeytyv\u00e4 palavoide pit\u00e4\u00e4 ihosi pehme\u00e4n\u00e4 ja kulkee n\u00e4pp\u00e4r\u00e4sti jopa lentokoneessa!\",\"breadcrumb\":{\"@id\":\"https:\\\/\\\/ihanpihkassa.fi\\\/kauppa\\\/tehokosteuttava-palavoide-appelsiini\\\/#breadcrumb\"},\"inLanguage\":\"en-GB\",\"potentialAction\":[{\"@type\":\"ReadAction\",\"target\":[\"https:\\\/\\\/ihanpihkassa.fi\\\/kauppa\\\/tehokosteuttava-palavoide-appelsiini\\\/\"]}]},{\"@type\":\"ImageObject\",\"inLanguage\":\"en-GB\",\"@id\":\"https:\\\/\\\/ihanpihkassa.fi\\\/kauppa\\\/tehokosteuttava-palavoide-appelsiini\\\/#primaryimage\",\"url\":\"https:\\\/\\\/i0.wp.com\\\/ihanpihkassa.fi\\\/wp-content\\\/uploads\\\/2025\\\/10\\\/Ihan-Pihkassa-Arctic-Soapery-palavoide-appelsiini.jpg?fit=3454%2C2366&ssl=1\",\"contentUrl\":\"https:\\\/\\\/i0.wp.com\\\/ihanpihkassa.fi\\\/wp-content\\\/uploads\\\/2025\\\/10\\\/Ihan-Pihkassa-Arctic-Soapery-palavoide-appelsiini.jpg?fit=3454%2C2366&ssl=1\",\"width\":3454,\"height\":2366,\"caption\":\"Ihan Pihkassa Arctic Soapery palavoide appelsiini\"},{\"@type\":\"BreadcrumbList\",\"@id\":\"https:\\\/\\\/ihanpihkassa.fi\\\/kauppa\\\/tehokosteuttava-palavoide-appelsiini\\\/#breadcrumb\",\"itemListElement\":[{\"@type\":\"ListItem\",\"position\":1,\"name\":\"Etusivu\",\"item\":\"https:\\\/\\\/ihanpihkassa.fi\\\/\"},{\"@type\":\"ListItem\",\"position\":2,\"name\":\"Kauppa\",\"item\":\"https:\\\/\\\/ihanpihkassa.fi\\\/kauppa\\\/\"},{\"@type\":\"ListItem\",\"position\":3,\"name\":\"Tehokosteuttava palavoide &#8211; Appelsiini\"}]},{\"@type\":\"WebSite\",\"@id\":\"https:\\\/\\\/ihanpihkassa.fi\\\/en\\\/#website\",\"url\":\"https:\\\/\\\/ihanpihkassa.fi\\\/en\\\/\",\"name\":\"IHAN PIHKASSA\",\"description\":\"Suomalaista luonnonkosmetiikkaa ihon hyvinvointiin\",\"publisher\":{\"@id\":\"https:\\\/\\\/ihanpihkassa.fi\\\/en\\\/#organization\"},\"potentialAction\":[{\"@type\":\"SearchAction\",\"target\":{\"@type\":\"EntryPoint\",\"urlTemplate\":\"https:\\\/\\\/ihanpihkassa.fi\\\/en\\\/?s={search_term_string}\"},\"query-input\":{\"@type\":\"PropertyValueSpecification\",\"valueRequired\":true,\"valueName\":\"search_term_string\"}}],\"inLanguage\":\"en-GB\"},{\"@type\":\"Organization\",\"@id\":\"https:\\\/\\\/ihanpihkassa.fi\\\/en\\\/#organization\",\"name\":\"Ihan Pihkassa\",\"url\":\"https:\\\/\\\/ihanpihkassa.fi\\\/en\\\/\",\"logo\":{\"@type\":\"ImageObject\",\"inLanguage\":\"en-GB\",\"@id\":\"https:\\\/\\\/ihanpihkassa.fi\\\/en\\\/#\\\/schema\\\/logo\\\/image\\\/\",\"url\":\"https:\\\/\\\/ihanpihkassa.fi\\\/wp-content\\\/uploads\\\/2020\\\/10\\\/ihan_pihkassa_logo.jpg\",\"contentUrl\":\"https:\\\/\\\/ihanpihkassa.fi\\\/wp-content\\\/uploads\\\/2020\\\/10\\\/ihan_pihkassa_logo.jpg\",\"width\":1458,\"height\":1077,\"caption\":\"Ihan Pihkassa\"},\"image\":{\"@id\":\"https:\\\/\\\/ihanpihkassa.fi\\\/en\\\/#\\\/schema\\\/logo\\\/image\\\/\"},\"sameAs\":[\"https:\\\/\\\/www.facebook.com\\\/Ihan-Pihkassa-108668044044119\",\"https:\\\/\\\/www.instagram.com\\\/ihan_pihkassa\\\/\",\"https:\\\/\\\/www.linkedin.com\\\/company\\\/68258403\\\/admin\\\/\",\"https:\\\/\\\/fi.pinterest.com\\\/ihanpihkassa\\\/\",\"https:\\\/\\\/www.youtube.com\\\/channel\\\/UC4QPAvQFMnzN-_t_dSjAWcw\"]}]}<\/script>\n<!-- \/ Yoast SEO plugin. -->","yoast_head_json":{"title":"Tehokosteuttava palavoide - Appelsiini - IHAN PIHKASSA","description":"Kuivat, karheat, halkeilevat k\u00e4det tai jalat? Riittoisa ja helposti imeytyv\u00e4 palavoide pit\u00e4\u00e4 ihosi pehme\u00e4n\u00e4 ja kulkee n\u00e4pp\u00e4r\u00e4sti jopa lentokoneessa!","robots":{"index":"index","follow":"follow","max-snippet":"max-snippet:-1","max-image-preview":"max-image-preview:large","max-video-preview":"max-video-preview:-1"},"canonical":"https:\/\/ihanpihkassa.fi\/en\/kauppa\/tehokosteuttava-palavoide-appelsiini\/","og_locale":"en_GB","og_type":"article","og_title":"Tehokosteuttava palavoide - Appelsiini - IHAN PIHKASSA","og_description":"Kuivat, karheat, halkeilevat k\u00e4det tai jalat? Riittoisa ja helposti imeytyv\u00e4 palavoide pit\u00e4\u00e4 ihosi pehme\u00e4n\u00e4 ja kulkee n\u00e4pp\u00e4r\u00e4sti jopa lentokoneessa!","og_url":"https:\/\/ihanpihkassa.fi\/en\/kauppa\/tehokosteuttava-palavoide-appelsiini\/","og_site_name":"IHAN PIHKASSA","article_publisher":"https:\/\/www.facebook.com\/Ihan-Pihkassa-108668044044119","article_modified_time":"2026-01-22T14:19:32+00:00","og_image":[{"width":3454,"height":2366,"url":"https:\/\/ihanpihkassa.fi\/wp-content\/uploads\/2025\/10\/Ihan-Pihkassa-Arctic-Soapery-palavoide-appelsiini.jpg","type":"image\/jpeg"}],"twitter_card":"summary_large_image","twitter_misc":{"Estimated reading time":"2 minutes"},"schema":{"@context":"https:\/\/schema.org","@graph":[{"@type":"WebPage","@id":"https:\/\/ihanpihkassa.fi\/kauppa\/tehokosteuttava-palavoide-appelsiini\/","url":"https:\/\/ihanpihkassa.fi\/kauppa\/tehokosteuttava-palavoide-appelsiini\/","name":"Tehokosteuttava palavoide - Appelsiini - IHAN PIHKASSA","isPartOf":{"@id":"https:\/\/ihanpihkassa.fi\/en\/#website"},"primaryImageOfPage":{"@id":"https:\/\/ihanpihkassa.fi\/kauppa\/tehokosteuttava-palavoide-appelsiini\/#primaryimage"},"image":{"@id":"https:\/\/ihanpihkassa.fi\/kauppa\/tehokosteuttava-palavoide-appelsiini\/#primaryimage"},"thumbnailUrl":"https:\/\/i0.wp.com\/ihanpihkassa.fi\/wp-content\/uploads\/2025\/10\/Ihan-Pihkassa-Arctic-Soapery-palavoide-appelsiini.jpg?fit=3454%2C2366&ssl=1","datePublished":"2025-10-25T16:10:15+00:00","dateModified":"2026-01-22T14:19:32+00:00","description":"Kuivat, karheat, halkeilevat k\u00e4det tai jalat? Riittoisa ja helposti imeytyv\u00e4 palavoide pit\u00e4\u00e4 ihosi pehme\u00e4n\u00e4 ja kulkee n\u00e4pp\u00e4r\u00e4sti jopa lentokoneessa!","breadcrumb":{"@id":"https:\/\/ihanpihkassa.fi\/kauppa\/tehokosteuttava-palavoide-appelsiini\/#breadcrumb"},"inLanguage":"en-GB","potentialAction":[{"@type":"ReadAction","target":["https:\/\/ihanpihkassa.fi\/kauppa\/tehokosteuttava-palavoide-appelsiini\/"]}]},{"@type":"ImageObject","inLanguage":"en-GB","@id":"https:\/\/ihanpihkassa.fi\/kauppa\/tehokosteuttava-palavoide-appelsiini\/#primaryimage","url":"https:\/\/i0.wp.com\/ihanpihkassa.fi\/wp-content\/uploads\/2025\/10\/Ihan-Pihkassa-Arctic-Soapery-palavoide-appelsiini.jpg?fit=3454%2C2366&ssl=1","contentUrl":"https:\/\/i0.wp.com\/ihanpihkassa.fi\/wp-content\/uploads\/2025\/10\/Ihan-Pihkassa-Arctic-Soapery-palavoide-appelsiini.jpg?fit=3454%2C2366&ssl=1","width":3454,"height":2366,"caption":"Ihan Pihkassa Arctic Soapery palavoide appelsiini"},{"@type":"BreadcrumbList","@id":"https:\/\/ihanpihkassa.fi\/kauppa\/tehokosteuttava-palavoide-appelsiini\/#breadcrumb","itemListElement":[{"@type":"ListItem","position":1,"name":"Etusivu","item":"https:\/\/ihanpihkassa.fi\/"},{"@type":"ListItem","position":2,"name":"Kauppa","item":"https:\/\/ihanpihkassa.fi\/kauppa\/"},{"@type":"ListItem","position":3,"name":"Tehokosteuttava palavoide &#8211; Appelsiini"}]},{"@type":"WebSite","@id":"https:\/\/ihanpihkassa.fi\/en\/#website","url":"https:\/\/ihanpihkassa.fi\/en\/","name":"IHAN PIHKASSA","description":"Finnish natural cosmetics for the wellbeing of your skin","publisher":{"@id":"https:\/\/ihanpihkassa.fi\/en\/#organization"},"potentialAction":[{"@type":"SearchAction","target":{"@type":"EntryPoint","urlTemplate":"https:\/\/ihanpihkassa.fi\/en\/?s={search_term_string}"},"query-input":{"@type":"PropertyValueSpecification","valueRequired":true,"valueName":"search_term_string"}}],"inLanguage":"en-GB"},{"@type":"Organization","@id":"https:\/\/ihanpihkassa.fi\/en\/#organization","name":"Ihan Pihkassa","url":"https:\/\/ihanpihkassa.fi\/en\/","logo":{"@type":"ImageObject","inLanguage":"en-GB","@id":"https:\/\/ihanpihkassa.fi\/en\/#\/schema\/logo\/image\/","url":"https:\/\/ihanpihkassa.fi\/wp-content\/uploads\/2020\/10\/ihan_pihkassa_logo.jpg","contentUrl":"https:\/\/ihanpihkassa.fi\/wp-content\/uploads\/2020\/10\/ihan_pihkassa_logo.jpg","width":1458,"height":1077,"caption":"Ihan Pihkassa"},"image":{"@id":"https:\/\/ihanpihkassa.fi\/en\/#\/schema\/logo\/image\/"},"sameAs":["https:\/\/www.facebook.com\/Ihan-Pihkassa-108668044044119","https:\/\/www.instagram.com\/ihan_pihkassa\/","https:\/\/www.linkedin.com\/company\/68258403\/admin\/","https:\/\/fi.pinterest.com\/ihanpihkassa\/","https:\/\/www.youtube.com\/channel\/UC4QPAvQFMnzN-_t_dSjAWcw"]}]}},"jetpack_publicize_connections":[],"jetpack_likes_enabled":false,"jetpack_sharing_enabled":true,"_links":{"self":[{"href":"https:\/\/ihanpihkassa.fi\/en\/wp-json\/wp\/v2\/product\/6043","targetHints":{"allow":["GET"]}}],"collection":[{"href":"https:\/\/ihanpihkassa.fi\/en\/wp-json\/wp\/v2\/product"}],"about":[{"href":"https:\/\/ihanpihkassa.fi\/en\/wp-json\/wp\/v2\/types\/product"}],"replies":[{"embeddable":true,"href":"https:\/\/ihanpihkassa.fi\/en\/wp-json\/wp\/v2\/comments?post=6043"}],"wp:featuredmedia":[{"embeddable":true,"href":"https:\/\/ihanpihkassa.fi\/en\/wp-json\/wp\/v2\/media\/6048"}],"wp:attachment":[{"href":"https:\/\/ihanpihkassa.fi\/en\/wp-json\/wp\/v2\/media?parent=6043"}],"wp:term":[{"taxonomy":"product_brand","embeddable":true,"href":"https:\/\/ihanpihkassa.fi\/en\/wp-json\/wp\/v2\/product_brand?post=6043"},{"taxonomy":"product_cat","embeddable":true,"href":"https:\/\/ihanpihkassa.fi\/en\/wp-json\/wp\/v2\/product_cat?post=6043"},{"taxonomy":"product_tag","embeddable":true,"href":"https:\/\/ihanpihkassa.fi\/en\/wp-json\/wp\/v2\/product_tag?post=6043"}],"curies":[{"name":"wp","href":"https:\/\/api.w.org\/{rel}","templated":true}]}}