{"id":6540,"date":"2026-04-12T20:58:30","date_gmt":"2026-04-12T17:58:30","guid":{"rendered":"https:\/\/ihanpihkassa.fi\/?post_type=product&#038;p=6540"},"modified":"2026-04-12T21:07:14","modified_gmt":"2026-04-12T18:07:14","slug":"sitrus-deodoranttivoide","status":"publish","type":"product","link":"https:\/\/ihanpihkassa.fi\/en\/kauppa\/sitrus-deodoranttivoide\/","title":{"rendered":"Sitrus deodoranttivoide"},"content":{"rendered":"<p>Pirte\u00e4n tuoksuinen ja luonnollinen deodoranttivoide sopii my\u00f6s herkemmille kainaloille. Levit\u00e4 n. herneen kokoinen nokare voidetta puhtaisiin kainaloihin. Voide imeytyy ihoon nopeasti ja tuntuu miellytt\u00e4v\u00e4lt\u00e4.<\/p>\n<p>Luonnon aineet neutraloivat hien hajua ja mm. jojoba\u00f6ljy ja sheavoi hoitavat kainaloiden ihoa.<\/p>\n<p>Kun otat ensimm\u00e4ist\u00e4 kertaa luonnondeodorantin k\u00e4ytt\u00f6\u00f6n, voi iholla menn\u00e4 muutama viikko tottua siihen. T\u00e4m\u00e4 johtuu siit\u00e4, ett\u00e4 ihohuokoset p\u00e4\u00e4sev\u00e4t pitk\u00e4st\u00e4 aikaa taas toimimaan kunnolla. Hienhajua voi siis joillain esiinty\u00e4 deodoranttivoiteen k\u00e4yt\u00f6n alkuvaiheessa.<\/p>\n<p>S\u00e4ilyt\u00e4 tuotetta huoneenl\u00e4mm\u00f6ss\u00e4 ja auringonvalolta suojattuna.<\/p>\n<p>Ainesosat: Sheavoi, Arrowjuurijauhe, Sooda, Kookosrasva, Riisinlesevaha, Jojoba\u00f6ljy, Sinkkirisiinioleaatti, E-vitamiini, Limen eteerinen \u00f6ljy, Appelsiinin eteerinen \u00f6ljy, Sitruunan eteerinen \u00f6ljy.<\/p>\n<p>Valmistaja: Salmen Suopa, Turku.<\/p>","protected":false},"excerpt":{"rendered":"<p>Pirte\u00e4n tuoksuinen ja luonnollinen deodoranttivoide sopii my\u00f6s herkemmille kainaloille. Levit\u00e4 n. herneen kokoinen nokare voidetta puhtaisiin kainaloihin. Voide imeytyy ihoon nopeasti ja tuntuu miellytt\u00e4v\u00e4lt\u00e4.<\/p>\n<p>Luonnon aineet neutraloivat hien hajua ja mm. jojoba\u00f6ljy ja sheavoi hoitavat kainaloiden ihoa.<\/p>","protected":false},"featured_media":6542,"comment_status":"open","ping_status":"closed","template":"","meta":{"_coblocks_attr":"","_coblocks_dimensions":"","_coblocks_responsive_height":"","_coblocks_accordion_ie_support":"","_crdt_document":"","jetpack_publicize_message":"","jetpack_publicize_feature_enabled":true,"jetpack_social_post_already_shared":true,"jetpack_social_options":{"image_generator_settings":{"template":"highway","default_image_id":0,"font":"","enabled":false},"version":2},"_wpas_customize_per_network":false},"product_brand":[],"product_cat":[],"product_tag":[],"class_list":{"0":"post-6540","1":"product","2":"type-product","3":"status-publish","4":"has-post-thumbnail","6":"entry","8":"first","9":"instock","10":"taxable","11":"shipping-taxable","12":"purchasable","13":"product-type-simple"},"yoast_head":"<!-- This site is optimized with the Yoast SEO plugin v27.5 - https:\/\/yoast.com\/product\/yoast-seo-wordpress\/ -->\n<title>Sitrus deodoranttivoide - IHAN PIHKASSA<\/title>\n<meta name=\"robots\" content=\"index, follow, max-snippet:-1, max-image-preview:large, max-video-preview:-1\" \/>\n<link rel=\"canonical\" href=\"https:\/\/ihanpihkassa.fi\/en\/kauppa\/sitrus-deodoranttivoide\/\" \/>\n<meta property=\"og:locale\" content=\"en_GB\" \/>\n<meta property=\"og:type\" content=\"article\" \/>\n<meta property=\"og:title\" content=\"Sitrus deodoranttivoide - IHAN PIHKASSA\" \/>\n<meta property=\"og:description\" content=\"Pirte\u00e4n tuoksuinen ja luonnollinen deodoranttivoide sopii my\u00f6s herkemmille kainaloille. Levit\u00e4 n. herneen kokoinen nokare voidetta puhtaisiin kainaloihin. Voide imeytyy ihoon nopeasti ja tuntuu miellytt\u00e4v\u00e4lt\u00e4.  Luonnon aineet neutraloivat hien hajua ja mm. jojoba\u00f6ljy ja sheavoi hoitavat kainaloiden ihoa.\" \/>\n<meta property=\"og:url\" content=\"https:\/\/ihanpihkassa.fi\/en\/kauppa\/sitrus-deodoranttivoide\/\" \/>\n<meta property=\"og:site_name\" content=\"IHAN PIHKASSA\" \/>\n<meta property=\"article:publisher\" content=\"https:\/\/www.facebook.com\/Ihan-Pihkassa-108668044044119\" \/>\n<meta property=\"article:modified_time\" content=\"2026-04-12T18:07:14+00:00\" \/>\n<meta property=\"og:image\" content=\"https:\/\/ihanpihkassa.fi\/wp-content\/uploads\/2026\/04\/Ihan-Pihkassa-luonnollinen-deodoranttivoide-Salmen-Suopa-sitrus-1024x768.jpg\" \/>\n\t<meta property=\"og:image:width\" content=\"1024\" \/>\n\t<meta property=\"og:image:height\" content=\"768\" \/>\n\t<meta property=\"og:image:type\" content=\"image\/jpeg\" \/>\n<meta name=\"twitter:card\" content=\"summary_large_image\" \/>\n<meta name=\"twitter:label1\" content=\"Estimated reading time\" \/>\n\t<meta name=\"twitter:data1\" content=\"1 minute\" \/>\n<script type=\"application\/ld+json\" class=\"yoast-schema-graph\">{\"@context\":\"https:\\\/\\\/schema.org\",\"@graph\":[{\"@type\":\"WebPage\",\"@id\":\"https:\\\/\\\/ihanpihkassa.fi\\\/kauppa\\\/sitrus-deodoranttivoide\\\/\",\"url\":\"https:\\\/\\\/ihanpihkassa.fi\\\/kauppa\\\/sitrus-deodoranttivoide\\\/\",\"name\":\"Sitrus deodoranttivoide - IHAN PIHKASSA\",\"isPartOf\":{\"@id\":\"https:\\\/\\\/ihanpihkassa.fi\\\/en\\\/#website\"},\"primaryImageOfPage\":{\"@id\":\"https:\\\/\\\/ihanpihkassa.fi\\\/kauppa\\\/sitrus-deodoranttivoide\\\/#primaryimage\"},\"image\":{\"@id\":\"https:\\\/\\\/ihanpihkassa.fi\\\/kauppa\\\/sitrus-deodoranttivoide\\\/#primaryimage\"},\"thumbnailUrl\":\"https:\\\/\\\/i0.wp.com\\\/ihanpihkassa.fi\\\/wp-content\\\/uploads\\\/2026\\\/04\\\/Ihan-Pihkassa-luonnollinen-deodoranttivoide-Salmen-Suopa-sitrus.jpg?fit=3867%2C2900&ssl=1\",\"datePublished\":\"2026-04-12T17:58:30+00:00\",\"dateModified\":\"2026-04-12T18:07:14+00:00\",\"breadcrumb\":{\"@id\":\"https:\\\/\\\/ihanpihkassa.fi\\\/kauppa\\\/sitrus-deodoranttivoide\\\/#breadcrumb\"},\"inLanguage\":\"en-GB\",\"potentialAction\":[{\"@type\":\"ReadAction\",\"target\":[\"https:\\\/\\\/ihanpihkassa.fi\\\/kauppa\\\/sitrus-deodoranttivoide\\\/\"]}]},{\"@type\":\"ImageObject\",\"inLanguage\":\"en-GB\",\"@id\":\"https:\\\/\\\/ihanpihkassa.fi\\\/kauppa\\\/sitrus-deodoranttivoide\\\/#primaryimage\",\"url\":\"https:\\\/\\\/i0.wp.com\\\/ihanpihkassa.fi\\\/wp-content\\\/uploads\\\/2026\\\/04\\\/Ihan-Pihkassa-luonnollinen-deodoranttivoide-Salmen-Suopa-sitrus.jpg?fit=3867%2C2900&ssl=1\",\"contentUrl\":\"https:\\\/\\\/i0.wp.com\\\/ihanpihkassa.fi\\\/wp-content\\\/uploads\\\/2026\\\/04\\\/Ihan-Pihkassa-luonnollinen-deodoranttivoide-Salmen-Suopa-sitrus.jpg?fit=3867%2C2900&ssl=1\",\"width\":3867,\"height\":2900,\"caption\":\"Ihan Pihkassa luonnollinen deodoranttivoide Salmen Suopa sitrus\"},{\"@type\":\"BreadcrumbList\",\"@id\":\"https:\\\/\\\/ihanpihkassa.fi\\\/kauppa\\\/sitrus-deodoranttivoide\\\/#breadcrumb\",\"itemListElement\":[{\"@type\":\"ListItem\",\"position\":1,\"name\":\"Etusivu\",\"item\":\"https:\\\/\\\/ihanpihkassa.fi\\\/\"},{\"@type\":\"ListItem\",\"position\":2,\"name\":\"Kauppa\",\"item\":\"https:\\\/\\\/ihanpihkassa.fi\\\/kauppa\\\/\"},{\"@type\":\"ListItem\",\"position\":3,\"name\":\"Sitrus deodoranttivoide\"}]},{\"@type\":\"WebSite\",\"@id\":\"https:\\\/\\\/ihanpihkassa.fi\\\/en\\\/#website\",\"url\":\"https:\\\/\\\/ihanpihkassa.fi\\\/en\\\/\",\"name\":\"IHAN PIHKASSA\",\"description\":\"Suomalaista luonnonkosmetiikkaa ihon hyvinvointiin\",\"publisher\":{\"@id\":\"https:\\\/\\\/ihanpihkassa.fi\\\/en\\\/#organization\"},\"potentialAction\":[{\"@type\":\"SearchAction\",\"target\":{\"@type\":\"EntryPoint\",\"urlTemplate\":\"https:\\\/\\\/ihanpihkassa.fi\\\/en\\\/?s={search_term_string}\"},\"query-input\":{\"@type\":\"PropertyValueSpecification\",\"valueRequired\":true,\"valueName\":\"search_term_string\"}}],\"inLanguage\":\"en-GB\"},{\"@type\":\"Organization\",\"@id\":\"https:\\\/\\\/ihanpihkassa.fi\\\/en\\\/#organization\",\"name\":\"Ihan Pihkassa\",\"url\":\"https:\\\/\\\/ihanpihkassa.fi\\\/en\\\/\",\"logo\":{\"@type\":\"ImageObject\",\"inLanguage\":\"en-GB\",\"@id\":\"https:\\\/\\\/ihanpihkassa.fi\\\/en\\\/#\\\/schema\\\/logo\\\/image\\\/\",\"url\":\"https:\\\/\\\/ihanpihkassa.fi\\\/wp-content\\\/uploads\\\/2020\\\/10\\\/ihan_pihkassa_logo.jpg\",\"contentUrl\":\"https:\\\/\\\/ihanpihkassa.fi\\\/wp-content\\\/uploads\\\/2020\\\/10\\\/ihan_pihkassa_logo.jpg\",\"width\":1458,\"height\":1077,\"caption\":\"Ihan Pihkassa\"},\"image\":{\"@id\":\"https:\\\/\\\/ihanpihkassa.fi\\\/en\\\/#\\\/schema\\\/logo\\\/image\\\/\"},\"sameAs\":[\"https:\\\/\\\/www.facebook.com\\\/Ihan-Pihkassa-108668044044119\",\"https:\\\/\\\/www.instagram.com\\\/ihan_pihkassa\\\/\",\"https:\\\/\\\/www.linkedin.com\\\/company\\\/68258403\\\/admin\\\/\",\"https:\\\/\\\/fi.pinterest.com\\\/ihanpihkassa\\\/\",\"https:\\\/\\\/www.youtube.com\\\/channel\\\/UC4QPAvQFMnzN-_t_dSjAWcw\"]}]}<\/script>\n<!-- \/ Yoast SEO plugin. -->","yoast_head_json":{"title":"Sitrus deodoranttivoide - IHAN PIHKASSA","robots":{"index":"index","follow":"follow","max-snippet":"max-snippet:-1","max-image-preview":"max-image-preview:large","max-video-preview":"max-video-preview:-1"},"canonical":"https:\/\/ihanpihkassa.fi\/en\/kauppa\/sitrus-deodoranttivoide\/","og_locale":"en_GB","og_type":"article","og_title":"Sitrus deodoranttivoide - IHAN PIHKASSA","og_description":"Pirte\u00e4n tuoksuinen ja luonnollinen deodoranttivoide sopii my\u00f6s herkemmille kainaloille. Levit\u00e4 n. herneen kokoinen nokare voidetta puhtaisiin kainaloihin. Voide imeytyy ihoon nopeasti ja tuntuu miellytt\u00e4v\u00e4lt\u00e4.  Luonnon aineet neutraloivat hien hajua ja mm. jojoba\u00f6ljy ja sheavoi hoitavat kainaloiden ihoa.","og_url":"https:\/\/ihanpihkassa.fi\/en\/kauppa\/sitrus-deodoranttivoide\/","og_site_name":"IHAN PIHKASSA","article_publisher":"https:\/\/www.facebook.com\/Ihan-Pihkassa-108668044044119","article_modified_time":"2026-04-12T18:07:14+00:00","og_image":[{"width":1024,"height":768,"url":"https:\/\/ihanpihkassa.fi\/wp-content\/uploads\/2026\/04\/Ihan-Pihkassa-luonnollinen-deodoranttivoide-Salmen-Suopa-sitrus-1024x768.jpg","type":"image\/jpeg"}],"twitter_card":"summary_large_image","twitter_misc":{"Estimated reading time":"1 minute"},"schema":{"@context":"https:\/\/schema.org","@graph":[{"@type":"WebPage","@id":"https:\/\/ihanpihkassa.fi\/kauppa\/sitrus-deodoranttivoide\/","url":"https:\/\/ihanpihkassa.fi\/kauppa\/sitrus-deodoranttivoide\/","name":"Sitrus deodoranttivoide - IHAN PIHKASSA","isPartOf":{"@id":"https:\/\/ihanpihkassa.fi\/en\/#website"},"primaryImageOfPage":{"@id":"https:\/\/ihanpihkassa.fi\/kauppa\/sitrus-deodoranttivoide\/#primaryimage"},"image":{"@id":"https:\/\/ihanpihkassa.fi\/kauppa\/sitrus-deodoranttivoide\/#primaryimage"},"thumbnailUrl":"https:\/\/i0.wp.com\/ihanpihkassa.fi\/wp-content\/uploads\/2026\/04\/Ihan-Pihkassa-luonnollinen-deodoranttivoide-Salmen-Suopa-sitrus.jpg?fit=3867%2C2900&ssl=1","datePublished":"2026-04-12T17:58:30+00:00","dateModified":"2026-04-12T18:07:14+00:00","breadcrumb":{"@id":"https:\/\/ihanpihkassa.fi\/kauppa\/sitrus-deodoranttivoide\/#breadcrumb"},"inLanguage":"en-GB","potentialAction":[{"@type":"ReadAction","target":["https:\/\/ihanpihkassa.fi\/kauppa\/sitrus-deodoranttivoide\/"]}]},{"@type":"ImageObject","inLanguage":"en-GB","@id":"https:\/\/ihanpihkassa.fi\/kauppa\/sitrus-deodoranttivoide\/#primaryimage","url":"https:\/\/i0.wp.com\/ihanpihkassa.fi\/wp-content\/uploads\/2026\/04\/Ihan-Pihkassa-luonnollinen-deodoranttivoide-Salmen-Suopa-sitrus.jpg?fit=3867%2C2900&ssl=1","contentUrl":"https:\/\/i0.wp.com\/ihanpihkassa.fi\/wp-content\/uploads\/2026\/04\/Ihan-Pihkassa-luonnollinen-deodoranttivoide-Salmen-Suopa-sitrus.jpg?fit=3867%2C2900&ssl=1","width":3867,"height":2900,"caption":"Ihan Pihkassa luonnollinen deodoranttivoide Salmen Suopa sitrus"},{"@type":"BreadcrumbList","@id":"https:\/\/ihanpihkassa.fi\/kauppa\/sitrus-deodoranttivoide\/#breadcrumb","itemListElement":[{"@type":"ListItem","position":1,"name":"Etusivu","item":"https:\/\/ihanpihkassa.fi\/"},{"@type":"ListItem","position":2,"name":"Kauppa","item":"https:\/\/ihanpihkassa.fi\/kauppa\/"},{"@type":"ListItem","position":3,"name":"Sitrus deodoranttivoide"}]},{"@type":"WebSite","@id":"https:\/\/ihanpihkassa.fi\/en\/#website","url":"https:\/\/ihanpihkassa.fi\/en\/","name":"IHAN PIHKASSA","description":"Finnish natural cosmetics for the wellbeing of your skin","publisher":{"@id":"https:\/\/ihanpihkassa.fi\/en\/#organization"},"potentialAction":[{"@type":"SearchAction","target":{"@type":"EntryPoint","urlTemplate":"https:\/\/ihanpihkassa.fi\/en\/?s={search_term_string}"},"query-input":{"@type":"PropertyValueSpecification","valueRequired":true,"valueName":"search_term_string"}}],"inLanguage":"en-GB"},{"@type":"Organization","@id":"https:\/\/ihanpihkassa.fi\/en\/#organization","name":"Ihan Pihkassa","url":"https:\/\/ihanpihkassa.fi\/en\/","logo":{"@type":"ImageObject","inLanguage":"en-GB","@id":"https:\/\/ihanpihkassa.fi\/en\/#\/schema\/logo\/image\/","url":"https:\/\/ihanpihkassa.fi\/wp-content\/uploads\/2020\/10\/ihan_pihkassa_logo.jpg","contentUrl":"https:\/\/ihanpihkassa.fi\/wp-content\/uploads\/2020\/10\/ihan_pihkassa_logo.jpg","width":1458,"height":1077,"caption":"Ihan Pihkassa"},"image":{"@id":"https:\/\/ihanpihkassa.fi\/en\/#\/schema\/logo\/image\/"},"sameAs":["https:\/\/www.facebook.com\/Ihan-Pihkassa-108668044044119","https:\/\/www.instagram.com\/ihan_pihkassa\/","https:\/\/www.linkedin.com\/company\/68258403\/admin\/","https:\/\/fi.pinterest.com\/ihanpihkassa\/","https:\/\/www.youtube.com\/channel\/UC4QPAvQFMnzN-_t_dSjAWcw"]}]}},"jetpack_publicize_connections":[],"jetpack_likes_enabled":false,"jetpack_sharing_enabled":true,"_links":{"self":[{"href":"https:\/\/ihanpihkassa.fi\/en\/wp-json\/wp\/v2\/product\/6540","targetHints":{"allow":["GET"]}}],"collection":[{"href":"https:\/\/ihanpihkassa.fi\/en\/wp-json\/wp\/v2\/product"}],"about":[{"href":"https:\/\/ihanpihkassa.fi\/en\/wp-json\/wp\/v2\/types\/product"}],"replies":[{"embeddable":true,"href":"https:\/\/ihanpihkassa.fi\/en\/wp-json\/wp\/v2\/comments?post=6540"}],"wp:featuredmedia":[{"embeddable":true,"href":"https:\/\/ihanpihkassa.fi\/en\/wp-json\/wp\/v2\/media\/6542"}],"wp:attachment":[{"href":"https:\/\/ihanpihkassa.fi\/en\/wp-json\/wp\/v2\/media?parent=6540"}],"wp:term":[{"taxonomy":"product_brand","embeddable":true,"href":"https:\/\/ihanpihkassa.fi\/en\/wp-json\/wp\/v2\/product_brand?post=6540"},{"taxonomy":"product_cat","embeddable":true,"href":"https:\/\/ihanpihkassa.fi\/en\/wp-json\/wp\/v2\/product_cat?post=6540"},{"taxonomy":"product_tag","embeddable":true,"href":"https:\/\/ihanpihkassa.fi\/en\/wp-json\/wp\/v2\/product_tag?post=6540"}],"curies":[{"name":"wp","href":"https:\/\/api.w.org\/{rel}","templated":true}]}}